{"id":1052,"date":"2024-05-31T12:01:28","date_gmt":"2024-05-31T12:01:28","guid":{"rendered":"https:\/\/turula.fi\/testaus\/"},"modified":"2024-07-25T12:48:08","modified_gmt":"2024-07-25T12:48:08","slug":"testaus","status":"publish","type":"page","link":"https:\/\/turula.fi\/fi\/testaus\/","title":{"rendered":"Testaus"},"content":{"rendered":"<p>[et_pb_section fb_built=&#8221;1&#8243; module_class=&#8221;hero&#8211;section header&#8211;section&#8221; _builder_version=&#8221;4.24.3&#8243; _module_preset=&#8221;default&#8221; use_background_color_gradient=&#8221;on&#8221; background_color_gradient_stops=&#8221;rgba(40,40,40,0.85) 0%|rgba(40,40,40,0.85) 100%&#8221; background_color_gradient_overlays_image=&#8221;on&#8221; background_image=&#8221;\/wp-content\/uploads\/2024\/04\/landing-page-header-placeholder.jpg&#8221; bottom_divider_style=&#8221;asymmetric&#8221; bottom_divider_color=&#8221;#FFFFFF&#8221; global_colors_info=&#8221;{}&#8221;][et_pb_row module_class=&#8221;hero&#8211;row&#8221; _builder_version=&#8221;4.24.3&#8243; _module_preset=&#8221;default&#8221; global_colors_info=&#8221;{}&#8221;][et_pb_column type=&#8221;4_4&#8243; _builder_version=&#8221;4.24.3&#8243; _module_preset=&#8221;default&#8221; global_colors_info=&#8221;{}&#8221;][et_pb_text admin_label=&#8221;Test Run&#8221; _builder_version=&#8221;4.25.1&#8243; _module_preset=&#8221;default&#8221; global_colors_info=&#8221;{}&#8221;]<\/p>\n<h1>Testaus<\/h1>\n<p>[\/et_pb_text][\/et_pb_column][\/et_pb_row][\/et_pb_section][et_pb_section fb_built=&#8221;1&#8243; module_class=&#8221;content&#8211;section bg&#8211;clear&#8221; _builder_version=&#8221;4.24.3&#8243; _module_preset=&#8221;default&#8221; global_colors_info=&#8221;{}&#8221;][et_pb_row column_structure=&#8221;1_2,1_2&#8243; make_equal=&#8221;on&#8221; module_class=&#8221;content&#8211;row&#8221; _builder_version=&#8221;4.24.3&#8243; _module_preset=&#8221;default&#8221; global_colors_info=&#8221;{}&#8221;][et_pb_column type=&#8221;1_2&#8243; module_class=&#8221;vertical-align-flex&#8221; _builder_version=&#8221;4.24.3&#8243; _module_preset=&#8221;default&#8221; global_colors_info=&#8221;{}&#8221;][et_pb_text admin_label=&#8221;Comprehensive Test Run Services&#8221; _builder_version=&#8221;4.24.3&#8243; _module_preset=&#8221;default&#8221; global_colors_info=&#8221;{}&#8221;]<\/p>\n<h2>Kattavat testauspalvelut<\/h2>\n<p>[\/et_pb_text][et_pb_text _builder_version=&#8221;4.25.1&#8243; _module_preset=&#8221;default&#8221; global_colors_info=&#8221;{}&#8221;]<\/p>\n<p>Koek\u00e4ytt\u00f6palvelumme varmistavat, ett\u00e4 koneesi toimii moitteettomasti ennen toimitusta lopulliseen paikkaan. Kehittyneiden tilojemme ja kokeneiden teknikkojemme avulla testaamme ja varmistamme huolellisesti laitteistosi suorituskyvyn, turvallisuuden ja tehokkuuden.<\/p>\n<p>[\/et_pb_text][et_pb_button button_url=&#8221;https:\/\/turula.fi\/fi\/yhteystiedot\/&#8221; button_text=&#8221;Ota yhteytt\u00e4&#8221; _builder_version=&#8221;4.24.3&#8243; _module_preset=&#8221;default&#8221; global_colors_info=&#8221;{}&#8221;][\/et_pb_button][\/et_pb_column][et_pb_column type=&#8221;1_2&#8243; module_class=&#8221;vertical-align-flex&#8221; _builder_version=&#8221;4.24.3&#8243; _module_preset=&#8221;default&#8221; global_colors_info=&#8221;{}&#8221;][et_pb_image src=&#8221;https:\/\/turula.fi\/wp-content\/uploads\/2024\/07\/Turula-Engineering-Web-Kuvat-18.jpg&#8221; title_text=&#8221;Turula-Engineering &#8211; Kattavat testauspalvelut&#8221; _builder_version=&#8221;4.25.1&#8243; _module_preset=&#8221;default&#8221; hover_enabled=&#8221;0&#8243; global_colors_info=&#8221;{}&#8221; alt=&#8221;Turula-Engineering &#8211; Kattavat testauspalvelut&#8221; sticky_enabled=&#8221;0&#8243;][\/et_pb_image][\/et_pb_column][\/et_pb_row][\/et_pb_section][et_pb_section fb_built=&#8221;1&#8243; module_class=&#8221;content&#8211;section bg&#8211;quintary with&#8211;divider&#8211;top&#8221; _builder_version=&#8221;4.24.3&#8243; _module_preset=&#8221;default&#8221; top_divider_style=&#8221;asymmetric&#8221; top_divider_color=&#8221;#ffffff&#8221; top_divider_flip=&#8221;horizontal|vertical&#8221; global_colors_info=&#8221;{}&#8221;][et_pb_row make_equal=&#8221;on&#8221; module_class=&#8221;content&#8211;row&#8221; _builder_version=&#8221;4.24.3&#8243; _module_preset=&#8221;default&#8221; global_colors_info=&#8221;{}&#8221;][et_pb_column type=&#8221;4_4&#8243; module_class=&#8221;vertical-align-flex&#8221; _builder_version=&#8221;4.24.3&#8243; _module_preset=&#8221;default&#8221; global_colors_info=&#8221;{}&#8221;][et_pb_text admin_label=&#8221;We offer top quality solutions&#8221; _builder_version=&#8221;4.24.3&#8243; _module_preset=&#8221;default&#8221; global_colors_info=&#8221;{}&#8221;]<\/p>\n<h3>Turula Engineering: <span>Testaus<\/span><\/h3>\n<p>[\/et_pb_text][et_pb_text _builder_version=&#8221;4.25.1&#8243; _module_preset=&#8221;default&#8221; global_colors_info=&#8221;{}&#8221;]<\/p>\n<p>Tarjoamme erikoistuneita testauspalveluita yrityksille, jotka tarvitsevat luotettavia laitteisto- ja tekniikkaratkaisuja. Turulassa ymm\u00e4rr\u00e4mme luotettavan laitteiston kriittisen t\u00e4rkeyden toiminnallisuudellesi. Perusteellinen testausprosessimme auttaa tunnistamaan ja ratkaisemaan mahdolliset ongelmat taaten ett\u00e4 laitteistosi t\u00e4ytt\u00e4\u00e4 korkeimmat laatu- ja suorituskykystandardit. Sitoutumisemme erinomaisuuteen, ajallaan tapahtuvaan toteutukseen ja poikkeukselliseen asiakaspalveluun takaavat korkealaatuiset ratkaisut.<\/p>\n<p>Turulassa ymm\u00e4rr\u00e4mme luotettavan laitteiston kriittisen t\u00e4rkeyden toiminnallisuudellesi. Perusteellinen testausprosessimme auttaa tunnistamaan ja ratkaisemaan mahdolliset ongelmat taaten ett\u00e4 laitteistosi t\u00e4ytt\u00e4\u00e4 korkeimmat laatu- ja suorituskykystandardit.<\/p>\n<p>Ota yhteytt\u00e4 keskustellaksesi koek\u00e4ytt\u00f6vaatimuksistasi ja saadaksesi selville, kuinka Turula voi auttaa varmistamaan, ett\u00e4 koneesi ovat valmiita optimaaliseen toimintaan.<\/p>\n<p>[\/et_pb_text][et_pb_button button_url=&#8221;https:\/\/turula.fi\/fi\/yhteystiedot\/&#8221; button_text=&#8221;Ota yhteytt\u00e4&#8221; _builder_version=&#8221;4.24.3&#8243; _module_preset=&#8221;default&#8221; global_colors_info=&#8221;{}&#8221;][\/et_pb_button][\/et_pb_column][\/et_pb_row][\/et_pb_section]<\/p>\n","protected":false},"excerpt":{"rendered":"<p>TestausKattavat testauspalvelutKoek\u00e4ytt\u00f6palvelumme varmistavat, ett\u00e4 koneesi toimii moitteettomasti ennen toimitusta lopulliseen paikkaan. Kehittyneiden tilojemme ja kokeneiden teknikkojemme avulla testaamme ja varmistamme huolellisesti laitteistosi suorituskyvyn, turvallisuuden ja tehokkuuden.Turula Engineering: TestausTarjoamme erikoistuneita testauspalveluita yrityksille, jotka tarvitsevat luotettavia laitteisto- ja tekniikkaratkaisuja. Turulassa ymm\u00e4rr\u00e4mme luotettavan laitteiston kriittisen t\u00e4rkeyden toiminnallisuudellesi. Perusteellinen testausprosessimme auttaa tunnistamaan ja ratkaisemaan mahdolliset ongelmat taaten ett\u00e4 laitteistosi [&hellip;]<\/p>\n","protected":false},"author":1,"featured_media":0,"parent":0,"menu_order":0,"comment_status":"closed","ping_status":"closed","template":"","meta":{"_et_pb_use_builder":"on","_et_pb_old_content":"","_et_gb_content_width":"","footnotes":""},"class_list":["post-1052","page","type-page","status-publish","hentry"],"yoast_head":"<!-- This site is optimized with the Yoast SEO plugin v26.9 - https:\/\/yoast.com\/product\/yoast-seo-wordpress\/ -->\n<title>Testaus - Turula Engineering<\/title>\n<meta name=\"description\" content=\"Kattavat koek\u00e4ytt\u00f6palvelut Turula Engineeringilt\u00e4. Varmista koneidesi moitteeton toiminta ennen t\u00e4ysimittaista tuotantoa edistyneill\u00e4 tiloillamme ja kokeneiden teknikoidemme avulla. Perusteellinen testausprosessimme tunnistaa ja ratkaisee ongelmat, taaten korkeat laatu- ja suorituskykyvaatimukset. Luota Turulaan erinomaisuuden, oikea-aikaisen toteutuksen ja poikkeuksellisen asiakaspalvelun osalta.\" \/>\n<meta name=\"robots\" content=\"index, follow, max-snippet:-1, max-image-preview:large, max-video-preview:-1\" \/>\n<link rel=\"canonical\" href=\"https:\/\/turula.fi\/fi\/testaus\/\" \/>\n<meta property=\"og:locale\" content=\"fi_FI\" \/>\n<meta property=\"og:type\" content=\"article\" \/>\n<meta property=\"og:title\" content=\"Testaus - Turula Engineering\" \/>\n<meta property=\"og:description\" content=\"Kattavat koek\u00e4ytt\u00f6palvelut Turula Engineeringilt\u00e4. Varmista koneidesi moitteeton toiminta ennen t\u00e4ysimittaista tuotantoa edistyneill\u00e4 tiloillamme ja kokeneiden teknikoidemme avulla. Perusteellinen testausprosessimme tunnistaa ja ratkaisee ongelmat, taaten korkeat laatu- ja suorituskykyvaatimukset. Luota Turulaan erinomaisuuden, oikea-aikaisen toteutuksen ja poikkeuksellisen asiakaspalvelun osalta.\" \/>\n<meta property=\"og:url\" content=\"https:\/\/turula.fi\/fi\/testaus\/\" \/>\n<meta property=\"og:site_name\" content=\"Turula Engineering\" \/>\n<meta property=\"article:modified_time\" content=\"2024-07-25T12:48:08+00:00\" \/>\n<meta name=\"twitter:card\" content=\"summary_large_image\" \/>\n<meta name=\"twitter:label1\" content=\"Arvioitu lukuaika\" \/>\n\t<meta name=\"twitter:data1\" content=\"3 minuuttia\" \/>\n<script type=\"application\/ld+json\" class=\"yoast-schema-graph\">{\"@context\":\"https:\/\/schema.org\",\"@graph\":[{\"@type\":\"WebPage\",\"@id\":\"https:\/\/turula.fi\/fi\/testaus\/\",\"url\":\"https:\/\/turula.fi\/fi\/testaus\/\",\"name\":\"Testaus - Turula Engineering\",\"isPartOf\":{\"@id\":\"https:\/\/turula.fi\/fi\/#website\"},\"datePublished\":\"2024-05-31T12:01:28+00:00\",\"dateModified\":\"2024-07-25T12:48:08+00:00\",\"description\":\"Kattavat koek\u00e4ytt\u00f6palvelut Turula Engineeringilt\u00e4. Varmista koneidesi moitteeton toiminta ennen t\u00e4ysimittaista tuotantoa edistyneill\u00e4 tiloillamme ja kokeneiden teknikoidemme avulla. Perusteellinen testausprosessimme tunnistaa ja ratkaisee ongelmat, taaten korkeat laatu- ja suorituskykyvaatimukset. Luota Turulaan erinomaisuuden, oikea-aikaisen toteutuksen ja poikkeuksellisen asiakaspalvelun osalta.\",\"breadcrumb\":{\"@id\":\"https:\/\/turula.fi\/fi\/testaus\/#breadcrumb\"},\"inLanguage\":\"fi\",\"potentialAction\":[{\"@type\":\"ReadAction\",\"target\":[\"https:\/\/turula.fi\/fi\/testaus\/\"]}]},{\"@type\":\"BreadcrumbList\",\"@id\":\"https:\/\/turula.fi\/fi\/testaus\/#breadcrumb\",\"itemListElement\":[{\"@type\":\"ListItem\",\"position\":1,\"name\":\"Home\",\"item\":\"https:\/\/turula.fi\/fi\/\"},{\"@type\":\"ListItem\",\"position\":2,\"name\":\"Testaus\"}]},{\"@type\":\"WebSite\",\"@id\":\"https:\/\/turula.fi\/fi\/#website\",\"url\":\"https:\/\/turula.fi\/fi\/\",\"name\":\"Turula Engineering\",\"description\":\"\",\"potentialAction\":[{\"@type\":\"SearchAction\",\"target\":{\"@type\":\"EntryPoint\",\"urlTemplate\":\"https:\/\/turula.fi\/fi\/?s={search_term_string}\"},\"query-input\":{\"@type\":\"PropertyValueSpecification\",\"valueRequired\":true,\"valueName\":\"search_term_string\"}}],\"inLanguage\":\"fi\"}]}<\/script>\n<!-- \/ Yoast SEO plugin. -->","yoast_head_json":{"title":"Testaus - Turula Engineering","description":"Kattavat koek\u00e4ytt\u00f6palvelut Turula Engineeringilt\u00e4. Varmista koneidesi moitteeton toiminta ennen t\u00e4ysimittaista tuotantoa edistyneill\u00e4 tiloillamme ja kokeneiden teknikoidemme avulla. Perusteellinen testausprosessimme tunnistaa ja ratkaisee ongelmat, taaten korkeat laatu- ja suorituskykyvaatimukset. Luota Turulaan erinomaisuuden, oikea-aikaisen toteutuksen ja poikkeuksellisen asiakaspalvelun osalta.","robots":{"index":"index","follow":"follow","max-snippet":"max-snippet:-1","max-image-preview":"max-image-preview:large","max-video-preview":"max-video-preview:-1"},"canonical":"https:\/\/turula.fi\/fi\/testaus\/","og_locale":"fi_FI","og_type":"article","og_title":"Testaus - Turula Engineering","og_description":"Kattavat koek\u00e4ytt\u00f6palvelut Turula Engineeringilt\u00e4. Varmista koneidesi moitteeton toiminta ennen t\u00e4ysimittaista tuotantoa edistyneill\u00e4 tiloillamme ja kokeneiden teknikoidemme avulla. Perusteellinen testausprosessimme tunnistaa ja ratkaisee ongelmat, taaten korkeat laatu- ja suorituskykyvaatimukset. Luota Turulaan erinomaisuuden, oikea-aikaisen toteutuksen ja poikkeuksellisen asiakaspalvelun osalta.","og_url":"https:\/\/turula.fi\/fi\/testaus\/","og_site_name":"Turula Engineering","article_modified_time":"2024-07-25T12:48:08+00:00","twitter_card":"summary_large_image","twitter_misc":{"Arvioitu lukuaika":"3 minuuttia"},"schema":{"@context":"https:\/\/schema.org","@graph":[{"@type":"WebPage","@id":"https:\/\/turula.fi\/fi\/testaus\/","url":"https:\/\/turula.fi\/fi\/testaus\/","name":"Testaus - Turula Engineering","isPartOf":{"@id":"https:\/\/turula.fi\/fi\/#website"},"datePublished":"2024-05-31T12:01:28+00:00","dateModified":"2024-07-25T12:48:08+00:00","description":"Kattavat koek\u00e4ytt\u00f6palvelut Turula Engineeringilt\u00e4. Varmista koneidesi moitteeton toiminta ennen t\u00e4ysimittaista tuotantoa edistyneill\u00e4 tiloillamme ja kokeneiden teknikoidemme avulla. Perusteellinen testausprosessimme tunnistaa ja ratkaisee ongelmat, taaten korkeat laatu- ja suorituskykyvaatimukset. Luota Turulaan erinomaisuuden, oikea-aikaisen toteutuksen ja poikkeuksellisen asiakaspalvelun osalta.","breadcrumb":{"@id":"https:\/\/turula.fi\/fi\/testaus\/#breadcrumb"},"inLanguage":"fi","potentialAction":[{"@type":"ReadAction","target":["https:\/\/turula.fi\/fi\/testaus\/"]}]},{"@type":"BreadcrumbList","@id":"https:\/\/turula.fi\/fi\/testaus\/#breadcrumb","itemListElement":[{"@type":"ListItem","position":1,"name":"Home","item":"https:\/\/turula.fi\/fi\/"},{"@type":"ListItem","position":2,"name":"Testaus"}]},{"@type":"WebSite","@id":"https:\/\/turula.fi\/fi\/#website","url":"https:\/\/turula.fi\/fi\/","name":"Turula Engineering","description":"","potentialAction":[{"@type":"SearchAction","target":{"@type":"EntryPoint","urlTemplate":"https:\/\/turula.fi\/fi\/?s={search_term_string}"},"query-input":{"@type":"PropertyValueSpecification","valueRequired":true,"valueName":"search_term_string"}}],"inLanguage":"fi"}]}},"_links":{"self":[{"href":"https:\/\/turula.fi\/fi\/wp-json\/wp\/v2\/pages\/1052","targetHints":{"allow":["GET"]}}],"collection":[{"href":"https:\/\/turula.fi\/fi\/wp-json\/wp\/v2\/pages"}],"about":[{"href":"https:\/\/turula.fi\/fi\/wp-json\/wp\/v2\/types\/page"}],"author":[{"embeddable":true,"href":"https:\/\/turula.fi\/fi\/wp-json\/wp\/v2\/users\/1"}],"replies":[{"embeddable":true,"href":"https:\/\/turula.fi\/fi\/wp-json\/wp\/v2\/comments?post=1052"}],"version-history":[{"count":5,"href":"https:\/\/turula.fi\/fi\/wp-json\/wp\/v2\/pages\/1052\/revisions"}],"predecessor-version":[{"id":1341,"href":"https:\/\/turula.fi\/fi\/wp-json\/wp\/v2\/pages\/1052\/revisions\/1341"}],"wp:attachment":[{"href":"https:\/\/turula.fi\/fi\/wp-json\/wp\/v2\/media?parent=1052"}],"curies":[{"name":"wp","href":"https:\/\/api.w.org\/{rel}","templated":true}]}}