{"id":1381,"date":"2024-06-14T11:25:02","date_gmt":"2024-06-14T11:25:02","guid":{"rendered":"https:\/\/turula.fi\/vaakajyrsinta\/"},"modified":"2026-04-14T12:16:16","modified_gmt":"2026-04-14T12:16:16","slug":"aarporaus","status":"publish","type":"page","link":"https:\/\/turula.fi\/fi\/aarporaus\/","title":{"rendered":"Aarporaus"},"content":{"rendered":"<p>[et_pb_section fb_built=&#8221;1&#8243; module_class=&#8221;hero&#8211;section header&#8211;section&#8221; _builder_version=&#8221;4.25.1&#8243; _module_preset=&#8221;default&#8221; use_background_color_gradient=&#8221;on&#8221; background_color_gradient_stops=&#8221;rgba(40,40,40,0.85) 0%|rgba(40,40,40,0.85) 100%&#8221; background_color_gradient_overlays_image=&#8221;on&#8221; background_image=&#8221;https:\/\/turula.fi\/wp-content\/uploads\/2024\/07\/Turula-Engineering-Web-Kuvat-2-1.jpg&#8221; bottom_divider_style=&#8221;asymmetric&#8221; bottom_divider_color=&#8221;#FFFFFF&#8221; global_colors_info=&#8221;{}&#8221;][et_pb_row module_class=&#8221;hero&#8211;row&#8221; _builder_version=&#8221;4.24.3&#8243; _module_preset=&#8221;default&#8221; global_colors_info=&#8221;{}&#8221;][et_pb_column type=&#8221;4_4&#8243; _builder_version=&#8221;4.24.3&#8243; _module_preset=&#8221;default&#8221; global_colors_info=&#8221;{}&#8221;][et_pb_text admin_label=&#8221;Horizontal Milling&#8221; _builder_version=&#8221;4.27.5&#8243; _module_preset=&#8221;default&#8221; global_colors_info=&#8221;{}&#8221;]<\/p>\n<h1>Aar<span>poraus<\/span><\/h1>\n<p>[\/et_pb_text][\/et_pb_column][\/et_pb_row][\/et_pb_section][et_pb_section fb_built=&#8221;1&#8243; module_class=&#8221;content&#8211;section bg&#8211;clear&#8221; _builder_version=&#8221;4.24.3&#8243; _module_preset=&#8221;default&#8221; global_colors_info=&#8221;{}&#8221;][et_pb_row column_structure=&#8221;1_2,1_2&#8243; make_equal=&#8221;on&#8221; module_class=&#8221;content&#8211;row&#8221; _builder_version=&#8221;4.24.3&#8243; _module_preset=&#8221;default&#8221; global_colors_info=&#8221;{}&#8221;][et_pb_column type=&#8221;1_2&#8243; module_class=&#8221;vertical-align-flex&#8221; _builder_version=&#8221;4.24.3&#8243; _module_preset=&#8221;default&#8221; global_colors_info=&#8221;{}&#8221;][et_pb_text admin_label=&#8221;Aarporaus | Turula Engineering&#8221; _builder_version=&#8221;4.27.5&#8243; _module_preset=&#8221;default&#8221; global_colors_info=&#8221;{}&#8221;]<\/p>\n<h2>Aarporaus | Turula Engineering<\/h2>\n<p>[\/et_pb_text][et_pb_text _builder_version=&#8221;4.27.5&#8243; _module_preset=&#8221;default&#8221; custom_padding=&#8221;||0px|||&#8221; global_colors_info=&#8221;{}&#8221;]<\/p>\n<p><strong>Aarporaus on vaativan konerakennuksen perusta.<\/strong> Kun puhutaan vaativista teollisuuden komponenteista, joissa yhdistyv\u00e4t suuri koko ja mittatarkkuus, silloin tuotantomme on parhaimmillaan. Turula Engineering tarjoaa Outokummussa sijaitsevassa modernissa konepajassaan huipputason aarporauspalveluita, jotka vastaavat konerakennuksen ja teollisuuden tiukimpiin laatuvaatimuksiin.<\/p>\n<p>[\/et_pb_text][et_pb_button button_url=&#8221;https:\/\/turula.fi\/fi\/yhteystiedot\/&#8221; button_text=&#8221;Ota yhteytt\u00e4&#8221; _builder_version=&#8221;4.27.5&#8243; _module_preset=&#8221;default&#8221; global_colors_info=&#8221;{}&#8221;][\/et_pb_button][\/et_pb_column][et_pb_column type=&#8221;1_2&#8243; module_class=&#8221;vertical-align-flex&#8221; _builder_version=&#8221;4.24.3&#8243; _module_preset=&#8221;default&#8221; global_colors_info=&#8221;{}&#8221;][et_pb_image src=&#8221;https:\/\/turula.fi\/wp-content\/uploads\/2024\/07\/Turula-Engineering-Web-Kuvat-28.jpg&#8221; alt=&#8221;Turula-Engineering &#8211; Aarporaus&#8221; title_text=&#8221;Turula-Engineering &#8211; Aarporaus&#8221; _builder_version=&#8221;4.25.1&#8243; _module_preset=&#8221;default&#8221; global_colors_info=&#8221;{}&#8221;][\/et_pb_image][\/et_pb_column][\/et_pb_row][\/et_pb_section][et_pb_section fb_built=&#8221;1&#8243; module_class=&#8221;content&#8211;section bg&#8211;quintary with&#8211;divider&#8211;top&#8221; _builder_version=&#8221;4.25.1&#8243; _module_preset=&#8221;default&#8221; top_divider_style=&#8221;asymmetric&#8221; top_divider_color=&#8221;#ffffff&#8221; top_divider_flip=&#8221;horizontal|vertical&#8221; global_colors_info=&#8221;{}&#8221;][et_pb_row make_equal=&#8221;on&#8221; module_class=&#8221;content&#8211;row&#8221; _builder_version=&#8221;4.27.5&#8243; _module_preset=&#8221;default&#8221; global_colors_info=&#8221;{}&#8221;][et_pb_column type=&#8221;4_4&#8243; module_class=&#8221;vertical-align-flex&#8221; _builder_version=&#8221;4.24.3&#8243; _module_preset=&#8221;default&#8221; global_colors_info=&#8221;{}&#8221;][et_pb_text admin_label=&#8221;Mit\u00e4 on moderni aarporaus?&#8221; _builder_version=&#8221;4.27.5&#8243; _module_preset=&#8221;default&#8221; global_colors_info=&#8221;{}&#8221;]<\/p>\n<h3>Mit\u00e4 on <span>moderni aarporaus?<\/span><\/h3>\n<p>[\/et_pb_text][et_pb_text _builder_version=&#8221;4.27.5&#8243; _module_preset=&#8221;default&#8221; custom_padding=&#8221;||0px|||&#8221; global_colors_info=&#8221;{}&#8221;]Aarporaus (engl. boring) on lastuavan ty\u00f6st\u00f6n menetelm\u00e4, jossa k\u00e4ytet\u00e4\u00e4n horisontaalista ty\u00f6st\u00f6karaa suurten ja painavien kappaleiden reikien laajentamiseen, tasojen jyrsint\u00e4\u00e4n ja tarkkojen upotusten tekemiseen. Toisin kuin perinteisess\u00e4 jyrsinn\u00e4ss\u00e4, aarporauskoneen (boring mill) rakenne mahdollistaa ty\u00f6kaluvarren pitk\u00e4n ulottuman syv\u00e4lle kappaleen sis\u00e4\u00e4n menett\u00e4m\u00e4tt\u00e4 vakaudesta johtuvaa tarkkuutta.[\/et_pb_text][et_pb_text admin_label=&#8221;Turulan aarporauskapasiteetti: Mittakaava, jolla on merkityst\u00e4&#8221; _builder_version=&#8221;4.27.5&#8243; _module_preset=&#8221;default&#8221; global_colors_info=&#8221;{}&#8221;]<\/p>\n<h3>Turulan aarporauskapasiteetti: <span><br \/>Mittakaava, jolla on merkityst\u00e4<\/span><\/h3>\n<p>[\/et_pb_text][et_pb_text _builder_version=&#8221;4.27.5&#8243; _module_preset=&#8221;default&#8221; custom_padding=&#8221;||0px|||&#8221; global_colors_info=&#8221;{}&#8221;]Konekantamme on valittu palvelemaan erityisesti raskasta teollisuutta. Kun kappaleen paino on kymmeniss\u00e4 tonneissa ja pituus metreiss\u00e4, Turula Engineering on elementiss\u00e4\u00e4n.<\/p>\n<p><strong>1. TOS WRD 150 <\/strong><br \/>\nT\u00e4m\u00e4 on suurin aarporamme, joka on suunniteltu kaikkein vaativimpiin runkorakenteisiin. Sen 14 metrin X-liike mahdollistaa pitkien komponenttien, kuten suurten moottoripetien, ty\u00f6st\u00f6n yhdell\u00e4 kiinnityksell\u00e4.<\/p>\n<ul>\n<li><strong>X-akseli:<\/strong> 14 000 mm (pituus)<\/li>\n<li><strong>Y-akseli:<\/strong> 4 000 mm (korkeus)<\/li>\n<li><strong>Z-akseli:<\/strong> 1 800 mm (kara\/ulottuma)<\/li>\n<\/ul>\n<p><strong>2. TOS WRD 130 <\/strong><br \/>\nT\u00e4m\u00e4 kone on optimoitu keskisuurten ja suurten kappaleiden tehokkaaseen l\u00e4pimenoon. Kone vastaa edell\u00e4 mainittua isovelje\u00e4\u00e4n ominaisuuksiltaan, mutta hieman pienemm\u00e4ss\u00e4 mittakaavassa.<\/p>\n<ul>\n<li><strong>X-akseli:<\/strong> 10 000 mm (pituus)<\/li>\n<li><strong>Y-akseli:<\/strong> 3 000 mm (korkeus)<\/li>\n<li><strong>Z-akseli:<\/strong> 1 360 mm (kara\/ulottuma)<\/li>\n<\/ul>\n<p><strong>3. TOS WHQ 13 <\/strong><br \/>\nTOS WHQ 13 koneemme on monipuolinen laite konerakennuksen komponenttien valmistukseen.<\/p>\n<ul>\n<li><strong>X-akseli:<\/strong> 4 000 mm (pituus)<\/li>\n<li><strong>Y-akseli: <\/strong>2 500 mm (korkeus)<\/li>\n<li><strong>Z-akseli: <\/strong>2 000 mm (kara\/ulottuma)<\/li>\n<\/ul>\n<p><strong>3. TOS WHN 13 <\/strong><br \/>\nTOS WHN 13 koneemme on my\u00f6skin my\u00f6skin hyvin mukautuva konerakennuksen komponenttien rakennukseen pienemmill\u00e4 dimensiolla. Se soveltuu hyvin projekteihin, jotka vaativat luotettavaa suorituskyky\u00e4 ja tarkkaa aarporausta.<\/p>\n<ul>\n<li><strong>X-akseli:<\/strong> 3 500  mm (pituus)<\/li>\n<li><strong>Y-akseli:<\/strong> 2 000 mm (korkeus)<\/li>\n<li><strong>Z-akseli:<\/strong> 1 250 mm (kara\/ulottuma)<\/li>\n<\/ul>\n<p>[\/et_pb_text][et_pb_text admin_label=&#8221;Palvelumme tekniset edut asiakkaillemme&#8221; _builder_version=&#8221;4.27.5&#8243; _module_preset=&#8221;default&#8221; global_colors_info=&#8221;{}&#8221;]<\/p>\n<h3>Palvelumme tekniset edut <span>asiakkaillemme<\/span><\/h3>\n<p>[\/et_pb_text][et_pb_text _builder_version=&#8221;4.27.5&#8243; _module_preset=&#8221;default&#8221; custom_padding=&#8221;||0px|||&#8221; global_colors_info=&#8221;{}&#8221;]<strong>Integroitu valmistusprosessi (Synergiaetu)<\/strong><br \/>\nYksi Turulan suurimmista vahvuuksista on se, ett\u00e4 kaikki tuotteeseen liittyv\u00e4t valmistusprosessit toimivat saumattomana, yhten\u00e4isen\u00e4 prosessissa. Edelt\u00e4v\u00e4t ty\u00f6vaiheet tehd\u00e4\u00e4n my\u00f6s Turulassa, joten koneistusvarat huomioidaan jo ty\u00f6suunnittelu ja materiaalitilaus vaiheessa yhten\u00e4isen\u00e4 prosessina.<\/p>\n<ul>\n<li><strong>Hitsaamo:<\/strong> Valmistamme j\u00e4re\u00e4t ter\u00e4srakenteet itse.<\/li>\n<li><strong>L\u00e4mp\u00f6k\u00e4sittely:<\/strong> Kauttamme on my\u00f6s mahdollista saada l\u00e4mp\u00f6k\u00e4sittelypalvelut tuotettuihin kappaleisiin.<\/li>\n<li><strong>Aarporaus:<\/strong> Lopullinen mittatarkkuus saavutetaan tarkoilla koneillamme.<\/li>\n<li><strong>Laadunvalvonta:<\/strong> K\u00e4yt\u00f6ss\u00e4mme on laser-pohjaiset mittalaitteet ja 3D-mittaus toleranssien todentamiseen.\n<\/li>\n<\/ul>\n<p><strong>Materiaaliosaaminen<\/strong><br \/>\nKoneistamme laajalla skaalalla erilaisia teollisuuden materiaaleja:<\/p>\n<ul>\n<li>Rakenneter\u00e4kset ja suurlujuuster\u00e4kset<\/li>\n<li>Ruostumattomat ja haponkest\u00e4v\u00e4t ter\u00e4kset (Duplex)<\/li>\n<li>Erikoister\u00e4kset vaativiin prosessiymp\u00e4rist\u00f6ihin<\/li>\n<\/ul>\n<p>[\/et_pb_text][et_pb_text admin_label=&#8221;Miksi teollisuusjohtajat valitsevat Turula Engineeringin?&#8221; _builder_version=&#8221;4.27.5&#8243; _module_preset=&#8221;default&#8221; global_colors_info=&#8221;{}&#8221;]<\/p>\n<h3>Miksi teollisuusjohtajat valitsevat <span>Turula Engineeringin?<\/span><\/h3>\n<p>[\/et_pb_text][et_pb_text _builder_version=&#8221;4.27.5&#8243; _module_preset=&#8221;default&#8221; custom_padding=&#8221;||0px|||&#8221; global_colors_info=&#8221;{}&#8221;]Asiantuntijaostajat etsiv\u00e4t luotettavuutta. Turula Engineeringin prosessi on hiottu vastaamaan n\u00e4ihin tarpeisiin:<\/p>\n<ol>\n<li><strong>Vakaus ja Tarkkuus:<\/strong> Koneemme on ankkuroitu raskaisiin perustoihin, mik\u00e4 minimoi t\u00e4rin\u00e4n ja takaa tarkkuuden suurissakin kappaleissa.<\/li>\n<li><strong>Toimitusvarmuus:<\/strong> Outokummun sijainti ja logistinen osaaminen varmistavat, ett\u00e4 raskaatkin kuljetukset liikkuvat ajallaan ymp\u00e4ri Eurooppaa.<\/li>\n<li><strong>Kustannustehokkuus:<\/strong> Modernit ty\u00f6kaluvalinnat ja optimaalinen CAM-ohjelmointi v\u00e4hent\u00e4v\u00e4t ty\u00f6st\u00f6aikaa, mik\u00e4 n\u00e4kyy suoraan asiakkaan loppulaskussa.<\/li>\n<\/ol>\n<p>[\/et_pb_text][et_pb_text admin_label=&#8221;Usein kysytyt kysymykset aarporauksesta (FAQ)&#8221; _builder_version=&#8221;4.27.5&#8243; _module_preset=&#8221;default&#8221; global_colors_info=&#8221;{}&#8221;]<\/p>\n<h3>Usein kysytyt kysymykset aarporauksesta (FAQ)<\/h3>\n<p>[\/et_pb_text][et_pb_text _builder_version=&#8221;4.27.5&#8243; _module_preset=&#8221;default&#8221; custom_padding=&#8221;||0px|||&#8221; global_colors_info=&#8221;{}&#8221;]<strong>Mik\u00e4 on suurin kappalepaino, jonka voitte koneistaa?<\/strong> Nosturikapasiteettimme ja koneidemme p\u00f6ytien kantavuus mahdollistavat useiden kymmenien tonnien painoisten kappaleiden k\u00e4sittelyn. Tarkka painoraja riippuu kappaleen geometriasta.<\/p>\n<p><strong>Miten varmistatte laadun aarporauksessa?<\/strong> K\u00e4yt\u00e4mme kalibroituja mittalaitteita ja voimme toimittaa jokaisesta ty\u00f6st\u00e4 mittap\u00f6yt\u00e4kirjan. Prosessimme on ISO 9001- ja ISO 14001 -sertifioitu.<\/p>\n<p><strong>Voitteko suorittaa aarporausta aliurakointina valmiille kappaleille?<\/strong> Kyll\u00e4, otamme vastaan my\u00f6s asiakkaan toimittamia aihioita koneistettavaksi, vaikka suurin osa projekteistamme onkin avaimet k\u00e4teen -valmistusta.[\/et_pb_text][et_pb_text admin_label=&#8221;Meill\u00e4 mahdollistat seuraavan kehitysaskeleen&#8221; _builder_version=&#8221;4.27.5&#8243; _module_preset=&#8221;default&#8221; global_colors_info=&#8221;{}&#8221;]<\/p>\n<h3>Meill\u00e4 mahdollistat seuraavan kehitysaskeleen<\/h3>\n<p>[\/et_pb_text][et_pb_text _builder_version=&#8221;4.27.5&#8243; _module_preset=&#8221;default&#8221; custom_padding=&#8221;||0px|||&#8221; global_colors_info=&#8221;{}&#8221;]Turulassa ymm\u00e4rr\u00e4mme, kuinka t\u00e4rke\u00e4\u00e4 luotettava koneisto on toiminnallesi. Tiukat testausprosessimme on suunniteltu tunnistamaan ja ratkaisemaan mahdolliset ongelmat, varmistaen, ett\u00e4 laitteesi t\u00e4ytt\u00e4v\u00e4t korkeimmat laatu- ja suorituskykystandardit.<\/p>\n<p>Ota meihin yhteytt\u00e4 keskustellaksesi koeajosta ja saadaksesi tiet\u00e4\u00e4, kuinka Turula voi auttaa valmistamaan laitteistosi huippusuorituskykyyn.<\/p>\n<p><strong>Janne Kyll\u00f6nen<\/strong><br \/>\n<em>Johtaja \u2013 Myynti<\/em><br \/>\n<a href=\"tel:+358408644874\">+358 40 864 4874<\/a><br \/>\n<a href=\"mailto:janne.kyllonen@turula.fi\">janne.kyllonen[at]turula.fi<\/a>[\/et_pb_text][et_pb_button button_url=&#8221;https:\/\/turula.fi\/fi\/yhteystiedot\/&#8221; button_text=&#8221;Ota yhteytt\u00e4&#8221; _builder_version=&#8221;4.24.3&#8243; _module_preset=&#8221;default&#8221; global_colors_info=&#8221;{}&#8221;][\/et_pb_button][\/et_pb_column][\/et_pb_row][\/et_pb_section]<\/p>\n","protected":false},"excerpt":{"rendered":"<p>AarporausAarporaus | Turula EngineeringAarporaus on vaativan konerakennuksen perusta. Kun puhutaan vaativista teollisuuden komponenteista, joissa yhdistyv\u00e4t suuri koko ja mittatarkkuus, silloin tuotantomme on parhaimmillaan. Turula Engineering tarjoaa Outokummussa sijaitsevassa modernissa konepajassaan huipputason aarporauspalveluita, jotka vastaavat konerakennuksen ja teollisuuden tiukimpiin laatuvaatimuksiin.Mit\u00e4 on moderni aarporaus?Aarporaus (engl. boring) on lastuavan ty\u00f6st\u00f6n menetelm\u00e4, jossa k\u00e4ytet\u00e4\u00e4n horisontaalista ty\u00f6st\u00f6karaa suurten ja painavien [&hellip;]<\/p>\n","protected":false},"author":1,"featured_media":0,"parent":0,"menu_order":0,"comment_status":"closed","ping_status":"closed","template":"","meta":{"_et_pb_use_builder":"on","_et_pb_old_content":"","_et_gb_content_width":"","footnotes":""},"class_list":["post-1381","page","type-page","status-publish","hentry"],"yoast_head":"<!-- This site is optimized with the Yoast SEO plugin v26.9 - https:\/\/yoast.com\/product\/yoast-seo-wordpress\/ -->\n<title>Aarporaus - Turula Engineering<\/title>\n<meta name=\"robots\" content=\"index, follow, max-snippet:-1, max-image-preview:large, max-video-preview:-1\" \/>\n<link rel=\"canonical\" href=\"https:\/\/turula.fi\/fi\/aarporaus\/\" \/>\n<meta property=\"og:locale\" content=\"fi_FI\" \/>\n<meta property=\"og:type\" content=\"article\" \/>\n<meta property=\"og:title\" content=\"Aarporaus - Turula Engineering\" \/>\n<meta property=\"og:description\" content=\"AarporausAarporaus | Turula EngineeringAarporaus on vaativan konerakennuksen perusta. Kun puhutaan vaativista teollisuuden komponenteista, joissa yhdistyv\u00e4t suuri koko ja mittatarkkuus, silloin tuotantomme on parhaimmillaan. Turula Engineering tarjoaa Outokummussa sijaitsevassa modernissa konepajassaan huipputason aarporauspalveluita, jotka vastaavat konerakennuksen ja teollisuuden tiukimpiin laatuvaatimuksiin.Mit\u00e4 on moderni aarporaus?Aarporaus (engl. boring) on lastuavan ty\u00f6st\u00f6n menetelm\u00e4, jossa k\u00e4ytet\u00e4\u00e4n horisontaalista ty\u00f6st\u00f6karaa suurten ja painavien [&hellip;]\" \/>\n<meta property=\"og:url\" content=\"https:\/\/turula.fi\/fi\/aarporaus\/\" \/>\n<meta property=\"og:site_name\" content=\"Turula Engineering\" \/>\n<meta property=\"article:modified_time\" content=\"2026-04-14T12:16:16+00:00\" \/>\n<meta name=\"twitter:card\" content=\"summary_large_image\" \/>\n<meta name=\"twitter:label1\" content=\"Arvioitu lukuaika\" \/>\n\t<meta name=\"twitter:data1\" content=\"3 minuuttia\" \/>\n<script type=\"application\/ld+json\" class=\"yoast-schema-graph\">{\"@context\":\"https:\/\/schema.org\",\"@graph\":[{\"@type\":\"WebPage\",\"@id\":\"https:\/\/turula.fi\/fi\/aarporaus\/\",\"url\":\"https:\/\/turula.fi\/fi\/aarporaus\/\",\"name\":\"Aarporaus - Turula Engineering\",\"isPartOf\":{\"@id\":\"https:\/\/turula.fi\/fi\/#website\"},\"datePublished\":\"2024-06-14T11:25:02+00:00\",\"dateModified\":\"2026-04-14T12:16:16+00:00\",\"breadcrumb\":{\"@id\":\"https:\/\/turula.fi\/fi\/aarporaus\/#breadcrumb\"},\"inLanguage\":\"fi\",\"potentialAction\":[{\"@type\":\"ReadAction\",\"target\":[\"https:\/\/turula.fi\/fi\/aarporaus\/\"]}]},{\"@type\":\"BreadcrumbList\",\"@id\":\"https:\/\/turula.fi\/fi\/aarporaus\/#breadcrumb\",\"itemListElement\":[{\"@type\":\"ListItem\",\"position\":1,\"name\":\"Home\",\"item\":\"https:\/\/turula.fi\/fi\/\"},{\"@type\":\"ListItem\",\"position\":2,\"name\":\"Aarporaus\"}]},{\"@type\":\"WebSite\",\"@id\":\"https:\/\/turula.fi\/fi\/#website\",\"url\":\"https:\/\/turula.fi\/fi\/\",\"name\":\"Turula Engineering\",\"description\":\"\",\"potentialAction\":[{\"@type\":\"SearchAction\",\"target\":{\"@type\":\"EntryPoint\",\"urlTemplate\":\"https:\/\/turula.fi\/fi\/?s={search_term_string}\"},\"query-input\":{\"@type\":\"PropertyValueSpecification\",\"valueRequired\":true,\"valueName\":\"search_term_string\"}}],\"inLanguage\":\"fi\"}]}<\/script>\n<!-- \/ Yoast SEO plugin. -->","yoast_head_json":{"title":"Aarporaus - Turula Engineering","robots":{"index":"index","follow":"follow","max-snippet":"max-snippet:-1","max-image-preview":"max-image-preview:large","max-video-preview":"max-video-preview:-1"},"canonical":"https:\/\/turula.fi\/fi\/aarporaus\/","og_locale":"fi_FI","og_type":"article","og_title":"Aarporaus - Turula Engineering","og_description":"AarporausAarporaus | Turula EngineeringAarporaus on vaativan konerakennuksen perusta. Kun puhutaan vaativista teollisuuden komponenteista, joissa yhdistyv\u00e4t suuri koko ja mittatarkkuus, silloin tuotantomme on parhaimmillaan. Turula Engineering tarjoaa Outokummussa sijaitsevassa modernissa konepajassaan huipputason aarporauspalveluita, jotka vastaavat konerakennuksen ja teollisuuden tiukimpiin laatuvaatimuksiin.Mit\u00e4 on moderni aarporaus?Aarporaus (engl. boring) on lastuavan ty\u00f6st\u00f6n menetelm\u00e4, jossa k\u00e4ytet\u00e4\u00e4n horisontaalista ty\u00f6st\u00f6karaa suurten ja painavien [&hellip;]","og_url":"https:\/\/turula.fi\/fi\/aarporaus\/","og_site_name":"Turula Engineering","article_modified_time":"2026-04-14T12:16:16+00:00","twitter_card":"summary_large_image","twitter_misc":{"Arvioitu lukuaika":"3 minuuttia"},"schema":{"@context":"https:\/\/schema.org","@graph":[{"@type":"WebPage","@id":"https:\/\/turula.fi\/fi\/aarporaus\/","url":"https:\/\/turula.fi\/fi\/aarporaus\/","name":"Aarporaus - Turula Engineering","isPartOf":{"@id":"https:\/\/turula.fi\/fi\/#website"},"datePublished":"2024-06-14T11:25:02+00:00","dateModified":"2026-04-14T12:16:16+00:00","breadcrumb":{"@id":"https:\/\/turula.fi\/fi\/aarporaus\/#breadcrumb"},"inLanguage":"fi","potentialAction":[{"@type":"ReadAction","target":["https:\/\/turula.fi\/fi\/aarporaus\/"]}]},{"@type":"BreadcrumbList","@id":"https:\/\/turula.fi\/fi\/aarporaus\/#breadcrumb","itemListElement":[{"@type":"ListItem","position":1,"name":"Home","item":"https:\/\/turula.fi\/fi\/"},{"@type":"ListItem","position":2,"name":"Aarporaus"}]},{"@type":"WebSite","@id":"https:\/\/turula.fi\/fi\/#website","url":"https:\/\/turula.fi\/fi\/","name":"Turula Engineering","description":"","potentialAction":[{"@type":"SearchAction","target":{"@type":"EntryPoint","urlTemplate":"https:\/\/turula.fi\/fi\/?s={search_term_string}"},"query-input":{"@type":"PropertyValueSpecification","valueRequired":true,"valueName":"search_term_string"}}],"inLanguage":"fi"}]}},"_links":{"self":[{"href":"https:\/\/turula.fi\/fi\/wp-json\/wp\/v2\/pages\/1381","targetHints":{"allow":["GET"]}}],"collection":[{"href":"https:\/\/turula.fi\/fi\/wp-json\/wp\/v2\/pages"}],"about":[{"href":"https:\/\/turula.fi\/fi\/wp-json\/wp\/v2\/types\/page"}],"author":[{"embeddable":true,"href":"https:\/\/turula.fi\/fi\/wp-json\/wp\/v2\/users\/1"}],"replies":[{"embeddable":true,"href":"https:\/\/turula.fi\/fi\/wp-json\/wp\/v2\/comments?post=1381"}],"version-history":[{"count":5,"href":"https:\/\/turula.fi\/fi\/wp-json\/wp\/v2\/pages\/1381\/revisions"}],"predecessor-version":[{"id":1893,"href":"https:\/\/turula.fi\/fi\/wp-json\/wp\/v2\/pages\/1381\/revisions\/1893"}],"wp:attachment":[{"href":"https:\/\/turula.fi\/fi\/wp-json\/wp\/v2\/media?parent=1381"}],"curies":[{"name":"wp","href":"https:\/\/api.w.org\/{rel}","templated":true}]}}