{"id":1403,"date":"2024-06-14T11:29:37","date_gmt":"2024-06-14T11:29:37","guid":{"rendered":"https:\/\/turula.fi\/pintakasittely\/"},"modified":"2024-08-08T12:02:07","modified_gmt":"2024-08-08T12:02:07","slug":"pintakasittely","status":"publish","type":"page","link":"https:\/\/turula.fi\/fi\/pintakasittely\/","title":{"rendered":"Pintak\u00e4sittely"},"content":{"rendered":"<p>[et_pb_section fb_built=&#8221;1&#8243; module_class=&#8221;hero&#8211;section header&#8211;section&#8221; _builder_version=&#8221;4.25.1&#8243; _module_preset=&#8221;default&#8221; use_background_color_gradient=&#8221;on&#8221; background_color_gradient_stops=&#8221;rgba(40,40,40,0.85) 0%|rgba(40,40,40,0.85) 100%&#8221; background_color_gradient_overlays_image=&#8221;on&#8221; background_image=&#8221;https:\/\/turula.fi\/wp-content\/uploads\/2024\/07\/Turula-Engineering-Web-Kuvat-6-1.jpg&#8221; bottom_divider_style=&#8221;asymmetric&#8221; bottom_divider_color=&#8221;#FFFFFF&#8221; global_colors_info=&#8221;{}&#8221;][et_pb_row module_class=&#8221;hero&#8211;row&#8221; _builder_version=&#8221;4.24.3&#8243; _module_preset=&#8221;default&#8221; global_colors_info=&#8221;{}&#8221;][et_pb_column type=&#8221;4_4&#8243; _builder_version=&#8221;4.24.3&#8243; _module_preset=&#8221;default&#8221; global_colors_info=&#8221;{}&#8221;][et_pb_text admin_label=&#8221;Surface treatment&#8221; _builder_version=&#8221;4.25.1&#8243; _module_preset=&#8221;default&#8221; global_colors_info=&#8221;{}&#8221;]<\/p>\n<h1>Pinta<span>k\u00e4sittely<\/span><\/h1>\n<p>[\/et_pb_text][\/et_pb_column][\/et_pb_row][\/et_pb_section][et_pb_section fb_built=&#8221;1&#8243; module_class=&#8221;content&#8211;section bg&#8211;clear&#8221; _builder_version=&#8221;4.24.3&#8243; _module_preset=&#8221;default&#8221; global_colors_info=&#8221;{}&#8221;][et_pb_row column_structure=&#8221;1_2,1_2&#8243; make_equal=&#8221;on&#8221; module_class=&#8221;content&#8211;row&#8221; _builder_version=&#8221;4.24.3&#8243; _module_preset=&#8221;default&#8221; global_colors_info=&#8221;{}&#8221;][et_pb_column type=&#8221;1_2&#8243; module_class=&#8221;vertical-align-flex&#8221; _builder_version=&#8221;4.24.3&#8243; _module_preset=&#8221;default&#8221; global_colors_info=&#8221;{}&#8221;][et_pb_text _builder_version=&#8221;4.25.1&#8243; _module_preset=&#8221;default&#8221; global_colors_info=&#8221;{}&#8221;]<\/p>\n<h2>Voittamaton kest\u00e4vyys<\/h2>\n<p>[\/et_pb_text][et_pb_text _builder_version=&#8221;4.25.1&#8243; _module_preset=&#8221;default&#8221; custom_padding=&#8221;0px|||||&#8221; hover_enabled=&#8221;0&#8243; global_colors_info=&#8221;{}&#8221; sticky_enabled=&#8221;0&#8243;]K\u00e4yt\u00e4mme standardoituja pintak\u00e4sittelyratkaisuja, jotka ovat asiakasvaatimusten mukaan suunniteltu parantamaan merkitt\u00e4v\u00e4sti koneistettujen osiesi kest\u00e4vyytt\u00e4 ja k\u00e4ytt\u00f6ik\u00e4\u00e4. Suojaamalla kulumista, korroosiota ja ymp\u00e4rist\u00f6tekij\u00f6it\u00e4 vastaan, k\u00e4sittelymme varmistavat, ett\u00e4 komponenttisi toimivat luotettavasti jopa ankarimmissa olosuhteissa.[\/et_pb_text][et_pb_button button_url=&#8221;https:\/\/turula.fi\/fi\/yhteystiedot\/&#8221; button_text=&#8221;Ota yhteytt\u00e4&#8221; _builder_version=&#8221;4.25.1&#8243; _module_preset=&#8221;default&#8221; global_colors_info=&#8221;{}&#8221;][\/et_pb_button][\/et_pb_column][et_pb_column type=&#8221;1_2&#8243; module_class=&#8221;vertical-align-flex&#8221; _builder_version=&#8221;4.24.3&#8243; _module_preset=&#8221;default&#8221; global_colors_info=&#8221;{}&#8221;][et_pb_image src=&#8221;https:\/\/turula.fi\/wp-content\/uploads\/2024\/07\/Turula-Engineering-Web-Kuvat-30.jpg&#8221; alt=&#8221;Turula-Engineering &#8211; Pintak\u00e4sittely &#8211; Voittamaton kest\u00e4vyys&#8221; title_text=&#8221;Turula-Engineering &#8211; Pintak\u00e4sittely &#8211; Voittamaton kest\u00e4vyys&#8221; _builder_version=&#8221;4.25.1&#8243; _module_preset=&#8221;default&#8221; global_colors_info=&#8221;{}&#8221;][\/et_pb_image][\/et_pb_column][\/et_pb_row][\/et_pb_section][et_pb_section fb_built=&#8221;1&#8243; module_class=&#8221;content&#8211;section bg&#8211;quintary with&#8211;divider&#8211;top&#8221; _builder_version=&#8221;4.24.3&#8243; _module_preset=&#8221;default&#8221; top_divider_style=&#8221;asymmetric&#8221; top_divider_color=&#8221;#ffffff&#8221; top_divider_flip=&#8221;horizontal|vertical&#8221; global_colors_info=&#8221;{}&#8221;][et_pb_row make_equal=&#8221;on&#8221; module_class=&#8221;content&#8211;row&#8221; _builder_version=&#8221;4.24.3&#8243; _module_preset=&#8221;default&#8221; global_colors_info=&#8221;{}&#8221;][et_pb_column type=&#8221;4_4&#8243; module_class=&#8221;vertical-align-flex&#8221; _builder_version=&#8221;4.24.3&#8243; _module_preset=&#8221;default&#8221; global_colors_info=&#8221;{}&#8221;][et_pb_text _builder_version=&#8221;4.25.1&#8243; _module_preset=&#8221;default&#8221; global_colors_info=&#8221;{}&#8221;]<\/p>\n<h3>Pintak\u00e4sittely: <span>Monipuolisesti r\u00e4\u00e4t\u00e4l\u00f6it\u00e4viss\u00e4<\/span><\/h3>\n<p>[\/et_pb_text][et_pb_text _builder_version=&#8221;4.25.1&#8243; _module_preset=&#8221;default&#8221; global_colors_info=&#8221;{}&#8221;]<\/p>\n<p><strong>Paikan p\u00e4\u00e4ll\u00e4 oleva pintak\u00e4sittelypaja<\/strong> K\u00e4tev\u00e4sti tehdasalueellamme sijaitseva erikoistunut pintak\u00e4sittelypajamme tarjoaa saumattoman integraation tuotantoprosesseihimme, varmistaen tehokkaan ja korkealaatuisen pintak\u00e4sittelyn kaikkiin tarpeisiisi.<\/p>\n<p><strong>Maalauspalvelut<\/strong><\/p>\n<ul>\n<li><strong>Ter\u00e4sraepuhalluskammio<\/strong>: 18 x 6 metrin kokoisessa ter\u00e4sraepuhalluskammiossamme pinnat valmistellaan eritt\u00e4in tarkasti, joka varmistaa optimaalisen tarttuvuuden ja virheett\u00f6m\u00e4n lopputuloksen.<\/li>\n<li><strong>Maalauskammio<\/strong>: 20 x 6 metrin maalauskammioomme mahtuu suuria komponentteja, tarjoten ammattitason pinnoitusta ja suojaa pitk\u00e4kestoista kest\u00e4vyytt\u00e4 varten.<\/li>\n<\/ul>\n<p><strong>Happok\u00e4sittelypalvelut<\/strong><\/p>\n<ul>\n<li><strong>Happok\u00e4sittelyaltaat peittausta varten<\/strong>: Tarjoamme kaksi peittausallasta, joista toinen on kooltaan 6,5 x 3 x 2,8 metri\u00e4 ja toinen 13 x 1 x 1,1 metri\u00e4, jotka sopivat erikokoisten ja erilaisten vaatimusten k\u00e4sittelyyn. N\u00e4m\u00e4 altaat varmistavat metallipintojen perusteellisen ja tehokkaan puhdistuksen sek\u00e4 valmistelun<strong>.<\/strong><\/li>\n<li><strong>Suihkupeittaus<\/strong>: Tarjoamme suihkupeittausvaihtoehdon lis\u00e4joustavuuden takaamiseksi. T\u00e4m\u00e4 tehokas ratkaisu mahdollistaa monimutkaisten muotojen ja pintojen k\u00e4sittelyn, varmistaen kattavan peittauksen ja ensiluokkaiset tulokset.<\/li>\n<\/ul>\n<p>Turulassa olemme sitoutuneet tarjoamaan huipputason pintak\u00e4sittelyratkaisuja, jotka on r\u00e4\u00e4t\u00e4l\u00f6ity erityisten vaatimustesi mukaan. Varmistamme, ett\u00e4 komponenttisi saavuttavat korkeimmat laatu- ja suorituskykystandardit.<\/p>\n<p>[\/et_pb_text][et_pb_button button_url=&#8221;https:\/\/turula.fi\/fi\/yhteystiedot\/&#8221; button_text=&#8221;Ota yhteytt\u00e4&#8221; _builder_version=&#8221;4.24.3&#8243; _module_preset=&#8221;default&#8221; global_colors_info=&#8221;{}&#8221;][\/et_pb_button][\/et_pb_column][\/et_pb_row][\/et_pb_section]<\/p>\n","protected":false},"excerpt":{"rendered":"<p>Pintak\u00e4sittelyVoittamaton kest\u00e4vyysK\u00e4yt\u00e4mme standardoituja pintak\u00e4sittelyratkaisuja, jotka ovat asiakasvaatimusten mukaan suunniteltu parantamaan merkitt\u00e4v\u00e4sti koneistettujen osiesi kest\u00e4vyytt\u00e4 ja k\u00e4ytt\u00f6ik\u00e4\u00e4. Suojaamalla kulumista, korroosiota ja ymp\u00e4rist\u00f6tekij\u00f6it\u00e4 vastaan, k\u00e4sittelymme varmistavat, ett\u00e4 komponenttisi toimivat luotettavasti jopa ankarimmissa olosuhteissa.Pintak\u00e4sittely: Monipuolisesti r\u00e4\u00e4t\u00e4l\u00f6it\u00e4viss\u00e4Paikan p\u00e4\u00e4ll\u00e4 oleva pintak\u00e4sittelypaja K\u00e4tev\u00e4sti tehdasalueellamme sijaitseva erikoistunut pintak\u00e4sittelypajamme tarjoaa saumattoman integraation tuotantoprosesseihimme, varmistaen tehokkaan ja korkealaatuisen pintak\u00e4sittelyn kaikkiin tarpeisiisi. Maalauspalvelut Ter\u00e4sraepuhalluskammio: 18 [&hellip;]<\/p>\n","protected":false},"author":1,"featured_media":0,"parent":0,"menu_order":0,"comment_status":"closed","ping_status":"closed","template":"","meta":{"_et_pb_use_builder":"on","_et_pb_old_content":"","_et_gb_content_width":"","footnotes":""},"class_list":["post-1403","page","type-page","status-publish","hentry"],"yoast_head":"<!-- This site is optimized with the Yoast SEO plugin v26.9 - https:\/\/yoast.com\/product\/yoast-seo-wordpress\/ -->\n<title>Pintak\u00e4sittely - Turula Engineering<\/title>\n<meta name=\"robots\" content=\"index, follow, max-snippet:-1, max-image-preview:large, max-video-preview:-1\" \/>\n<link rel=\"canonical\" href=\"https:\/\/turula.fi\/fi\/pintakasittely\/\" \/>\n<meta property=\"og:locale\" content=\"fi_FI\" \/>\n<meta property=\"og:type\" content=\"article\" \/>\n<meta property=\"og:title\" content=\"Pintak\u00e4sittely - Turula Engineering\" \/>\n<meta property=\"og:description\" content=\"Pintak\u00e4sittelyVoittamaton kest\u00e4vyysK\u00e4yt\u00e4mme standardoituja pintak\u00e4sittelyratkaisuja, jotka ovat asiakasvaatimusten mukaan suunniteltu parantamaan merkitt\u00e4v\u00e4sti koneistettujen osiesi kest\u00e4vyytt\u00e4 ja k\u00e4ytt\u00f6ik\u00e4\u00e4. Suojaamalla kulumista, korroosiota ja ymp\u00e4rist\u00f6tekij\u00f6it\u00e4 vastaan, k\u00e4sittelymme varmistavat, ett\u00e4 komponenttisi toimivat luotettavasti jopa ankarimmissa olosuhteissa.Pintak\u00e4sittely: Monipuolisesti r\u00e4\u00e4t\u00e4l\u00f6it\u00e4viss\u00e4Paikan p\u00e4\u00e4ll\u00e4 oleva pintak\u00e4sittelypaja K\u00e4tev\u00e4sti tehdasalueellamme sijaitseva erikoistunut pintak\u00e4sittelypajamme tarjoaa saumattoman integraation tuotantoprosesseihimme, varmistaen tehokkaan ja korkealaatuisen pintak\u00e4sittelyn kaikkiin tarpeisiisi. Maalauspalvelut Ter\u00e4sraepuhalluskammio: 18 [&hellip;]\" \/>\n<meta property=\"og:url\" content=\"https:\/\/turula.fi\/fi\/pintakasittely\/\" \/>\n<meta property=\"og:site_name\" content=\"Turula Engineering\" \/>\n<meta property=\"article:modified_time\" content=\"2024-08-08T12:02:07+00:00\" \/>\n<meta name=\"twitter:card\" content=\"summary_large_image\" \/>\n<meta name=\"twitter:label1\" content=\"Arvioitu lukuaika\" \/>\n\t<meta name=\"twitter:data1\" content=\"1 minuutti\" \/>\n<script type=\"application\/ld+json\" class=\"yoast-schema-graph\">{\"@context\":\"https:\/\/schema.org\",\"@graph\":[{\"@type\":\"WebPage\",\"@id\":\"https:\/\/turula.fi\/fi\/pintakasittely\/\",\"url\":\"https:\/\/turula.fi\/fi\/pintakasittely\/\",\"name\":\"Pintak\u00e4sittely - Turula Engineering\",\"isPartOf\":{\"@id\":\"https:\/\/turula.fi\/fi\/#website\"},\"datePublished\":\"2024-06-14T11:29:37+00:00\",\"dateModified\":\"2024-08-08T12:02:07+00:00\",\"breadcrumb\":{\"@id\":\"https:\/\/turula.fi\/fi\/pintakasittely\/#breadcrumb\"},\"inLanguage\":\"fi\",\"potentialAction\":[{\"@type\":\"ReadAction\",\"target\":[\"https:\/\/turula.fi\/fi\/pintakasittely\/\"]}]},{\"@type\":\"BreadcrumbList\",\"@id\":\"https:\/\/turula.fi\/fi\/pintakasittely\/#breadcrumb\",\"itemListElement\":[{\"@type\":\"ListItem\",\"position\":1,\"name\":\"Home\",\"item\":\"https:\/\/turula.fi\/fi\/\"},{\"@type\":\"ListItem\",\"position\":2,\"name\":\"Pintak\u00e4sittely\"}]},{\"@type\":\"WebSite\",\"@id\":\"https:\/\/turula.fi\/fi\/#website\",\"url\":\"https:\/\/turula.fi\/fi\/\",\"name\":\"Turula Engineering\",\"description\":\"\",\"potentialAction\":[{\"@type\":\"SearchAction\",\"target\":{\"@type\":\"EntryPoint\",\"urlTemplate\":\"https:\/\/turula.fi\/fi\/?s={search_term_string}\"},\"query-input\":{\"@type\":\"PropertyValueSpecification\",\"valueRequired\":true,\"valueName\":\"search_term_string\"}}],\"inLanguage\":\"fi\"}]}<\/script>\n<!-- \/ Yoast SEO plugin. -->","yoast_head_json":{"title":"Pintak\u00e4sittely - Turula Engineering","robots":{"index":"index","follow":"follow","max-snippet":"max-snippet:-1","max-image-preview":"max-image-preview:large","max-video-preview":"max-video-preview:-1"},"canonical":"https:\/\/turula.fi\/fi\/pintakasittely\/","og_locale":"fi_FI","og_type":"article","og_title":"Pintak\u00e4sittely - Turula Engineering","og_description":"Pintak\u00e4sittelyVoittamaton kest\u00e4vyysK\u00e4yt\u00e4mme standardoituja pintak\u00e4sittelyratkaisuja, jotka ovat asiakasvaatimusten mukaan suunniteltu parantamaan merkitt\u00e4v\u00e4sti koneistettujen osiesi kest\u00e4vyytt\u00e4 ja k\u00e4ytt\u00f6ik\u00e4\u00e4. Suojaamalla kulumista, korroosiota ja ymp\u00e4rist\u00f6tekij\u00f6it\u00e4 vastaan, k\u00e4sittelymme varmistavat, ett\u00e4 komponenttisi toimivat luotettavasti jopa ankarimmissa olosuhteissa.Pintak\u00e4sittely: Monipuolisesti r\u00e4\u00e4t\u00e4l\u00f6it\u00e4viss\u00e4Paikan p\u00e4\u00e4ll\u00e4 oleva pintak\u00e4sittelypaja K\u00e4tev\u00e4sti tehdasalueellamme sijaitseva erikoistunut pintak\u00e4sittelypajamme tarjoaa saumattoman integraation tuotantoprosesseihimme, varmistaen tehokkaan ja korkealaatuisen pintak\u00e4sittelyn kaikkiin tarpeisiisi. Maalauspalvelut Ter\u00e4sraepuhalluskammio: 18 [&hellip;]","og_url":"https:\/\/turula.fi\/fi\/pintakasittely\/","og_site_name":"Turula Engineering","article_modified_time":"2024-08-08T12:02:07+00:00","twitter_card":"summary_large_image","twitter_misc":{"Arvioitu lukuaika":"1 minuutti"},"schema":{"@context":"https:\/\/schema.org","@graph":[{"@type":"WebPage","@id":"https:\/\/turula.fi\/fi\/pintakasittely\/","url":"https:\/\/turula.fi\/fi\/pintakasittely\/","name":"Pintak\u00e4sittely - Turula Engineering","isPartOf":{"@id":"https:\/\/turula.fi\/fi\/#website"},"datePublished":"2024-06-14T11:29:37+00:00","dateModified":"2024-08-08T12:02:07+00:00","breadcrumb":{"@id":"https:\/\/turula.fi\/fi\/pintakasittely\/#breadcrumb"},"inLanguage":"fi","potentialAction":[{"@type":"ReadAction","target":["https:\/\/turula.fi\/fi\/pintakasittely\/"]}]},{"@type":"BreadcrumbList","@id":"https:\/\/turula.fi\/fi\/pintakasittely\/#breadcrumb","itemListElement":[{"@type":"ListItem","position":1,"name":"Home","item":"https:\/\/turula.fi\/fi\/"},{"@type":"ListItem","position":2,"name":"Pintak\u00e4sittely"}]},{"@type":"WebSite","@id":"https:\/\/turula.fi\/fi\/#website","url":"https:\/\/turula.fi\/fi\/","name":"Turula Engineering","description":"","potentialAction":[{"@type":"SearchAction","target":{"@type":"EntryPoint","urlTemplate":"https:\/\/turula.fi\/fi\/?s={search_term_string}"},"query-input":{"@type":"PropertyValueSpecification","valueRequired":true,"valueName":"search_term_string"}}],"inLanguage":"fi"}]}},"_links":{"self":[{"href":"https:\/\/turula.fi\/fi\/wp-json\/wp\/v2\/pages\/1403","targetHints":{"allow":["GET"]}}],"collection":[{"href":"https:\/\/turula.fi\/fi\/wp-json\/wp\/v2\/pages"}],"about":[{"href":"https:\/\/turula.fi\/fi\/wp-json\/wp\/v2\/types\/page"}],"author":[{"embeddable":true,"href":"https:\/\/turula.fi\/fi\/wp-json\/wp\/v2\/users\/1"}],"replies":[{"embeddable":true,"href":"https:\/\/turula.fi\/fi\/wp-json\/wp\/v2\/comments?post=1403"}],"version-history":[{"count":4,"href":"https:\/\/turula.fi\/fi\/wp-json\/wp\/v2\/pages\/1403\/revisions"}],"predecessor-version":[{"id":1627,"href":"https:\/\/turula.fi\/fi\/wp-json\/wp\/v2\/pages\/1403\/revisions\/1627"}],"wp:attachment":[{"href":"https:\/\/turula.fi\/fi\/wp-json\/wp\/v2\/media?parent=1403"}],"curies":[{"name":"wp","href":"https:\/\/api.w.org\/{rel}","templated":true}]}}