{"id":1406,"date":"2024-06-14T11:27:37","date_gmt":"2024-06-14T11:27:37","guid":{"rendered":"https:\/\/turula.fi\/sorvaus\/"},"modified":"2025-06-23T08:26:52","modified_gmt":"2025-06-23T08:26:52","slug":"sorvaus","status":"publish","type":"page","link":"https:\/\/turula.fi\/fi\/sorvaus\/","title":{"rendered":"Sorvaus"},"content":{"rendered":"<p>[et_pb_section fb_built=&#8221;1&#8243; module_class=&#8221;hero&#8211;section header&#8211;section&#8221; _builder_version=&#8221;4.24.3&#8243; _module_preset=&#8221;default&#8221; use_background_color_gradient=&#8221;on&#8221; background_color_gradient_stops=&#8221;rgba(40,40,40,0.85) 0%|rgba(40,40,40,0.85) 100%&#8221; background_color_gradient_overlays_image=&#8221;on&#8221; background_image=&#8221;\/wp-content\/uploads\/2024\/04\/landing-page-header-placeholder.jpg&#8221; bottom_divider_style=&#8221;asymmetric&#8221; bottom_divider_color=&#8221;#FFFFFF&#8221; global_colors_info=&#8221;{}&#8221;][et_pb_row module_class=&#8221;hero&#8211;row&#8221; _builder_version=&#8221;4.24.3&#8243; _module_preset=&#8221;default&#8221; global_colors_info=&#8221;{}&#8221;][et_pb_column type=&#8221;4_4&#8243; _builder_version=&#8221;4.24.3&#8243; _module_preset=&#8221;default&#8221; global_colors_info=&#8221;{}&#8221;][et_pb_text admin_label=&#8221;Turning&#8221; _builder_version=&#8221;4.25.1&#8243; _module_preset=&#8221;default&#8221; global_colors_info=&#8221;{}&#8221;]<\/p>\n<h1>Sorvaus<\/h1>\n<p>[\/et_pb_text][\/et_pb_column][\/et_pb_row][\/et_pb_section][et_pb_section fb_built=&#8221;1&#8243; module_class=&#8221;content&#8211;section bg&#8211;clear&#8221; _builder_version=&#8221;4.24.3&#8243; _module_preset=&#8221;default&#8221; global_colors_info=&#8221;{}&#8221;][et_pb_row column_structure=&#8221;1_2,1_2&#8243; make_equal=&#8221;on&#8221; module_class=&#8221;content&#8211;row&#8221; _builder_version=&#8221;4.24.3&#8243; _module_preset=&#8221;default&#8221; global_colors_info=&#8221;{}&#8221;][et_pb_column type=&#8221;1_2&#8243; module_class=&#8221;vertical-align-flex&#8221; _builder_version=&#8221;4.24.3&#8243; _module_preset=&#8221;default&#8221; global_colors_info=&#8221;{}&#8221;][et_pb_text _builder_version=&#8221;4.25.1&#8243; _module_preset=&#8221;default&#8221; global_colors_info=&#8221;{}&#8221;]<\/p>\n<h2>Paranna kilpailuetuasi<\/h2>\n<p>[\/et_pb_text][et_pb_text _builder_version=&#8221;4.25.1&#8243; _module_preset=&#8221;default&#8221; global_colors_info=&#8221;{}&#8221;]<\/p>\n<p>Paranna valmistuskyky\u00e4si Turulan sorvauskoneilla. Sorvauskoneemme on suunniteltu k\u00e4sittelem\u00e4\u00e4n laajaa valikoimaa materiaaleja ja kokoja, tarjoten vertaansa vailla olevaa tarkkuutta ja johdonmukaisuutta.<\/p>\n<p>Erinomaisuuteen suunnitellut ja alan johtavan asiantuntemuksen tukemat sorvauspalvelumme ovat v\u00e4ltt\u00e4m\u00e4tt\u00f6mi\u00e4 korkealaatuisten, tiukkojen toleranssien omaavien komponenttien valmistuksessa. Koneemme varmistavat, ett\u00e4 tuotteesi t\u00e4ytt\u00e4v\u00e4t korkeimmat laatu- ja suorituskykystandardit.<\/p>\n<p>[\/et_pb_text][et_pb_button button_url=&#8221;https:\/\/turula.fi\/fi\/yhteystiedot\/&#8221; button_text=&#8221;Ota yhteytt\u00e4&#8221; _builder_version=&#8221;4.25.1&#8243; _module_preset=&#8221;default&#8221; global_colors_info=&#8221;{}&#8221;][\/et_pb_button][\/et_pb_column][et_pb_column type=&#8221;1_2&#8243; module_class=&#8221;vertical-align-flex&#8221; _builder_version=&#8221;4.24.3&#8243; _module_preset=&#8221;default&#8221; global_colors_info=&#8221;{}&#8221;][et_pb_image src=&#8221;https:\/\/turula.fi\/wp-content\/uploads\/2024\/07\/DSC00821-scaled-e1722253712714.jpg&#8221; alt=&#8221;Turula-Engineering &#8211; Sorvaus&#8221; title_text=&#8221;DSC00821&#8243; _builder_version=&#8221;4.25.1&#8243; _module_preset=&#8221;default&#8221; global_colors_info=&#8221;{}&#8221;][\/et_pb_image][\/et_pb_column][\/et_pb_row][\/et_pb_section][et_pb_section fb_built=&#8221;1&#8243; module_class=&#8221;content&#8211;section bg&#8211;quintary with&#8211;divider&#8211;top&#8221; _builder_version=&#8221;4.24.3&#8243; _module_preset=&#8221;default&#8221; top_divider_style=&#8221;asymmetric&#8221; top_divider_color=&#8221;#ffffff&#8221; top_divider_flip=&#8221;horizontal|vertical&#8221; global_colors_info=&#8221;{}&#8221;][et_pb_row make_equal=&#8221;on&#8221; module_class=&#8221;content&#8211;row&#8221; _builder_version=&#8221;4.24.3&#8243; _module_preset=&#8221;default&#8221; global_colors_info=&#8221;{}&#8221;][et_pb_column type=&#8221;4_4&#8243; module_class=&#8221;vertical-align-flex&#8221; _builder_version=&#8221;4.24.3&#8243; _module_preset=&#8221;default&#8221; global_colors_info=&#8221;{}&#8221;][et_pb_text _builder_version=&#8221;4.25.1&#8243; _module_preset=&#8221;default&#8221; global_colors_info=&#8221;{}&#8221;]<\/p>\n<h3>Sorvaus: <span>Meid\u00e4n koneemme, Sinun tarpeesi<\/span><\/h3>\n<p>[\/et_pb_text][et_pb_text _builder_version=&#8221;4.25.1&#8243; _module_preset=&#8221;default&#8221; global_colors_info=&#8221;{}&#8221;]<\/p>\n<p><strong>HEYNUMAT 21U<\/strong> HEYNUMAT 21U on erinomainen sorvausoperaatioissa, kapasiteetilla D650 x 4000. T\u00e4m\u00e4 kone on t\u00e4ydellinen korkeaa tarkkuutta vaativien komponenttien valmistukseen, tarjoten vertaansa vailla olevaa luotettavuutta projekteihin, jotka vaativat tarkkoja spesifikaatioita.<\/p>\n<p><strong>PUMA 600 XLY<\/strong> PUMA 600 XLY erottuu suurella D740 x 5000 sorvauskapasiteetillaan. Suunniteltu suurempia osia varten, t\u00e4m\u00e4 kone tuottaa tarkkoja ja johdonmukaisia tuloksia, tehden siit\u00e4 ihanteellisen vaativiin sorvausteht\u00e4viin.<\/p>\n<p><strong>TOS SUA<\/strong> TOS SUA on suunniteltu tarjoamaan poikkeuksellista suorituskyky\u00e4, k\u00e4sitellen sorvausteht\u00e4vi\u00e4 aina kokoon D1500 x 8000 asti. T\u00e4m\u00e4 kone yhdist\u00e4\u00e4 voiman ja tarkkuuden, varmistaen korkealaatuisen lopputuloksen suurimmille ja haastavimmille projekteille.<\/p>\n<p>&nbsp;<\/p>\n<p>Turulassa ymm\u00e4rr\u00e4mme, kuinka t\u00e4rke\u00e4\u00e4 on omistaa luotettavia koneita toimintaasi varten. Tarkat testausprosessimme on suunniteltu tunnistamaan ja ratkaisemaan mahdolliset ongelmat, varmistaen, ett\u00e4 laitteistosi s\u00e4ilytt\u00e4\u00e4 korkeimmat laatu- ja suorituskykystandardit.<\/p>\n<p>Ota meihin yhteytt\u00e4 keskustellaksesi koeajosta ja saadaksesi selville, kuinka Turula voi auttaa valmistelemaan laitteistosi optimaaliseen suorituskykyyn.<\/p>\n<p>[\/et_pb_text][et_pb_button button_url=&#8221;https:\/\/turula.fi\/fi\/yhteystiedot\/&#8221; button_text=&#8221;Ota yhteytt\u00e4&#8221; _builder_version=&#8221;4.24.3&#8243; _module_preset=&#8221;default&#8221; global_colors_info=&#8221;{}&#8221;][\/et_pb_button][\/et_pb_column][\/et_pb_row][\/et_pb_section]<\/p>\n","protected":false},"excerpt":{"rendered":"<p>SorvausParanna kilpailuetuasiParanna valmistuskyky\u00e4si Turulan sorvauskoneilla. Sorvauskoneemme on suunniteltu k\u00e4sittelem\u00e4\u00e4n laajaa valikoimaa materiaaleja ja kokoja, tarjoten vertaansa vailla olevaa tarkkuutta ja johdonmukaisuutta. Erinomaisuuteen suunnitellut ja alan johtavan asiantuntemuksen tukemat sorvauspalvelumme ovat v\u00e4ltt\u00e4m\u00e4tt\u00f6mi\u00e4 korkealaatuisten, tiukkojen toleranssien omaavien komponenttien valmistuksessa. Koneemme varmistavat, ett\u00e4 tuotteesi t\u00e4ytt\u00e4v\u00e4t korkeimmat laatu- ja suorituskykystandardit.Sorvaus: Meid\u00e4n koneemme, Sinun tarpeesiHEYNUMAT 21U HEYNUMAT 21U on erinomainen [&hellip;]<\/p>\n","protected":false},"author":1,"featured_media":0,"parent":0,"menu_order":0,"comment_status":"closed","ping_status":"closed","template":"","meta":{"_et_pb_use_builder":"on","_et_pb_old_content":"","_et_gb_content_width":"","footnotes":""},"class_list":["post-1406","page","type-page","status-publish","hentry"],"yoast_head":"<!-- This site is optimized with the Yoast SEO plugin v26.9 - https:\/\/yoast.com\/product\/yoast-seo-wordpress\/ -->\n<title>Sorvaus - Turula Engineering<\/title>\n<meta name=\"robots\" content=\"index, follow, max-snippet:-1, max-image-preview:large, max-video-preview:-1\" \/>\n<link rel=\"canonical\" href=\"https:\/\/turula.fi\/fi\/sorvaus\/\" \/>\n<meta property=\"og:locale\" content=\"fi_FI\" \/>\n<meta property=\"og:type\" content=\"article\" \/>\n<meta property=\"og:title\" content=\"Sorvaus - Turula Engineering\" \/>\n<meta property=\"og:description\" content=\"SorvausParanna kilpailuetuasiParanna valmistuskyky\u00e4si Turulan sorvauskoneilla. Sorvauskoneemme on suunniteltu k\u00e4sittelem\u00e4\u00e4n laajaa valikoimaa materiaaleja ja kokoja, tarjoten vertaansa vailla olevaa tarkkuutta ja johdonmukaisuutta. Erinomaisuuteen suunnitellut ja alan johtavan asiantuntemuksen tukemat sorvauspalvelumme ovat v\u00e4ltt\u00e4m\u00e4tt\u00f6mi\u00e4 korkealaatuisten, tiukkojen toleranssien omaavien komponenttien valmistuksessa. Koneemme varmistavat, ett\u00e4 tuotteesi t\u00e4ytt\u00e4v\u00e4t korkeimmat laatu- ja suorituskykystandardit.Sorvaus: Meid\u00e4n koneemme, Sinun tarpeesiHEYNUMAT 21U HEYNUMAT 21U on erinomainen [&hellip;]\" \/>\n<meta property=\"og:url\" content=\"https:\/\/turula.fi\/fi\/sorvaus\/\" \/>\n<meta property=\"og:site_name\" content=\"Turula Engineering\" \/>\n<meta property=\"article:modified_time\" content=\"2025-06-23T08:26:52+00:00\" \/>\n<meta name=\"twitter:card\" content=\"summary_large_image\" \/>\n<meta name=\"twitter:label1\" content=\"Arvioitu lukuaika\" \/>\n\t<meta name=\"twitter:data1\" content=\"3 minuuttia\" \/>\n<script type=\"application\/ld+json\" class=\"yoast-schema-graph\">{\"@context\":\"https:\/\/schema.org\",\"@graph\":[{\"@type\":\"WebPage\",\"@id\":\"https:\/\/turula.fi\/fi\/sorvaus\/\",\"url\":\"https:\/\/turula.fi\/fi\/sorvaus\/\",\"name\":\"Sorvaus - Turula Engineering\",\"isPartOf\":{\"@id\":\"https:\/\/turula.fi\/fi\/#website\"},\"datePublished\":\"2024-06-14T11:27:37+00:00\",\"dateModified\":\"2025-06-23T08:26:52+00:00\",\"breadcrumb\":{\"@id\":\"https:\/\/turula.fi\/fi\/sorvaus\/#breadcrumb\"},\"inLanguage\":\"fi\",\"potentialAction\":[{\"@type\":\"ReadAction\",\"target\":[\"https:\/\/turula.fi\/fi\/sorvaus\/\"]}]},{\"@type\":\"BreadcrumbList\",\"@id\":\"https:\/\/turula.fi\/fi\/sorvaus\/#breadcrumb\",\"itemListElement\":[{\"@type\":\"ListItem\",\"position\":1,\"name\":\"Home\",\"item\":\"https:\/\/turula.fi\/fi\/\"},{\"@type\":\"ListItem\",\"position\":2,\"name\":\"Sorvaus\"}]},{\"@type\":\"WebSite\",\"@id\":\"https:\/\/turula.fi\/fi\/#website\",\"url\":\"https:\/\/turula.fi\/fi\/\",\"name\":\"Turula Engineering\",\"description\":\"\",\"potentialAction\":[{\"@type\":\"SearchAction\",\"target\":{\"@type\":\"EntryPoint\",\"urlTemplate\":\"https:\/\/turula.fi\/fi\/?s={search_term_string}\"},\"query-input\":{\"@type\":\"PropertyValueSpecification\",\"valueRequired\":true,\"valueName\":\"search_term_string\"}}],\"inLanguage\":\"fi\"}]}<\/script>\n<!-- \/ Yoast SEO plugin. -->","yoast_head_json":{"title":"Sorvaus - Turula Engineering","robots":{"index":"index","follow":"follow","max-snippet":"max-snippet:-1","max-image-preview":"max-image-preview:large","max-video-preview":"max-video-preview:-1"},"canonical":"https:\/\/turula.fi\/fi\/sorvaus\/","og_locale":"fi_FI","og_type":"article","og_title":"Sorvaus - Turula Engineering","og_description":"SorvausParanna kilpailuetuasiParanna valmistuskyky\u00e4si Turulan sorvauskoneilla. Sorvauskoneemme on suunniteltu k\u00e4sittelem\u00e4\u00e4n laajaa valikoimaa materiaaleja ja kokoja, tarjoten vertaansa vailla olevaa tarkkuutta ja johdonmukaisuutta. Erinomaisuuteen suunnitellut ja alan johtavan asiantuntemuksen tukemat sorvauspalvelumme ovat v\u00e4ltt\u00e4m\u00e4tt\u00f6mi\u00e4 korkealaatuisten, tiukkojen toleranssien omaavien komponenttien valmistuksessa. Koneemme varmistavat, ett\u00e4 tuotteesi t\u00e4ytt\u00e4v\u00e4t korkeimmat laatu- ja suorituskykystandardit.Sorvaus: Meid\u00e4n koneemme, Sinun tarpeesiHEYNUMAT 21U HEYNUMAT 21U on erinomainen [&hellip;]","og_url":"https:\/\/turula.fi\/fi\/sorvaus\/","og_site_name":"Turula Engineering","article_modified_time":"2025-06-23T08:26:52+00:00","twitter_card":"summary_large_image","twitter_misc":{"Arvioitu lukuaika":"3 minuuttia"},"schema":{"@context":"https:\/\/schema.org","@graph":[{"@type":"WebPage","@id":"https:\/\/turula.fi\/fi\/sorvaus\/","url":"https:\/\/turula.fi\/fi\/sorvaus\/","name":"Sorvaus - Turula Engineering","isPartOf":{"@id":"https:\/\/turula.fi\/fi\/#website"},"datePublished":"2024-06-14T11:27:37+00:00","dateModified":"2025-06-23T08:26:52+00:00","breadcrumb":{"@id":"https:\/\/turula.fi\/fi\/sorvaus\/#breadcrumb"},"inLanguage":"fi","potentialAction":[{"@type":"ReadAction","target":["https:\/\/turula.fi\/fi\/sorvaus\/"]}]},{"@type":"BreadcrumbList","@id":"https:\/\/turula.fi\/fi\/sorvaus\/#breadcrumb","itemListElement":[{"@type":"ListItem","position":1,"name":"Home","item":"https:\/\/turula.fi\/fi\/"},{"@type":"ListItem","position":2,"name":"Sorvaus"}]},{"@type":"WebSite","@id":"https:\/\/turula.fi\/fi\/#website","url":"https:\/\/turula.fi\/fi\/","name":"Turula Engineering","description":"","potentialAction":[{"@type":"SearchAction","target":{"@type":"EntryPoint","urlTemplate":"https:\/\/turula.fi\/fi\/?s={search_term_string}"},"query-input":{"@type":"PropertyValueSpecification","valueRequired":true,"valueName":"search_term_string"}}],"inLanguage":"fi"}]}},"_links":{"self":[{"href":"https:\/\/turula.fi\/fi\/wp-json\/wp\/v2\/pages\/1406","targetHints":{"allow":["GET"]}}],"collection":[{"href":"https:\/\/turula.fi\/fi\/wp-json\/wp\/v2\/pages"}],"about":[{"href":"https:\/\/turula.fi\/fi\/wp-json\/wp\/v2\/types\/page"}],"author":[{"embeddable":true,"href":"https:\/\/turula.fi\/fi\/wp-json\/wp\/v2\/users\/1"}],"replies":[{"embeddable":true,"href":"https:\/\/turula.fi\/fi\/wp-json\/wp\/v2\/comments?post=1406"}],"version-history":[{"count":5,"href":"https:\/\/turula.fi\/fi\/wp-json\/wp\/v2\/pages\/1406\/revisions"}],"predecessor-version":[{"id":1681,"href":"https:\/\/turula.fi\/fi\/wp-json\/wp\/v2\/pages\/1406\/revisions\/1681"}],"wp:attachment":[{"href":"https:\/\/turula.fi\/fi\/wp-json\/wp\/v2\/media?parent=1406"}],"curies":[{"name":"wp","href":"https:\/\/api.w.org\/{rel}","templated":true}]}}