{"id":971,"date":"2024-05-07T11:40:15","date_gmt":"2024-05-07T11:40:15","guid":{"rendered":"https:\/\/turula.fi\/projektinhallinta\/"},"modified":"2024-08-08T06:03:56","modified_gmt":"2024-08-08T06:03:56","slug":"projektinhallinta","status":"publish","type":"page","link":"https:\/\/turula.fi\/fi\/projektinhallinta\/","title":{"rendered":"Projektinhallinta"},"content":{"rendered":"<p>[et_pb_section fb_built=&#8221;1&#8243; module_class=&#8221;hero&#8211;section header&#8211;section&#8221; _builder_version=&#8221;4.25.1&#8243; _module_preset=&#8221;default&#8221; use_background_color_gradient=&#8221;on&#8221; background_color_gradient_stops=&#8221;rgba(45,45,45,0.85) 0%|rgba(45,45,45,0.85) 100%&#8221; background_color_gradient_overlays_image=&#8221;on&#8221; background_image=&#8221;https:\/\/turula.fi\/wp-content\/uploads\/2024\/07\/Turula-Engineering-Web-Kuvat-6-1.jpg&#8221; bottom_divider_style=&#8221;asymmetric&#8221; bottom_divider_color=&#8221;#FFFFFF&#8221; global_colors_info=&#8221;{}&#8221;][et_pb_row module_class=&#8221;hero&#8211;row&#8221; _builder_version=&#8221;4.24.3&#8243; _module_preset=&#8221;default&#8221; global_colors_info=&#8221;{}&#8221;][et_pb_column type=&#8221;4_4&#8243; _builder_version=&#8221;4.24.3&#8243; _module_preset=&#8221;default&#8221; global_colors_info=&#8221;{}&#8221;][et_pb_text admin_label=&#8221;Project Management&#8221; _builder_version=&#8221;4.25.1&#8243; _module_preset=&#8221;default&#8221; global_colors_info=&#8221;{}&#8221;]<\/p>\n<h1>Projektin<span>hallinta<\/span><\/h1>\n<p>[\/et_pb_text][\/et_pb_column][\/et_pb_row][\/et_pb_section][et_pb_section fb_built=&#8221;1&#8243; module_class=&#8221;content&#8211;section bg&#8211;clear&#8221; _builder_version=&#8221;4.24.3&#8243; _module_preset=&#8221;default&#8221; global_colors_info=&#8221;{}&#8221;][et_pb_row column_structure=&#8221;1_2,1_2&#8243; make_equal=&#8221;on&#8221; module_class=&#8221;content&#8211;row&#8221; _builder_version=&#8221;4.24.3&#8243; _module_preset=&#8221;default&#8221; global_colors_info=&#8221;{}&#8221;][et_pb_column type=&#8221;1_2&#8243; module_class=&#8221;vertical-align-flex&#8221; _builder_version=&#8221;4.24.3&#8243; _module_preset=&#8221;default&#8221; global_colors_info=&#8221;{}&#8221;][et_pb_text admin_label=&#8221;Project Management Services&#8221; _builder_version=&#8221;4.24.3&#8243; _module_preset=&#8221;default&#8221; global_colors_info=&#8221;{}&#8221;]<\/p>\n<h2>Projektinhallinta-palvelut<\/h2>\n<p>[\/et_pb_text][et_pb_text _builder_version=&#8221;4.25.1&#8243; _module_preset=&#8221;default&#8221; hover_enabled=&#8221;0&#8243; global_colors_info=&#8221;{}&#8221; sticky_enabled=&#8221;0&#8243;]Projektin toteuttaminen asiakkaan vaatimusten mukaisesti on intohimomme osana suunnitteluprojektin johtamista. Kiinnit\u00e4mme suurta huomiota korkean laadun yll\u00e4pitoon ja varmistamme toimituksen aikataulun mukaisesti. Ty\u00f6skennelless\u00e4si kanssamme saat: <\/p>\n<ul>\n<li>Projektip\u00e4\u00e4llik\u00f6n, joka on omistautunut projektillesi<\/li>\n<li>Yksityiskohtaista suunnittelua ja projektin tilan raportointia<\/li>\n<li>Selke\u00e4n kulurakenteen, joka perustuu ty\u00f6tunteihin ja materiaalinkulutukseen.<\/li>\n<\/ul>\n<p>[\/et_pb_text][et_pb_button button_url=&#8221;https:\/\/turula.fi\/fi\/yhteystiedot\/&#8221; button_text=&#8221;Ota yhteytt\u00e4&#8221; _builder_version=&#8221;4.24.3&#8243; _module_preset=&#8221;default&#8221; global_colors_info=&#8221;{}&#8221;][\/et_pb_button][\/et_pb_column][et_pb_column type=&#8221;1_2&#8243; module_class=&#8221;vertical-align-flex&#8221; _builder_version=&#8221;4.24.3&#8243; _module_preset=&#8221;default&#8221; global_colors_info=&#8221;{}&#8221;][et_pb_image src=&#8221;https:\/\/turula.fi\/wp-content\/uploads\/2024\/07\/DSC01266-scaled-e1722233575633.jpg&#8221; alt=&#8221;Turula-Engineering &#8211; Projektinhallinta palvelut&#8221; title_text=&#8221;DSC01266&#8243; _builder_version=&#8221;4.25.1&#8243; _module_preset=&#8221;default&#8221; global_colors_info=&#8221;{}&#8221;][\/et_pb_image][\/et_pb_column][\/et_pb_row][\/et_pb_section][et_pb_section fb_built=&#8221;1&#8243; module_class=&#8221;content&#8211;section bg&#8211;quintary with&#8211;divider&#8211;top&#8221; _builder_version=&#8221;4.24.3&#8243; _module_preset=&#8221;default&#8221; top_divider_style=&#8221;asymmetric&#8221; top_divider_color=&#8221;#ffffff&#8221; top_divider_flip=&#8221;horizontal|vertical&#8221; global_colors_info=&#8221;{}&#8221;][et_pb_row make_equal=&#8221;on&#8221; module_class=&#8221;content&#8211;row&#8221; _builder_version=&#8221;4.24.3&#8243; _module_preset=&#8221;default&#8221; global_colors_info=&#8221;{}&#8221;][et_pb_column type=&#8221;4_4&#8243; module_class=&#8221;vertical-align-flex&#8221; _builder_version=&#8221;4.24.3&#8243; _module_preset=&#8221;default&#8221; global_colors_info=&#8221;{}&#8221;][et_pb_text admin_label=&#8221;Efficient Project Management Solutions&#8221; _builder_version=&#8221;4.24.3&#8243; _module_preset=&#8221;default&#8221; global_colors_info=&#8221;{}&#8221;]<\/p>\n<h3>Kattavaa insin\u00f6\u00f6ritason projektinhallintaa suunnittelusta toimitukseen<\/h3>\n<p>[\/et_pb_text][et_pb_text _builder_version=&#8221;4.25.1&#8243; _module_preset=&#8221;default&#8221; global_colors_info=&#8221;{}&#8221;]Ammattimainen projektip\u00e4\u00e4llikk\u00f6 huolehtii tuotantosuunnitelmasta, aikataulusta, edistymisraporteista ja kustannusarviosta. Insin\u00f6\u00f6ritason projektinhallintaamme kuuluu, ett\u00e4 vastuullinen projektip\u00e4\u00e4llikk\u00f6 johtaa n\u00e4it\u00e4 keskeisi\u00e4 osa-alueita sek\u00e4 toimii p\u00e4\u00e4asiallisena yhteyshenkil\u00f6n\u00e4 asiakkaillemme koko projektin ajan.<\/p>\n<p>T\u00e4m\u00e4 varmistaa johdonmukaisen ja luotettavan viestinn\u00e4n, jotta pystymme samalla k\u00e4sittelem\u00e4\u00e4n mahdollisia huolenaiheita tai muutostarpeita, jotka saattavat nousta esiin projektin elinkaaren aikana. Projektip\u00e4\u00e4llikk\u00f6mme valvoo jokaista osa-aluetta suunnittelun ja resurssien kohdentamisen alkuvaiheista aina toteutuksen ja seurannan monimutkaisiin yksityiskohtiin, jotta varmistamme, ett\u00e4 projekti noudattaa asiakkaan m\u00e4\u00e4ritt\u00e4mi\u00e4 vaatimuksia.<\/p>\n<p>Kattava valvonta sis\u00e4lt\u00e4\u00e4 s\u00e4\u00e4nn\u00f6lliset edistymisraportit, jotka pit\u00e4v\u00e4t kaikki sidosryhm\u00e4t ajan tasalla nykytilanteesta ja mahdollisista merkitt\u00e4vist\u00e4 kehityskuluista. Lis\u00e4ksi kustannusarviota tarkkaillaan ja hallitaan huolellisesti, jotta varmistetaan, ett\u00e4 projekti pysyy budjetissa. Sitoutumisemme insin\u00f6\u00f6ritason projektinhallintaan ulottuu lopulliseen testausvaiheeseen asti.<\/p>\n<p>Kannamme t\u00e4yden vastuun koko projektista ja varmistamme, ett\u00e4 jokainen tuotannon osa vastaa korkeimpia laatustandardeja. Projektip\u00e4\u00e4llikk\u00f6 koordinoi lopulliset testaus- ja validointiprosessit ja varmistaa, ett\u00e4 projektin tulokset ovat linjassa sovittujen kriteerien kanssa. T\u00e4m\u00e4 end-to-end-vastuu korostaa sitoutumistamme toimittamaan paitsi valmis projekti, my\u00f6s menestyksek\u00e4s ja tyydytt\u00e4v\u00e4 sellainen, joka t\u00e4ytt\u00e4\u00e4 kaikki asiakkaan odotukset.[\/et_pb_text][et_pb_button button_url=&#8221;https:\/\/turula.fi\/fi\/yhteystiedot\/&#8221; button_text=&#8221;Ota yhteytt\u00e4&#8221; _builder_version=&#8221;4.24.3&#8243; _module_preset=&#8221;default&#8221; global_colors_info=&#8221;{}&#8221;][\/et_pb_button][\/et_pb_column][\/et_pb_row][\/et_pb_section]<\/p>\n","protected":false},"excerpt":{"rendered":"<p>ProjektinhallintaProjektinhallinta-palvelutProjektin toteuttaminen asiakkaan vaatimusten mukaisesti on intohimomme osana suunnitteluprojektin johtamista. Kiinnit\u00e4mme suurta huomiota korkean laadun yll\u00e4pitoon ja varmistamme toimituksen aikataulun mukaisesti. Ty\u00f6skennelless\u00e4si kanssamme saat: Projektip\u00e4\u00e4llik\u00f6n, joka on omistautunut projektillesi Yksityiskohtaista suunnittelua ja projektin tilan raportointia Selke\u00e4n kulurakenteen, joka perustuu ty\u00f6tunteihin ja materiaalinkulutukseen. Kattavaa insin\u00f6\u00f6ritason projektinhallintaa suunnittelusta toimitukseenAmmattimainen projektip\u00e4\u00e4llikk\u00f6 huolehtii tuotantosuunnitelmasta, aikataulusta, edistymisraporteista ja kustannusarviosta. Insin\u00f6\u00f6ritason [&hellip;]<\/p>\n","protected":false},"author":1,"featured_media":0,"parent":0,"menu_order":0,"comment_status":"closed","ping_status":"closed","template":"","meta":{"_et_pb_use_builder":"on","_et_pb_old_content":"","_et_gb_content_width":"","footnotes":""},"class_list":["post-971","page","type-page","status-publish","hentry"],"yoast_head":"<!-- This site is optimized with the Yoast SEO plugin v26.9 - https:\/\/yoast.com\/product\/yoast-seo-wordpress\/ -->\n<title>Projektinhallinta - Turula Engineering<\/title>\n<meta name=\"description\" content=\"Turula Engineering | Ammattimainen projektip\u00e4\u00e4llikk\u00f6 huolehtii tuotantosuunnitelmasta, aikataulusta, edistymisraporteista ja kustannusarviosta \u2013 Projektinhallinta\" \/>\n<meta name=\"robots\" content=\"index, follow, max-snippet:-1, max-image-preview:large, max-video-preview:-1\" \/>\n<link rel=\"canonical\" href=\"https:\/\/turula.fi\/fi\/projektinhallinta\/\" \/>\n<meta property=\"og:locale\" content=\"fi_FI\" \/>\n<meta property=\"og:type\" content=\"article\" \/>\n<meta property=\"og:title\" content=\"Projektinhallinta - Turula Engineering\" \/>\n<meta property=\"og:description\" content=\"Turula Engineering | Ammattimainen projektip\u00e4\u00e4llikk\u00f6 huolehtii tuotantosuunnitelmasta, aikataulusta, edistymisraporteista ja kustannusarviosta \u2013 Projektinhallinta\" \/>\n<meta property=\"og:url\" content=\"https:\/\/turula.fi\/fi\/projektinhallinta\/\" \/>\n<meta property=\"og:site_name\" content=\"Turula Engineering\" \/>\n<meta property=\"article:modified_time\" content=\"2024-08-08T06:03:56+00:00\" \/>\n<meta name=\"twitter:card\" content=\"summary_large_image\" \/>\n<meta name=\"twitter:label1\" content=\"Arvioitu lukuaika\" \/>\n\t<meta name=\"twitter:data1\" content=\"2 minuuttia\" \/>\n<script type=\"application\/ld+json\" class=\"yoast-schema-graph\">{\"@context\":\"https:\/\/schema.org\",\"@graph\":[{\"@type\":\"WebPage\",\"@id\":\"https:\/\/turula.fi\/fi\/projektinhallinta\/\",\"url\":\"https:\/\/turula.fi\/fi\/projektinhallinta\/\",\"name\":\"Projektinhallinta - Turula Engineering\",\"isPartOf\":{\"@id\":\"https:\/\/turula.fi\/fi\/#website\"},\"datePublished\":\"2024-05-07T11:40:15+00:00\",\"dateModified\":\"2024-08-08T06:03:56+00:00\",\"description\":\"Turula Engineering | Ammattimainen projektip\u00e4\u00e4llikk\u00f6 huolehtii tuotantosuunnitelmasta, aikataulusta, edistymisraporteista ja kustannusarviosta \u2013 Projektinhallinta\",\"breadcrumb\":{\"@id\":\"https:\/\/turula.fi\/fi\/projektinhallinta\/#breadcrumb\"},\"inLanguage\":\"fi\",\"potentialAction\":[{\"@type\":\"ReadAction\",\"target\":[\"https:\/\/turula.fi\/fi\/projektinhallinta\/\"]}]},{\"@type\":\"BreadcrumbList\",\"@id\":\"https:\/\/turula.fi\/fi\/projektinhallinta\/#breadcrumb\",\"itemListElement\":[{\"@type\":\"ListItem\",\"position\":1,\"name\":\"Home\",\"item\":\"https:\/\/turula.fi\/fi\/\"},{\"@type\":\"ListItem\",\"position\":2,\"name\":\"Projektinhallinta\"}]},{\"@type\":\"WebSite\",\"@id\":\"https:\/\/turula.fi\/fi\/#website\",\"url\":\"https:\/\/turula.fi\/fi\/\",\"name\":\"Turula Engineering\",\"description\":\"\",\"potentialAction\":[{\"@type\":\"SearchAction\",\"target\":{\"@type\":\"EntryPoint\",\"urlTemplate\":\"https:\/\/turula.fi\/fi\/?s={search_term_string}\"},\"query-input\":{\"@type\":\"PropertyValueSpecification\",\"valueRequired\":true,\"valueName\":\"search_term_string\"}}],\"inLanguage\":\"fi\"}]}<\/script>\n<!-- \/ Yoast SEO plugin. -->","yoast_head_json":{"title":"Projektinhallinta - Turula Engineering","description":"Turula Engineering | Ammattimainen projektip\u00e4\u00e4llikk\u00f6 huolehtii tuotantosuunnitelmasta, aikataulusta, edistymisraporteista ja kustannusarviosta \u2013 Projektinhallinta","robots":{"index":"index","follow":"follow","max-snippet":"max-snippet:-1","max-image-preview":"max-image-preview:large","max-video-preview":"max-video-preview:-1"},"canonical":"https:\/\/turula.fi\/fi\/projektinhallinta\/","og_locale":"fi_FI","og_type":"article","og_title":"Projektinhallinta - Turula Engineering","og_description":"Turula Engineering | Ammattimainen projektip\u00e4\u00e4llikk\u00f6 huolehtii tuotantosuunnitelmasta, aikataulusta, edistymisraporteista ja kustannusarviosta \u2013 Projektinhallinta","og_url":"https:\/\/turula.fi\/fi\/projektinhallinta\/","og_site_name":"Turula Engineering","article_modified_time":"2024-08-08T06:03:56+00:00","twitter_card":"summary_large_image","twitter_misc":{"Arvioitu lukuaika":"2 minuuttia"},"schema":{"@context":"https:\/\/schema.org","@graph":[{"@type":"WebPage","@id":"https:\/\/turula.fi\/fi\/projektinhallinta\/","url":"https:\/\/turula.fi\/fi\/projektinhallinta\/","name":"Projektinhallinta - Turula Engineering","isPartOf":{"@id":"https:\/\/turula.fi\/fi\/#website"},"datePublished":"2024-05-07T11:40:15+00:00","dateModified":"2024-08-08T06:03:56+00:00","description":"Turula Engineering | Ammattimainen projektip\u00e4\u00e4llikk\u00f6 huolehtii tuotantosuunnitelmasta, aikataulusta, edistymisraporteista ja kustannusarviosta \u2013 Projektinhallinta","breadcrumb":{"@id":"https:\/\/turula.fi\/fi\/projektinhallinta\/#breadcrumb"},"inLanguage":"fi","potentialAction":[{"@type":"ReadAction","target":["https:\/\/turula.fi\/fi\/projektinhallinta\/"]}]},{"@type":"BreadcrumbList","@id":"https:\/\/turula.fi\/fi\/projektinhallinta\/#breadcrumb","itemListElement":[{"@type":"ListItem","position":1,"name":"Home","item":"https:\/\/turula.fi\/fi\/"},{"@type":"ListItem","position":2,"name":"Projektinhallinta"}]},{"@type":"WebSite","@id":"https:\/\/turula.fi\/fi\/#website","url":"https:\/\/turula.fi\/fi\/","name":"Turula Engineering","description":"","potentialAction":[{"@type":"SearchAction","target":{"@type":"EntryPoint","urlTemplate":"https:\/\/turula.fi\/fi\/?s={search_term_string}"},"query-input":{"@type":"PropertyValueSpecification","valueRequired":true,"valueName":"search_term_string"}}],"inLanguage":"fi"}]}},"_links":{"self":[{"href":"https:\/\/turula.fi\/fi\/wp-json\/wp\/v2\/pages\/971","targetHints":{"allow":["GET"]}}],"collection":[{"href":"https:\/\/turula.fi\/fi\/wp-json\/wp\/v2\/pages"}],"about":[{"href":"https:\/\/turula.fi\/fi\/wp-json\/wp\/v2\/types\/page"}],"author":[{"embeddable":true,"href":"https:\/\/turula.fi\/fi\/wp-json\/wp\/v2\/users\/1"}],"replies":[{"embeddable":true,"href":"https:\/\/turula.fi\/fi\/wp-json\/wp\/v2\/comments?post=971"}],"version-history":[{"count":4,"href":"https:\/\/turula.fi\/fi\/wp-json\/wp\/v2\/pages\/971\/revisions"}],"predecessor-version":[{"id":1552,"href":"https:\/\/turula.fi\/fi\/wp-json\/wp\/v2\/pages\/971\/revisions\/1552"}],"wp:attachment":[{"href":"https:\/\/turula.fi\/fi\/wp-json\/wp\/v2\/media?parent=971"}],"curies":[{"name":"wp","href":"https:\/\/api.w.org\/{rel}","templated":true}]}}