{"id":974,"date":"2024-05-15T10:07:52","date_gmt":"2024-05-15T10:07:52","guid":{"rendered":"https:\/\/turula.fi\/tuotantoketjun-hallinta\/"},"modified":"2024-08-08T09:01:22","modified_gmt":"2024-08-08T09:01:22","slug":"tuotantoketjun-hallinta","status":"publish","type":"page","link":"https:\/\/turula.fi\/fi\/tuotantoketjun-hallinta\/","title":{"rendered":"Tuotantoketjun hallinta"},"content":{"rendered":"<p>[et_pb_section fb_built=&#8221;1&#8243; module_class=&#8221;hero&#8211;section header&#8211;section&#8221; _builder_version=&#8221;4.24.3&#8243; _module_preset=&#8221;default&#8221; use_background_color_gradient=&#8221;on&#8221; background_color_gradient_stops=&#8221;rgba(40,40,40,0.85) 0%|rgba(40,40,40,0.85) 100%&#8221; background_color_gradient_overlays_image=&#8221;on&#8221; background_image=&#8221;\/wp-content\/uploads\/2024\/04\/landing-page-header-placeholder.jpg&#8221; bottom_divider_style=&#8221;asymmetric&#8221; bottom_divider_color=&#8221;#FFFFFF&#8221; global_colors_info=&#8221;{}&#8221;][et_pb_row module_class=&#8221;hero&#8211;row&#8221; _builder_version=&#8221;4.24.3&#8243; _module_preset=&#8221;default&#8221; global_colors_info=&#8221;{}&#8221;][et_pb_column type=&#8221;4_4&#8243; _builder_version=&#8221;4.24.3&#8243; _module_preset=&#8221;default&#8221; global_colors_info=&#8221;{}&#8221;][et_pb_text admin_label=&#8221;Supply Chain Management&#8221; _builder_version=&#8221;4.25.1&#8243; _module_preset=&#8221;default&#8221; global_colors_info=&#8221;{}&#8221;]<\/p>\n<h1>Tuotantoketjun <span>hallinta<\/span><\/h1>\n<p>[\/et_pb_text][\/et_pb_column][\/et_pb_row][\/et_pb_section][et_pb_section fb_built=&#8221;1&#8243; module_class=&#8221;content&#8211;section bg&#8211;clear&#8221; _builder_version=&#8221;4.24.3&#8243; _module_preset=&#8221;default&#8221; global_colors_info=&#8221;{}&#8221;][et_pb_row column_structure=&#8221;1_2,1_2&#8243; make_equal=&#8221;on&#8221; module_class=&#8221;content&#8211;row&#8221; _builder_version=&#8221;4.24.3&#8243; _module_preset=&#8221;default&#8221; global_colors_info=&#8221;{}&#8221;][et_pb_column type=&#8221;1_2&#8243; module_class=&#8221;vertical-align-flex&#8221; _builder_version=&#8221;4.24.3&#8243; _module_preset=&#8221;default&#8221; global_colors_info=&#8221;{}&#8221;][et_pb_text admin_label=&#8221;Experienced Supply Chain Management&#8221; _builder_version=&#8221;4.25.1&#8243; _module_preset=&#8221;default&#8221; global_colors_info=&#8221;{}&#8221;]<\/p>\n<h2>Tuotantoketjujen hallintaa pitk\u00e4ll\u00e4 kokemuksella<\/h2>\n<p>[\/et_pb_text][et_pb_text _builder_version=&#8221;4.25.1&#8243; _module_preset=&#8221;default&#8221; global_colors_info=&#8221;{}&#8221;]Hallitsemme tuotteidemme koko toimitusketjun, mukaan lukien materiaalien ja komponenttien hankinnan sek\u00e4 kokoonpanon ja asennuksen. Kattavat tuotantopalvelumme kattavat esivalmistuksen, hitsauksen, koneistuksen, pintak\u00e4sittelyn ja kokoonpanon varmistaen, ett\u00e4 prosessin jokainen osa t\u00e4ytt\u00e4\u00e4 korkeimmat standardit.<\/p>\n<p>Osana toimitusketjun hallittuja palvelujamme ja valmistuspalveluitamme huolehdimme laadunvalvonnasta ja logistiikasta varmistaaksemme saumattoman toiminnan ja oikea-aikaiset toimitukset. Valvomalla jokaista vaihetta hankinnasta lopulliseen kokoonpanoon tarjoamme virtaviivaistetun ja tehokkaan valmistusprosessin, joka on r\u00e4\u00e4t\u00e4l\u00f6ity vastaamaan asiakkaidemme erityistarpeita ja vaatimuksia.[\/et_pb_text][et_pb_button button_url=&#8221;https:\/\/turula.fi\/fi\/yhteystiedot\/&#8221; button_text=&#8221;Ota yhteytt\u00e4&#8221; _builder_version=&#8221;4.24.3&#8243; _module_preset=&#8221;default&#8221; global_colors_info=&#8221;{}&#8221;][\/et_pb_button][\/et_pb_column][et_pb_column type=&#8221;1_2&#8243; module_class=&#8221;vertical-align-flex&#8221; _builder_version=&#8221;4.24.3&#8243; _module_preset=&#8221;default&#8221; global_colors_info=&#8221;{}&#8221;][et_pb_image src=&#8221;\/wp-content\/uploads\/2024\/08\/Turula-Engineering-Turula-Services-1.jpg&#8221; alt=&#8221;Turula-Engineering &#8211; Tuotantoketjujen hallintaa pitk\u00e4ll\u00e4 kokemuksella&#8221; title_text=&#8221;Turula-Engineering &#8211; Tuotantoketjujen hallintaa pitk\u00e4ll\u00e4 kokemuksella&#8221; _builder_version=&#8221;4.25.1&#8243; _module_preset=&#8221;default&#8221; hover_enabled=&#8221;0&#8243; global_colors_info=&#8221;{}&#8221; sticky_enabled=&#8221;0&#8243;][\/et_pb_image][\/et_pb_column][\/et_pb_row][\/et_pb_section][et_pb_section fb_built=&#8221;1&#8243; module_class=&#8221;content&#8211;section bg&#8211;quintary with&#8211;divider&#8211;top&#8221; _builder_version=&#8221;4.24.3&#8243; _module_preset=&#8221;default&#8221; top_divider_style=&#8221;asymmetric&#8221; top_divider_color=&#8221;#ffffff&#8221; top_divider_flip=&#8221;horizontal|vertical&#8221; global_colors_info=&#8221;{}&#8221;][et_pb_row make_equal=&#8221;on&#8221; module_class=&#8221;content&#8211;row&#8221; _builder_version=&#8221;4.24.3&#8243; _module_preset=&#8221;default&#8221; global_colors_info=&#8221;{}&#8221;][et_pb_column type=&#8221;4_4&#8243; module_class=&#8221;vertical-align-flex&#8221; _builder_version=&#8221;4.24.3&#8243; _module_preset=&#8221;default&#8221; global_colors_info=&#8221;{}&#8221;][et_pb_text admin_label=&#8221;We offer top quality solutions&#8221; _builder_version=&#8221;4.24.3&#8243; _module_preset=&#8221;default&#8221; global_colors_info=&#8221;{}&#8221;]<\/p>\n<h3>Toimitusketjun hallinnan palvelut: <span>Huippulaatuisia ratkaisuja<\/span><\/h3>\n<p>[\/et_pb_text][et_pb_text _builder_version=&#8221;4.25.1&#8243; _module_preset=&#8221;default&#8221; global_colors_info=&#8221;{}&#8221;]Tehokkaat toimitusketjun hallinnan palvelut t\u00e4ht\u00e4\u00e4v\u00e4t parantamaan materiaalien, informaation ja rahoituksen virtausta tuotteen liikkuessa toimittajalta valmistajalle, tukkuliikkeeseen, j\u00e4lleenmyyj\u00e4lle ja lopulta kuluttajalle. L\u00e4hestymistapamme on suunniteltu optimoimaan jokainen t\u00e4m\u00e4n prosessin vaihe varmistaen tehokkuus ja luotettavuus. Tavoitteenamme on saavuttaa kest\u00e4v\u00e4 kilpailuetu kehitt\u00e4m\u00e4ll\u00e4 ja toteuttamalla tehokkaita ja laadukkaita toimitusketjuprosesseja.<\/p>\n<p>Menetelm\u00e4mme sis\u00e4lt\u00e4\u00e4 perusteellisen analyysin kustakin vaiheesta toimitusketjussa tunnistaaksemme parannuskohteita ja toteuttaaksemme strategioita, jotka tehostavat tuottavuutta ja v\u00e4hent\u00e4v\u00e4t kustannuksia. T\u00e4h\u00e4n sis\u00e4ltyy edistyneen teknologian hy\u00f6dynt\u00e4minen reaaliaikaiseen seurantaan ja tietojen analysointiin, mik\u00e4 auttaa tekem\u00e4\u00e4n perusteltuja p\u00e4\u00e4t\u00f6ksi\u00e4 ja ennakoi mahdollisia h\u00e4iri\u00f6it\u00e4. Lis\u00e4ksi palvelumme sis\u00e4lt\u00e4v\u00e4t kattavaa riskienhallintaa ongelmien lievent\u00e4miseksi varmistaen tuotteiden ja informaation sujuvan ja keskeytyksett\u00f6m\u00e4n virtauksen.<\/p>\n<p>Teemme tiivist\u00e4 yhteisty\u00f6t\u00e4 asiakkaidemme kanssa r\u00e4\u00e4t\u00e4l\u00f6id\u00e4ksemme palvelumme heid\u00e4n erityistarpeidensa mukaisesti. Tarjoamme r\u00e4\u00e4t\u00e4l\u00f6ityj\u00e4 ratkaisuja, jotka vastaavat yksil\u00f6llisiin haasteisiin. Integroimalla kest\u00e4vi\u00e4 k\u00e4yt\u00e4nt\u00f6j\u00e4 prosesseihimme emme keskity pelk\u00e4st\u00e4\u00e4n tehokkuuteen vaan my\u00f6s ymp\u00e4rist\u00f6vaikutusten minimoimiseen. Sitoutumisemme kest\u00e4vyyteen sis\u00e4lt\u00e4\u00e4 j\u00e4tteen v\u00e4hent\u00e4misen, resurssien optimoinnin ja ekologisesti kest\u00e4vien k\u00e4yt\u00e4nt\u00f6jen edist\u00e4misen koko toimitusketjussa.<\/p>\n<p>Lis\u00e4ksi tarjoamme jatkuvaa tukea ja koulutusta asiakkaillemme auttaaksemme heit\u00e4 sopeutumaan kehittyviin markkinavaatimuksiin ja teknologisiin edistysaskeliin. T\u00e4m\u00e4 proaktiivinen l\u00e4hestymistapa varmistaa, ett\u00e4 asiakkaamme pysyv\u00e4t kilpailukykyisin\u00e4 ja voivat reagoida nopeasti alan muutoksiin. Palvelumme on r\u00e4\u00e4t\u00e4l\u00f6ity toimitusketjun kokonaissuorituksen parantamiseen, ajamaan kasvua ja tuottamaan arvoa asiakkaillemme. Keskittym\u00e4ll\u00e4 tehokkuuteen, kest\u00e4vyyteen ja innovaatioon autamme asiakkaitamme saavuttamaan liiketoiminnalliset tavoitteensa ja s\u00e4ilytt\u00e4m\u00e4\u00e4n kilpailuetunsa markkinoilla.[\/et_pb_text][et_pb_button button_url=&#8221;https:\/\/turula.fi\/fi\/yhteystiedot\/&#8221; button_text=&#8221;Ota yhteytt\u00e4&#8221; _builder_version=&#8221;4.24.3&#8243; _module_preset=&#8221;default&#8221; global_colors_info=&#8221;{}&#8221;][\/et_pb_button][\/et_pb_column][\/et_pb_row][\/et_pb_section]<\/p>\n","protected":false},"excerpt":{"rendered":"<p>Tuotantoketjun hallintaTuotantoketjujen hallintaa pitk\u00e4ll\u00e4 kokemuksellaHallitsemme tuotteidemme koko toimitusketjun, mukaan lukien materiaalien ja komponenttien hankinnan sek\u00e4 kokoonpanon ja asennuksen. Kattavat tuotantopalvelumme kattavat esivalmistuksen, hitsauksen, koneistuksen, pintak\u00e4sittelyn ja kokoonpanon varmistaen, ett\u00e4 prosessin jokainen osa t\u00e4ytt\u00e4\u00e4 korkeimmat standardit. Osana toimitusketjun hallittuja palvelujamme ja valmistuspalveluitamme huolehdimme laadunvalvonnasta ja logistiikasta varmistaaksemme saumattoman toiminnan ja oikea-aikaiset toimitukset. Valvomalla jokaista vaihetta hankinnasta [&hellip;]<\/p>\n","protected":false},"author":1,"featured_media":0,"parent":0,"menu_order":0,"comment_status":"closed","ping_status":"closed","template":"","meta":{"_et_pb_use_builder":"on","_et_pb_old_content":"","_et_gb_content_width":"","footnotes":""},"class_list":["post-974","page","type-page","status-publish","hentry"],"yoast_head":"<!-- This site is optimized with the Yoast SEO plugin v26.9 - https:\/\/yoast.com\/product\/yoast-seo-wordpress\/ -->\n<title>Tuotantoketjun hallinta - Turula Engineering<\/title>\n<meta name=\"description\" content=\"Turula Engineering | Kattavat tuotantopalvelumme kattavat esivalmistuksen, hitsauksen, koneistuksen, viimeistelyn ja kokoonpanon \u2013 Tuotantoketjun hallinta\" \/>\n<meta name=\"robots\" content=\"index, follow, max-snippet:-1, max-image-preview:large, max-video-preview:-1\" \/>\n<link rel=\"canonical\" href=\"https:\/\/turula.fi\/fi\/tuotantoketjun-hallinta\/\" \/>\n<meta property=\"og:locale\" content=\"fi_FI\" \/>\n<meta property=\"og:type\" content=\"article\" \/>\n<meta property=\"og:title\" content=\"Tuotantoketjun hallinta - Turula Engineering\" \/>\n<meta property=\"og:description\" content=\"Turula Engineering | Kattavat tuotantopalvelumme kattavat esivalmistuksen, hitsauksen, koneistuksen, viimeistelyn ja kokoonpanon \u2013 Tuotantoketjun hallinta\" \/>\n<meta property=\"og:url\" content=\"https:\/\/turula.fi\/fi\/tuotantoketjun-hallinta\/\" \/>\n<meta property=\"og:site_name\" content=\"Turula Engineering\" \/>\n<meta property=\"article:modified_time\" content=\"2024-08-08T09:01:22+00:00\" \/>\n<meta name=\"twitter:card\" content=\"summary_large_image\" \/>\n<meta name=\"twitter:label1\" content=\"Arvioitu lukuaika\" \/>\n\t<meta name=\"twitter:data1\" content=\"2 minuuttia\" \/>\n<script type=\"application\/ld+json\" class=\"yoast-schema-graph\">{\"@context\":\"https:\/\/schema.org\",\"@graph\":[{\"@type\":\"WebPage\",\"@id\":\"https:\/\/turula.fi\/fi\/tuotantoketjun-hallinta\/\",\"url\":\"https:\/\/turula.fi\/fi\/tuotantoketjun-hallinta\/\",\"name\":\"Tuotantoketjun hallinta - Turula Engineering\",\"isPartOf\":{\"@id\":\"https:\/\/turula.fi\/fi\/#website\"},\"datePublished\":\"2024-05-15T10:07:52+00:00\",\"dateModified\":\"2024-08-08T09:01:22+00:00\",\"description\":\"Turula Engineering | Kattavat tuotantopalvelumme kattavat esivalmistuksen, hitsauksen, koneistuksen, viimeistelyn ja kokoonpanon \u2013 Tuotantoketjun hallinta\",\"breadcrumb\":{\"@id\":\"https:\/\/turula.fi\/fi\/tuotantoketjun-hallinta\/#breadcrumb\"},\"inLanguage\":\"fi\",\"potentialAction\":[{\"@type\":\"ReadAction\",\"target\":[\"https:\/\/turula.fi\/fi\/tuotantoketjun-hallinta\/\"]}]},{\"@type\":\"BreadcrumbList\",\"@id\":\"https:\/\/turula.fi\/fi\/tuotantoketjun-hallinta\/#breadcrumb\",\"itemListElement\":[{\"@type\":\"ListItem\",\"position\":1,\"name\":\"Home\",\"item\":\"https:\/\/turula.fi\/fi\/\"},{\"@type\":\"ListItem\",\"position\":2,\"name\":\"Tuotantoketjun hallinta\"}]},{\"@type\":\"WebSite\",\"@id\":\"https:\/\/turula.fi\/fi\/#website\",\"url\":\"https:\/\/turula.fi\/fi\/\",\"name\":\"Turula Engineering\",\"description\":\"\",\"potentialAction\":[{\"@type\":\"SearchAction\",\"target\":{\"@type\":\"EntryPoint\",\"urlTemplate\":\"https:\/\/turula.fi\/fi\/?s={search_term_string}\"},\"query-input\":{\"@type\":\"PropertyValueSpecification\",\"valueRequired\":true,\"valueName\":\"search_term_string\"}}],\"inLanguage\":\"fi\"}]}<\/script>\n<!-- \/ Yoast SEO plugin. -->","yoast_head_json":{"title":"Tuotantoketjun hallinta - Turula Engineering","description":"Turula Engineering | Kattavat tuotantopalvelumme kattavat esivalmistuksen, hitsauksen, koneistuksen, viimeistelyn ja kokoonpanon \u2013 Tuotantoketjun hallinta","robots":{"index":"index","follow":"follow","max-snippet":"max-snippet:-1","max-image-preview":"max-image-preview:large","max-video-preview":"max-video-preview:-1"},"canonical":"https:\/\/turula.fi\/fi\/tuotantoketjun-hallinta\/","og_locale":"fi_FI","og_type":"article","og_title":"Tuotantoketjun hallinta - Turula Engineering","og_description":"Turula Engineering | Kattavat tuotantopalvelumme kattavat esivalmistuksen, hitsauksen, koneistuksen, viimeistelyn ja kokoonpanon \u2013 Tuotantoketjun hallinta","og_url":"https:\/\/turula.fi\/fi\/tuotantoketjun-hallinta\/","og_site_name":"Turula Engineering","article_modified_time":"2024-08-08T09:01:22+00:00","twitter_card":"summary_large_image","twitter_misc":{"Arvioitu lukuaika":"2 minuuttia"},"schema":{"@context":"https:\/\/schema.org","@graph":[{"@type":"WebPage","@id":"https:\/\/turula.fi\/fi\/tuotantoketjun-hallinta\/","url":"https:\/\/turula.fi\/fi\/tuotantoketjun-hallinta\/","name":"Tuotantoketjun hallinta - Turula Engineering","isPartOf":{"@id":"https:\/\/turula.fi\/fi\/#website"},"datePublished":"2024-05-15T10:07:52+00:00","dateModified":"2024-08-08T09:01:22+00:00","description":"Turula Engineering | Kattavat tuotantopalvelumme kattavat esivalmistuksen, hitsauksen, koneistuksen, viimeistelyn ja kokoonpanon \u2013 Tuotantoketjun hallinta","breadcrumb":{"@id":"https:\/\/turula.fi\/fi\/tuotantoketjun-hallinta\/#breadcrumb"},"inLanguage":"fi","potentialAction":[{"@type":"ReadAction","target":["https:\/\/turula.fi\/fi\/tuotantoketjun-hallinta\/"]}]},{"@type":"BreadcrumbList","@id":"https:\/\/turula.fi\/fi\/tuotantoketjun-hallinta\/#breadcrumb","itemListElement":[{"@type":"ListItem","position":1,"name":"Home","item":"https:\/\/turula.fi\/fi\/"},{"@type":"ListItem","position":2,"name":"Tuotantoketjun hallinta"}]},{"@type":"WebSite","@id":"https:\/\/turula.fi\/fi\/#website","url":"https:\/\/turula.fi\/fi\/","name":"Turula Engineering","description":"","potentialAction":[{"@type":"SearchAction","target":{"@type":"EntryPoint","urlTemplate":"https:\/\/turula.fi\/fi\/?s={search_term_string}"},"query-input":{"@type":"PropertyValueSpecification","valueRequired":true,"valueName":"search_term_string"}}],"inLanguage":"fi"}]}},"_links":{"self":[{"href":"https:\/\/turula.fi\/fi\/wp-json\/wp\/v2\/pages\/974","targetHints":{"allow":["GET"]}}],"collection":[{"href":"https:\/\/turula.fi\/fi\/wp-json\/wp\/v2\/pages"}],"about":[{"href":"https:\/\/turula.fi\/fi\/wp-json\/wp\/v2\/types\/page"}],"author":[{"embeddable":true,"href":"https:\/\/turula.fi\/fi\/wp-json\/wp\/v2\/users\/1"}],"replies":[{"embeddable":true,"href":"https:\/\/turula.fi\/fi\/wp-json\/wp\/v2\/comments?post=974"}],"version-history":[{"count":5,"href":"https:\/\/turula.fi\/fi\/wp-json\/wp\/v2\/pages\/974\/revisions"}],"predecessor-version":[{"id":1607,"href":"https:\/\/turula.fi\/fi\/wp-json\/wp\/v2\/pages\/974\/revisions\/1607"}],"wp:attachment":[{"href":"https:\/\/turula.fi\/fi\/wp-json\/wp\/v2\/media?parent=974"}],"curies":[{"name":"wp","href":"https:\/\/api.w.org\/{rel}","templated":true}]}}