{"id":977,"date":"2024-05-07T12:15:31","date_gmt":"2024-05-07T12:15:31","guid":{"rendered":"https:\/\/turula.fi\/komponenttituotanto\/"},"modified":"2025-06-23T08:26:25","modified_gmt":"2025-06-23T08:26:25","slug":"komponenttituotanto","status":"publish","type":"page","link":"https:\/\/turula.fi\/fi\/komponenttituotanto\/","title":{"rendered":"Komponenttituotanto"},"content":{"rendered":"<p>[et_pb_section fb_built=&#8221;1&#8243; module_class=&#8221;hero&#8211;section header&#8211;section&#8221; _builder_version=&#8221;4.25.1&#8243; _module_preset=&#8221;default&#8221; use_background_color_gradient=&#8221;on&#8221; background_color_gradient_stops=&#8221;rgba(45,45,45,0.85) 0%|rgba(45,45,45,0.85) 100%&#8221; background_color_gradient_overlays_image=&#8221;on&#8221; background_image=&#8221;https:\/\/turula.fi\/wp-content\/uploads\/2024\/07\/Turula-Engineering-Web-Kuvat-8-1.jpg&#8221; bottom_divider_style=&#8221;asymmetric&#8221; bottom_divider_color=&#8221;#FFFFFF&#8221; global_colors_info=&#8221;{}&#8221;][et_pb_row module_class=&#8221;hero&#8211;row&#8221; _builder_version=&#8221;4.24.3&#8243; _module_preset=&#8221;default&#8221; global_colors_info=&#8221;{}&#8221;][et_pb_column type=&#8221;4_4&#8243; _builder_version=&#8221;4.24.3&#8243; _module_preset=&#8221;default&#8221; global_colors_info=&#8221;{}&#8221;][et_pb_text admin_label=&#8221;Component Production&#8221; _builder_version=&#8221;4.24.3&#8243; _module_preset=&#8221;default&#8221; global_colors_info=&#8221;{}&#8221;]<\/p>\n<h1><span>Komponenttien<br \/><\/span>valmistus<\/h1>\n<p>[\/et_pb_text][\/et_pb_column][\/et_pb_row][\/et_pb_section][et_pb_section fb_built=&#8221;1&#8243; module_class=&#8221;content&#8211;section bg&#8211;clear&#8221; _builder_version=&#8221;4.24.3&#8243; _module_preset=&#8221;default&#8221; global_colors_info=&#8221;{}&#8221;][et_pb_row column_structure=&#8221;1_2,1_2&#8243; make_equal=&#8221;on&#8221; module_class=&#8221;content&#8211;row&#8221; _builder_version=&#8221;4.24.3&#8243; _module_preset=&#8221;default&#8221; global_colors_info=&#8221;{}&#8221;][et_pb_column type=&#8221;1_2&#8243; module_class=&#8221;vertical-align-flex&#8221; _builder_version=&#8221;4.24.3&#8243; _module_preset=&#8221;default&#8221; global_colors_info=&#8221;{}&#8221;][et_pb_text admin_label=&#8221;Efficient and high quality component production&#8221; _builder_version=&#8221;4.24.3&#8243; _module_preset=&#8221;default&#8221; global_colors_info=&#8221;{}&#8221;]<\/p>\n<h2>Tehokasta ja laadukasta komponettituotantoa<\/h2>\n<p>[\/et_pb_text][et_pb_text _builder_version=&#8221;4.25.1&#8243; _module_preset=&#8221;default&#8221; global_colors_info=&#8221;{}&#8221;]Olemme sitoutuneita toimittamaan laadukkaita tuotteita ajallaan, joten Turula Engineering toiminta perustuu tiukkaan ajan prosessivalvontaan, jossa suurin osa toiminnoista toteutetaan omissa tehtaissamme osana osavalmistusprosessiamme. Meill\u00e4 on yli 400 ty\u00f6ntekij\u00e4\u00e4, jotka ovat sijoittuneet kolmeen tuotantolaitokseen Outokummussa (Suomi), Vilnassa ja Panev\u0117\u017eyss\u00e4 (Liettua). <\/p>\n<p>Kokeneet ty\u00f6ntekij\u00e4mme suorittavat leikkaus-, taivutus-, sorvaus-, jyrsint\u00e4-, hitsaus-, hiekkapuhallus-, maalaus- ja kokoonpanoty\u00f6t (mekaniikka, pneumaattiset, hydrauliset, s\u00e4hk\u00f6osat). Teht\u00e4vien osalta, joita ei suoriteta itse, turvaudumme luotettavaan yhteisty\u00f6kumppaniverkostoon ja yll\u00e4pid\u00e4mme tiukkaa laadunvalvontaa saapuvien materiaalien ja toimitusehtojen suhteen.[\/et_pb_text][et_pb_button button_url=&#8221;https:\/\/turula.fi\/fi\/yhteystiedot\/&#8221; button_text=&#8221;Ota yhteytt\u00e4&#8221; _builder_version=&#8221;4.24.3&#8243; _module_preset=&#8221;default&#8221; global_colors_info=&#8221;{}&#8221;][\/et_pb_button][\/et_pb_column][et_pb_column type=&#8221;1_2&#8243; module_class=&#8221;vertical-align-flex&#8221; _builder_version=&#8221;4.24.3&#8243; _module_preset=&#8221;default&#8221; global_colors_info=&#8221;{}&#8221;][et_pb_image src=&#8221;https:\/\/turula.fi\/wp-content\/uploads\/2024\/07\/Turula-Engineering-Web-Kuvat-13.jpg&#8221; alt=&#8221;Turula-Engineering &#8211; Tehokasta ja laadukasta komponettituotantoa&#8221; title_text=&#8221;Turula-Engineering &#8211; Tehokasta ja laadukasta komponettituotantoa&#8221; _builder_version=&#8221;4.25.1&#8243; _module_preset=&#8221;default&#8221; global_colors_info=&#8221;{}&#8221;][\/et_pb_image][\/et_pb_column][\/et_pb_row][\/et_pb_section][et_pb_section fb_built=&#8221;1&#8243; disabled_on=&#8221;off|off|off&#8221; module_class=&#8221;content&#8211;section bg&#8211;quintary with&#8211;divider&#8211;top&#8221; _builder_version=&#8221;4.24.3&#8243; _module_preset=&#8221;default&#8221; top_divider_style=&#8221;asymmetric&#8221; top_divider_color=&#8221;#ffffff&#8221; top_divider_flip=&#8221;horizontal|vertical&#8221; global_colors_info=&#8221;{}&#8221;][et_pb_row make_equal=&#8221;on&#8221; module_class=&#8221;content&#8211;row&#8221; _builder_version=&#8221;4.24.3&#8243; _module_preset=&#8221;default&#8221; global_colors_info=&#8221;{}&#8221;][et_pb_column type=&#8221;4_4&#8243; module_class=&#8221;vertical-align-flex&#8221; _builder_version=&#8221;4.24.3&#8243; _module_preset=&#8221;default&#8221; global_colors_info=&#8221;{}&#8221;][et_pb_text admin_label=&#8221;Responsible production&#8221; _builder_version=&#8221;4.24.3&#8243; _module_preset=&#8221;default&#8221; global_colors_info=&#8221;{}&#8221;]<\/p>\n<h3><span>Komponenttivalmistus:<\/span> Vastuullista tuotantoa<\/h3>\n<p>[\/et_pb_text][et_pb_text _builder_version=&#8221;4.25.1&#8243; _module_preset=&#8221;default&#8221; hover_enabled=&#8221;0&#8243; global_colors_info=&#8221;{}&#8221; sticky_enabled=&#8221;0&#8243;]<\/p>\n<p>Meill\u00e4 on konepajoillamme k\u00e4ytett\u00e4viss\u00e4 yli 400 henkil\u00f6\u00e4 sek\u00e4 yhteisty\u00f6kumppaniverkostomme, jotka vastaavat tuotannon loppuun saattamisesta sovitussa aikataulussa ja t\u00e4ydellisest\u00e4 laadunvalvonnasta.<\/p>\n<p>Tarjoamme l\u00e4pin\u00e4kyvyytt\u00e4 ja mahdollistamme reaaliaikaisen palautteen ja s\u00e4\u00e4d\u00f6t. Tiivis yhteisty\u00f6 varmistaa, ett\u00e4 lopputuote vastaa asiakkaan odotuksia tai jopa ylitt\u00e4\u00e4 ne. Valvomalla jokaista vaihetta edustajamme huolehtivat siit\u00e4, ett\u00e4 eritelmi\u00e4 ja aikatauluja noudatetaan.<\/p>\n<p>Panostamme jatkuvaan henkil\u00f6st\u00f6n koulutukseen ja kehitt\u00e4miseen. T\u00e4m\u00e4 auttaa henkil\u00f6st\u00f6\u00e4mme pysym\u00e4\u00e4n ajan tasalla uusimmista teollisuuden suuntauksista ja teknologioista. Sitoutumisemme jatkuvaan parantamiseen vahvistaa kyky\u00e4mme tarjota innovatiivisia ratkaisuja. Tavoitteenamme on rakentaa asiakkaidemme kanssa luottamukseen ja luotettavuuteen perustuvia pitk\u00e4aikaisia suhteita.<\/p>\n<p>[\/et_pb_text][et_pb_button button_url=&#8221;https:\/\/turula.fi\/fi\/yhteystiedot\/&#8221; button_text=&#8221;Ota yhteytt\u00e4&#8221; _builder_version=&#8221;4.24.3&#8243; _module_preset=&#8221;default&#8221; global_colors_info=&#8221;{}&#8221;][\/et_pb_button][\/et_pb_column][\/et_pb_row][\/et_pb_section]<\/p>\n","protected":false},"excerpt":{"rendered":"<p>KomponenttienvalmistusTehokasta ja laadukasta komponettituotantoaOlemme sitoutuneita toimittamaan laadukkaita tuotteita ajallaan, joten Turula Engineering toiminta perustuu tiukkaan ajan prosessivalvontaan, jossa suurin osa toiminnoista toteutetaan omissa tehtaissamme osana osavalmistusprosessiamme. Meill\u00e4 on yli 400 ty\u00f6ntekij\u00e4\u00e4, jotka ovat sijoittuneet kolmeen tuotantolaitokseen Outokummussa (Suomi), Vilnassa ja Panev\u0117\u017eyss\u00e4 (Liettua). Kokeneet ty\u00f6ntekij\u00e4mme suorittavat leikkaus-, taivutus-, sorvaus-, jyrsint\u00e4-, hitsaus-, hiekkapuhallus-, maalaus- ja kokoonpanoty\u00f6t (mekaniikka, [&hellip;]<\/p>\n","protected":false},"author":1,"featured_media":0,"parent":0,"menu_order":0,"comment_status":"closed","ping_status":"closed","template":"","meta":{"_et_pb_use_builder":"on","_et_pb_old_content":"","_et_gb_content_width":"","footnotes":""},"class_list":["post-977","page","type-page","status-publish","hentry"],"yoast_head":"<!-- This site is optimized with the Yoast SEO plugin v26.9 - https:\/\/yoast.com\/product\/yoast-seo-wordpress\/ -->\n<title>Komponenttivalmistus - Turula Engineering<\/title>\n<meta name=\"description\" content=\"Turula Engineering | Strategiamme sis\u00e4lt\u00e4\u00e4 tiukan ajallisen prosessivalvonnan, jossa suurin osa toiminnoista toteutetaan omassa tehtaassamme osana osavalmistusprosessiamme \u2013 Komponenttivalmistus\" \/>\n<meta name=\"robots\" content=\"index, follow, max-snippet:-1, max-image-preview:large, max-video-preview:-1\" \/>\n<link rel=\"canonical\" href=\"https:\/\/turula.fi\/fi\/komponenttituotanto\/\" \/>\n<meta property=\"og:locale\" content=\"fi_FI\" \/>\n<meta property=\"og:type\" content=\"article\" \/>\n<meta property=\"og:title\" content=\"Komponenttivalmistus - Turula Engineering\" \/>\n<meta property=\"og:description\" content=\"Turula Engineering | Strategiamme sis\u00e4lt\u00e4\u00e4 tiukan ajallisen prosessivalvonnan, jossa suurin osa toiminnoista toteutetaan omassa tehtaassamme osana osavalmistusprosessiamme \u2013 Komponenttivalmistus\" \/>\n<meta property=\"og:url\" content=\"https:\/\/turula.fi\/fi\/komponenttituotanto\/\" \/>\n<meta property=\"og:site_name\" content=\"Turula Engineering\" \/>\n<meta property=\"article:modified_time\" content=\"2025-06-23T08:26:25+00:00\" \/>\n<meta name=\"twitter:card\" content=\"summary_large_image\" \/>\n<meta name=\"twitter:label1\" content=\"Arvioitu lukuaika\" \/>\n\t<meta name=\"twitter:data1\" content=\"1 minuutti\" \/>\n<script type=\"application\/ld+json\" class=\"yoast-schema-graph\">{\"@context\":\"https:\/\/schema.org\",\"@graph\":[{\"@type\":\"WebPage\",\"@id\":\"https:\/\/turula.fi\/fi\/komponenttituotanto\/\",\"url\":\"https:\/\/turula.fi\/fi\/komponenttituotanto\/\",\"name\":\"Komponenttivalmistus - Turula Engineering\",\"isPartOf\":{\"@id\":\"https:\/\/turula.fi\/fi\/#website\"},\"datePublished\":\"2024-05-07T12:15:31+00:00\",\"dateModified\":\"2025-06-23T08:26:25+00:00\",\"description\":\"Turula Engineering | Strategiamme sis\u00e4lt\u00e4\u00e4 tiukan ajallisen prosessivalvonnan, jossa suurin osa toiminnoista toteutetaan omassa tehtaassamme osana osavalmistusprosessiamme \u2013 Komponenttivalmistus\",\"breadcrumb\":{\"@id\":\"https:\/\/turula.fi\/fi\/komponenttituotanto\/#breadcrumb\"},\"inLanguage\":\"fi\",\"potentialAction\":[{\"@type\":\"ReadAction\",\"target\":[\"https:\/\/turula.fi\/fi\/komponenttituotanto\/\"]}]},{\"@type\":\"BreadcrumbList\",\"@id\":\"https:\/\/turula.fi\/fi\/komponenttituotanto\/#breadcrumb\",\"itemListElement\":[{\"@type\":\"ListItem\",\"position\":1,\"name\":\"Home\",\"item\":\"https:\/\/turula.fi\/fi\/\"},{\"@type\":\"ListItem\",\"position\":2,\"name\":\"Komponenttituotanto\"}]},{\"@type\":\"WebSite\",\"@id\":\"https:\/\/turula.fi\/fi\/#website\",\"url\":\"https:\/\/turula.fi\/fi\/\",\"name\":\"Turula Engineering\",\"description\":\"\",\"potentialAction\":[{\"@type\":\"SearchAction\",\"target\":{\"@type\":\"EntryPoint\",\"urlTemplate\":\"https:\/\/turula.fi\/fi\/?s={search_term_string}\"},\"query-input\":{\"@type\":\"PropertyValueSpecification\",\"valueRequired\":true,\"valueName\":\"search_term_string\"}}],\"inLanguage\":\"fi\"}]}<\/script>\n<!-- \/ Yoast SEO plugin. -->","yoast_head_json":{"title":"Komponenttivalmistus - Turula Engineering","description":"Turula Engineering | Strategiamme sis\u00e4lt\u00e4\u00e4 tiukan ajallisen prosessivalvonnan, jossa suurin osa toiminnoista toteutetaan omassa tehtaassamme osana osavalmistusprosessiamme \u2013 Komponenttivalmistus","robots":{"index":"index","follow":"follow","max-snippet":"max-snippet:-1","max-image-preview":"max-image-preview:large","max-video-preview":"max-video-preview:-1"},"canonical":"https:\/\/turula.fi\/fi\/komponenttituotanto\/","og_locale":"fi_FI","og_type":"article","og_title":"Komponenttivalmistus - Turula Engineering","og_description":"Turula Engineering | Strategiamme sis\u00e4lt\u00e4\u00e4 tiukan ajallisen prosessivalvonnan, jossa suurin osa toiminnoista toteutetaan omassa tehtaassamme osana osavalmistusprosessiamme \u2013 Komponenttivalmistus","og_url":"https:\/\/turula.fi\/fi\/komponenttituotanto\/","og_site_name":"Turula Engineering","article_modified_time":"2025-06-23T08:26:25+00:00","twitter_card":"summary_large_image","twitter_misc":{"Arvioitu lukuaika":"1 minuutti"},"schema":{"@context":"https:\/\/schema.org","@graph":[{"@type":"WebPage","@id":"https:\/\/turula.fi\/fi\/komponenttituotanto\/","url":"https:\/\/turula.fi\/fi\/komponenttituotanto\/","name":"Komponenttivalmistus - Turula Engineering","isPartOf":{"@id":"https:\/\/turula.fi\/fi\/#website"},"datePublished":"2024-05-07T12:15:31+00:00","dateModified":"2025-06-23T08:26:25+00:00","description":"Turula Engineering | Strategiamme sis\u00e4lt\u00e4\u00e4 tiukan ajallisen prosessivalvonnan, jossa suurin osa toiminnoista toteutetaan omassa tehtaassamme osana osavalmistusprosessiamme \u2013 Komponenttivalmistus","breadcrumb":{"@id":"https:\/\/turula.fi\/fi\/komponenttituotanto\/#breadcrumb"},"inLanguage":"fi","potentialAction":[{"@type":"ReadAction","target":["https:\/\/turula.fi\/fi\/komponenttituotanto\/"]}]},{"@type":"BreadcrumbList","@id":"https:\/\/turula.fi\/fi\/komponenttituotanto\/#breadcrumb","itemListElement":[{"@type":"ListItem","position":1,"name":"Home","item":"https:\/\/turula.fi\/fi\/"},{"@type":"ListItem","position":2,"name":"Komponenttituotanto"}]},{"@type":"WebSite","@id":"https:\/\/turula.fi\/fi\/#website","url":"https:\/\/turula.fi\/fi\/","name":"Turula Engineering","description":"","potentialAction":[{"@type":"SearchAction","target":{"@type":"EntryPoint","urlTemplate":"https:\/\/turula.fi\/fi\/?s={search_term_string}"},"query-input":{"@type":"PropertyValueSpecification","valueRequired":true,"valueName":"search_term_string"}}],"inLanguage":"fi"}]}},"_links":{"self":[{"href":"https:\/\/turula.fi\/fi\/wp-json\/wp\/v2\/pages\/977","targetHints":{"allow":["GET"]}}],"collection":[{"href":"https:\/\/turula.fi\/fi\/wp-json\/wp\/v2\/pages"}],"about":[{"href":"https:\/\/turula.fi\/fi\/wp-json\/wp\/v2\/types\/page"}],"author":[{"embeddable":true,"href":"https:\/\/turula.fi\/fi\/wp-json\/wp\/v2\/users\/1"}],"replies":[{"embeddable":true,"href":"https:\/\/turula.fi\/fi\/wp-json\/wp\/v2\/comments?post=977"}],"version-history":[{"count":5,"href":"https:\/\/turula.fi\/fi\/wp-json\/wp\/v2\/pages\/977\/revisions"}],"predecessor-version":[{"id":1679,"href":"https:\/\/turula.fi\/fi\/wp-json\/wp\/v2\/pages\/977\/revisions\/1679"}],"wp:attachment":[{"href":"https:\/\/turula.fi\/fi\/wp-json\/wp\/v2\/media?parent=977"}],"curies":[{"name":"wp","href":"https:\/\/api.w.org\/{rel}","templated":true}]}}