{"id":980,"date":"2024-05-31T11:57:31","date_gmt":"2024-05-31T11:57:31","guid":{"rendered":"https:\/\/turula.fi\/hitsaus-ja-koneistus\/"},"modified":"2024-08-08T10:50:22","modified_gmt":"2024-08-08T10:50:22","slug":"hitsaus-ja-koneistus","status":"publish","type":"page","link":"https:\/\/turula.fi\/fi\/hitsaus-ja-koneistus\/","title":{"rendered":"Hitsaus"},"content":{"rendered":"<p>[et_pb_section fb_built=&#8221;1&#8243; module_class=&#8221;hero&#8211;section header&#8211;section&#8221; _builder_version=&#8221;4.24.3&#8243; _module_preset=&#8221;default&#8221; use_background_color_gradient=&#8221;on&#8221; background_color_gradient_stops=&#8221;rgba(40,40,40,0.85) 0%|rgba(40,40,40,0.85) 100%&#8221; background_color_gradient_overlays_image=&#8221;on&#8221; background_image=&#8221;\/wp-content\/uploads\/2024\/04\/landing-page-header-placeholder.jpg&#8221; bottom_divider_style=&#8221;asymmetric&#8221; bottom_divider_color=&#8221;#FFFFFF&#8221; global_colors_info=&#8221;{}&#8221;][et_pb_row module_class=&#8221;hero&#8211;row&#8221; _builder_version=&#8221;4.24.3&#8243; _module_preset=&#8221;default&#8221; global_colors_info=&#8221;{}&#8221;][et_pb_column type=&#8221;4_4&#8243; _builder_version=&#8221;4.24.3&#8243; _module_preset=&#8221;default&#8221; global_colors_info=&#8221;{}&#8221;][et_pb_text admin_label=&#8221;Welding and Machining&#8221; _builder_version=&#8221;4.25.1&#8243; _module_preset=&#8221;default&#8221; global_colors_info=&#8221;{}&#8221;]<\/p>\n<h1>Hitsaus<\/h1>\n<p>[\/et_pb_text][\/et_pb_column][\/et_pb_row][\/et_pb_section][et_pb_section fb_built=&#8221;1&#8243; module_class=&#8221;content&#8211;section bg&#8211;clear&#8221; _builder_version=&#8221;4.24.3&#8243; _module_preset=&#8221;default&#8221; global_colors_info=&#8221;{}&#8221;][et_pb_row column_structure=&#8221;1_2,1_2&#8243; make_equal=&#8221;on&#8221; module_class=&#8221;content&#8211;row&#8221; _builder_version=&#8221;4.24.3&#8243; _module_preset=&#8221;default&#8221; global_colors_info=&#8221;{}&#8221;][et_pb_column type=&#8221;1_2&#8243; module_class=&#8221;vertical-align-flex&#8221; _builder_version=&#8221;4.24.3&#8243; _module_preset=&#8221;default&#8221; global_colors_info=&#8221;{}&#8221;][et_pb_text admin_label=&#8221;Advanced welding and machining solutions&#8221; _builder_version=&#8221;4.24.3&#8243; _module_preset=&#8221;default&#8221; global_colors_info=&#8221;{}&#8221;]<\/p>\n<h2>Edistyksellist\u00e4 hitsausta ja koneistusta<\/h2>\n<p>[\/et_pb_text][et_pb_text _builder_version=&#8221;4.25.1&#8243; _module_preset=&#8221;default&#8221; global_colors_info=&#8221;{}&#8221;]Turulassa erikoistumme huippulaatuisten hitsaus- ja koneistuspalveluiden tarjoamiseen yrityksille, jotka hakevat tarkkuutta, luotettavuutta ja erinomaisuutta. Korkean kapasiteetin tuotantotilamme ja kokenut tiimimme varmistavat, ett\u00e4 jokainen projekti t\u00e4ytt\u00e4\u00e4 korkeat laatu- ja tarkkuusstandardit.<\/p>\n<p>Aina monimutkaisista koneistusteht\u00e4vist\u00e4 edistyneisiin hitsausratkaisuihin asti sitoudumme tarjoamaan kattavia palveluita, jotka viev\u00e4t yrityst\u00e4nne eteenp\u00e4in.[\/et_pb_text][et_pb_button button_url=&#8221;https:\/\/turula.fi\/fi\/yhteystiedot\/&#8221; button_text=&#8221;Ota yhteytt\u00e4&#8221; _builder_version=&#8221;4.24.3&#8243; _module_preset=&#8221;default&#8221; global_colors_info=&#8221;{}&#8221;][\/et_pb_button][\/et_pb_column][et_pb_column type=&#8221;1_2&#8243; module_class=&#8221;vertical-align-flex&#8221; _builder_version=&#8221;4.24.3&#8243; _module_preset=&#8221;default&#8221; global_colors_info=&#8221;{}&#8221;][et_pb_image src=&#8221;https:\/\/turula.fi\/wp-content\/uploads\/2024\/07\/Turula-Engineering-Web-Kuvat-14.jpg&#8221; alt=&#8221;Turula-Engineering &#8211; Edistykselliset hitsaus- ja koneistusratkaisut&#8221; title_text=&#8221;Turula-Engineering &#8211; Edistykselliset hitsaus- ja koneistusratkaisut&#8221; _builder_version=&#8221;4.25.1&#8243; _module_preset=&#8221;default&#8221; global_colors_info=&#8221;{}&#8221;][\/et_pb_image][\/et_pb_column][\/et_pb_row][\/et_pb_section][et_pb_section fb_built=&#8221;1&#8243; module_class=&#8221;content&#8211;section bg&#8211;quintary with&#8211;divider&#8211;top&#8221; _builder_version=&#8221;4.24.3&#8243; _module_preset=&#8221;default&#8221; top_divider_style=&#8221;asymmetric&#8221; top_divider_color=&#8221;#ffffff&#8221; top_divider_flip=&#8221;horizontal|vertical&#8221; global_colors_info=&#8221;{}&#8221;][et_pb_row make_equal=&#8221;on&#8221; module_class=&#8221;content&#8211;row&#8221; _builder_version=&#8221;4.24.3&#8243; _module_preset=&#8221;default&#8221; global_colors_info=&#8221;{}&#8221;][et_pb_column type=&#8221;4_4&#8243; module_class=&#8221;vertical-align-flex&#8221; _builder_version=&#8221;4.24.3&#8243; _module_preset=&#8221;default&#8221; global_colors_info=&#8221;{}&#8221;][et_pb_text admin_label=&#8221;High quality services: Welding and Machining&#8221; _builder_version=&#8221;4.24.3&#8243; _module_preset=&#8221;default&#8221; global_colors_info=&#8221;{}&#8221;]<\/p>\n<h3>Korkealaatuiset palvelut: <span>Hitsaus ja koneistus<\/span><\/h3>\n<p>[\/et_pb_text][et_pb_text _builder_version=&#8221;4.25.1&#8243; _module_preset=&#8221;default&#8221; hover_enabled=&#8221;0&#8243; global_colors_info=&#8221;{}&#8221; sticky_enabled=&#8221;0&#8243;]Olemme ylpeit\u00e4 voidessamme tarjota laajan valikoiman hitsaus- ja koneistuspalveluja, jotka on r\u00e4\u00e4t\u00e4l\u00f6ity vastaamaan yritysten moninaisiin ja kehittyviin tarpeisiin useilla eri teollisuudenaloilla. Edistykselliset tilamme ja eritt\u00e4in taitava henkil\u00f6st\u00f6mme ovat koulutettu k\u00e4sittelem\u00e4\u00e4n mink\u00e4 tahansa kokoluokan projekteja samalla varmistaen, ett\u00e4 jokainen kappale on valmistettu vertaansa vailla olevalla tarkkuudella ja laadulla.<\/p>\n<p>Turulassa ymm\u00e4rr\u00e4mme tarkkuuden t\u00e4rkeyden jokaisessa hitsausty\u00f6ss\u00e4 ja leikkauksessa. Hitsauspalvelumme kattavat laajan valikoiman tekniikoita ja materiaaleja ja tarjoavat kest\u00e4vi\u00e4 ja luotettavia liitoksia, jotka kest\u00e4v\u00e4t aikaa. Koneistuspalvelumme ovat yht\u00e4 laajat, ja niiss\u00e4 k\u00e4ytet\u00e4\u00e4n viimeisint\u00e4 kalustoa ja innovatiivisia prosesseja tuottaaksemme osat tarkkojen erittelyjen mukaan.<\/p>\n<p>CNC-koneistuksesta jyrsint\u00e4\u00e4n ja sorvaukseen hoidamme jokaisen projektin osa-alueen \u00e4\u00e4rimm\u00e4isell\u00e4 tarkkuudella ja tehokkuudella. Sitoutumisemme erinomaisuuteen varmistaa, ett\u00e4 komponenttinne t\u00e4ytt\u00e4v\u00e4t korkeimmat laatu- ja suorituskykystandardit.[\/et_pb_text][et_pb_button button_url=&#8221;https:\/\/turula.fi\/fi\/yhteystiedot\/&#8221; button_text=&#8221;Ota yhteytt\u00e4&#8221; _builder_version=&#8221;4.24.3&#8243; _module_preset=&#8221;default&#8221; global_colors_info=&#8221;{}&#8221;][\/et_pb_button][\/et_pb_column][\/et_pb_row][\/et_pb_section]<\/p>\n","protected":false},"excerpt":{"rendered":"<p>HitsausEdistyksellist\u00e4 hitsausta ja koneistustaTurulassa erikoistumme huippulaatuisten hitsaus- ja koneistuspalveluiden tarjoamiseen yrityksille, jotka hakevat tarkkuutta, luotettavuutta ja erinomaisuutta. Korkean kapasiteetin tuotantotilamme ja kokenut tiimimme varmistavat, ett\u00e4 jokainen projekti t\u00e4ytt\u00e4\u00e4 korkeat laatu- ja tarkkuusstandardit. Aina monimutkaisista koneistusteht\u00e4vist\u00e4 edistyneisiin hitsausratkaisuihin asti sitoudumme tarjoamaan kattavia palveluita, jotka viev\u00e4t yrityst\u00e4nne eteenp\u00e4in.Korkealaatuiset palvelut: Hitsaus ja koneistusOlemme ylpeit\u00e4 voidessamme tarjota laajan valikoiman [&hellip;]<\/p>\n","protected":false},"author":1,"featured_media":0,"parent":0,"menu_order":0,"comment_status":"closed","ping_status":"closed","template":"","meta":{"_et_pb_use_builder":"on","_et_pb_old_content":"","_et_gb_content_width":"","footnotes":""},"class_list":["post-980","page","type-page","status-publish","hentry"],"yoast_head":"<!-- This site is optimized with the Yoast SEO plugin v26.9 - https:\/\/yoast.com\/product\/yoast-seo-wordpress\/ -->\n<title>Hitsaus - Turula Engineering<\/title>\n<meta name=\"description\" content=\"Edistykselliset hitsaus- ja koneistusratkaisut | Turula Engineering. Turula Engineering | Tarjoamme kattavia hitsaus- ja koneistuspalveluita jotka on suunniteltu vastaamaan erilaisten teollisuudenalojen yritysten monipuolisiin tarpeisiin - Hitsaus ja koneistus\" \/>\n<meta name=\"robots\" content=\"index, follow, max-snippet:-1, max-image-preview:large, max-video-preview:-1\" \/>\n<link rel=\"canonical\" href=\"https:\/\/turula.fi\/fi\/hitsaus-ja-koneistus\/\" \/>\n<meta property=\"og:locale\" content=\"fi_FI\" \/>\n<meta property=\"og:type\" content=\"article\" \/>\n<meta property=\"og:title\" content=\"Hitsaus - Turula Engineering\" \/>\n<meta property=\"og:description\" content=\"Edistykselliset hitsaus- ja koneistusratkaisut | Turula Engineering. Turula Engineering | Tarjoamme kattavia hitsaus- ja koneistuspalveluita jotka on suunniteltu vastaamaan erilaisten teollisuudenalojen yritysten monipuolisiin tarpeisiin - Hitsaus ja koneistus\" \/>\n<meta property=\"og:url\" content=\"https:\/\/turula.fi\/fi\/hitsaus-ja-koneistus\/\" \/>\n<meta property=\"og:site_name\" content=\"Turula Engineering\" \/>\n<meta property=\"article:modified_time\" content=\"2024-08-08T10:50:22+00:00\" \/>\n<meta name=\"twitter:card\" content=\"summary_large_image\" \/>\n<meta name=\"twitter:label1\" content=\"Arvioitu lukuaika\" \/>\n\t<meta name=\"twitter:data1\" content=\"1 minuutti\" \/>\n<script type=\"application\/ld+json\" class=\"yoast-schema-graph\">{\"@context\":\"https:\/\/schema.org\",\"@graph\":[{\"@type\":\"WebPage\",\"@id\":\"https:\/\/turula.fi\/fi\/hitsaus-ja-koneistus\/\",\"url\":\"https:\/\/turula.fi\/fi\/hitsaus-ja-koneistus\/\",\"name\":\"Hitsaus - Turula Engineering\",\"isPartOf\":{\"@id\":\"https:\/\/turula.fi\/fi\/#website\"},\"datePublished\":\"2024-05-31T11:57:31+00:00\",\"dateModified\":\"2024-08-08T10:50:22+00:00\",\"description\":\"Edistykselliset hitsaus- ja koneistusratkaisut | Turula Engineering. Turula Engineering | Tarjoamme kattavia hitsaus- ja koneistuspalveluita jotka on suunniteltu vastaamaan erilaisten teollisuudenalojen yritysten monipuolisiin tarpeisiin - Hitsaus ja koneistus\",\"breadcrumb\":{\"@id\":\"https:\/\/turula.fi\/fi\/hitsaus-ja-koneistus\/#breadcrumb\"},\"inLanguage\":\"fi\",\"potentialAction\":[{\"@type\":\"ReadAction\",\"target\":[\"https:\/\/turula.fi\/fi\/hitsaus-ja-koneistus\/\"]}]},{\"@type\":\"BreadcrumbList\",\"@id\":\"https:\/\/turula.fi\/fi\/hitsaus-ja-koneistus\/#breadcrumb\",\"itemListElement\":[{\"@type\":\"ListItem\",\"position\":1,\"name\":\"Home\",\"item\":\"https:\/\/turula.fi\/fi\/\"},{\"@type\":\"ListItem\",\"position\":2,\"name\":\"Hitsaus\"}]},{\"@type\":\"WebSite\",\"@id\":\"https:\/\/turula.fi\/fi\/#website\",\"url\":\"https:\/\/turula.fi\/fi\/\",\"name\":\"Turula Engineering\",\"description\":\"\",\"potentialAction\":[{\"@type\":\"SearchAction\",\"target\":{\"@type\":\"EntryPoint\",\"urlTemplate\":\"https:\/\/turula.fi\/fi\/?s={search_term_string}\"},\"query-input\":{\"@type\":\"PropertyValueSpecification\",\"valueRequired\":true,\"valueName\":\"search_term_string\"}}],\"inLanguage\":\"fi\"}]}<\/script>\n<!-- \/ Yoast SEO plugin. -->","yoast_head_json":{"title":"Hitsaus - Turula Engineering","description":"Edistykselliset hitsaus- ja koneistusratkaisut | Turula Engineering. Turula Engineering | Tarjoamme kattavia hitsaus- ja koneistuspalveluita jotka on suunniteltu vastaamaan erilaisten teollisuudenalojen yritysten monipuolisiin tarpeisiin - Hitsaus ja koneistus","robots":{"index":"index","follow":"follow","max-snippet":"max-snippet:-1","max-image-preview":"max-image-preview:large","max-video-preview":"max-video-preview:-1"},"canonical":"https:\/\/turula.fi\/fi\/hitsaus-ja-koneistus\/","og_locale":"fi_FI","og_type":"article","og_title":"Hitsaus - Turula Engineering","og_description":"Edistykselliset hitsaus- ja koneistusratkaisut | Turula Engineering. Turula Engineering | Tarjoamme kattavia hitsaus- ja koneistuspalveluita jotka on suunniteltu vastaamaan erilaisten teollisuudenalojen yritysten monipuolisiin tarpeisiin - Hitsaus ja koneistus","og_url":"https:\/\/turula.fi\/fi\/hitsaus-ja-koneistus\/","og_site_name":"Turula Engineering","article_modified_time":"2024-08-08T10:50:22+00:00","twitter_card":"summary_large_image","twitter_misc":{"Arvioitu lukuaika":"1 minuutti"},"schema":{"@context":"https:\/\/schema.org","@graph":[{"@type":"WebPage","@id":"https:\/\/turula.fi\/fi\/hitsaus-ja-koneistus\/","url":"https:\/\/turula.fi\/fi\/hitsaus-ja-koneistus\/","name":"Hitsaus - Turula Engineering","isPartOf":{"@id":"https:\/\/turula.fi\/fi\/#website"},"datePublished":"2024-05-31T11:57:31+00:00","dateModified":"2024-08-08T10:50:22+00:00","description":"Edistykselliset hitsaus- ja koneistusratkaisut | Turula Engineering. Turula Engineering | Tarjoamme kattavia hitsaus- ja koneistuspalveluita jotka on suunniteltu vastaamaan erilaisten teollisuudenalojen yritysten monipuolisiin tarpeisiin - Hitsaus ja koneistus","breadcrumb":{"@id":"https:\/\/turula.fi\/fi\/hitsaus-ja-koneistus\/#breadcrumb"},"inLanguage":"fi","potentialAction":[{"@type":"ReadAction","target":["https:\/\/turula.fi\/fi\/hitsaus-ja-koneistus\/"]}]},{"@type":"BreadcrumbList","@id":"https:\/\/turula.fi\/fi\/hitsaus-ja-koneistus\/#breadcrumb","itemListElement":[{"@type":"ListItem","position":1,"name":"Home","item":"https:\/\/turula.fi\/fi\/"},{"@type":"ListItem","position":2,"name":"Hitsaus"}]},{"@type":"WebSite","@id":"https:\/\/turula.fi\/fi\/#website","url":"https:\/\/turula.fi\/fi\/","name":"Turula Engineering","description":"","potentialAction":[{"@type":"SearchAction","target":{"@type":"EntryPoint","urlTemplate":"https:\/\/turula.fi\/fi\/?s={search_term_string}"},"query-input":{"@type":"PropertyValueSpecification","valueRequired":true,"valueName":"search_term_string"}}],"inLanguage":"fi"}]}},"_links":{"self":[{"href":"https:\/\/turula.fi\/fi\/wp-json\/wp\/v2\/pages\/980","targetHints":{"allow":["GET"]}}],"collection":[{"href":"https:\/\/turula.fi\/fi\/wp-json\/wp\/v2\/pages"}],"about":[{"href":"https:\/\/turula.fi\/fi\/wp-json\/wp\/v2\/types\/page"}],"author":[{"embeddable":true,"href":"https:\/\/turula.fi\/fi\/wp-json\/wp\/v2\/users\/1"}],"replies":[{"embeddable":true,"href":"https:\/\/turula.fi\/fi\/wp-json\/wp\/v2\/comments?post=980"}],"version-history":[{"count":5,"href":"https:\/\/turula.fi\/fi\/wp-json\/wp\/v2\/pages\/980\/revisions"}],"predecessor-version":[{"id":1618,"href":"https:\/\/turula.fi\/fi\/wp-json\/wp\/v2\/pages\/980\/revisions\/1618"}],"wp:attachment":[{"href":"https:\/\/turula.fi\/fi\/wp-json\/wp\/v2\/media?parent=980"}],"curies":[{"name":"wp","href":"https:\/\/api.w.org\/{rel}","templated":true}]}}