{"id":983,"date":"2024-05-15T10:12:10","date_gmt":"2024-05-15T10:12:10","guid":{"rendered":"https:\/\/turula.fi\/kokoaminen\/"},"modified":"2024-08-08T10:54:22","modified_gmt":"2024-08-08T10:54:22","slug":"kokoaminen","status":"publish","type":"page","link":"https:\/\/turula.fi\/fi\/kokoaminen\/","title":{"rendered":"Kokoaminen"},"content":{"rendered":"<p>[et_pb_section fb_built=&#8221;1&#8243; module_class=&#8221;hero&#8211;section header&#8211;section&#8221; _builder_version=&#8221;4.25.1&#8243; _module_preset=&#8221;default&#8221; use_background_color_gradient=&#8221;on&#8221; background_color_gradient_stops=&#8221;rgba(45,45,45,0.85) 0%|rgba(45,45,45,0.85) 100%&#8221; background_color_gradient_overlays_image=&#8221;on&#8221; background_image=&#8221;https:\/\/turula.fi\/wp-content\/uploads\/2024\/07\/Turula-Engineering-Web-Kuvat-5-1.jpg&#8221; bottom_divider_style=&#8221;asymmetric&#8221; bottom_divider_color=&#8221;#FFFFFF&#8221; global_colors_info=&#8221;{}&#8221;][et_pb_row module_class=&#8221;hero&#8211;row&#8221; _builder_version=&#8221;4.24.3&#8243; _module_preset=&#8221;default&#8221; global_colors_info=&#8221;{}&#8221;][et_pb_column type=&#8221;4_4&#8243; _builder_version=&#8221;4.24.3&#8243; _module_preset=&#8221;default&#8221; global_colors_info=&#8221;{}&#8221;][et_pb_text admin_label=&#8221;Delivery and assembly&#8221; _builder_version=&#8221;4.24.3&#8243; _module_preset=&#8221;default&#8221; global_colors_info=&#8221;{}&#8221;]<\/p>\n<h1>Toimitus ja kokoaminen<\/h1>\n<p>[\/et_pb_text][\/et_pb_column][\/et_pb_row][\/et_pb_section][et_pb_section fb_built=&#8221;1&#8243; module_class=&#8221;content&#8211;section bg&#8211;clear&#8221; _builder_version=&#8221;4.24.3&#8243; _module_preset=&#8221;default&#8221; global_colors_info=&#8221;{}&#8221;][et_pb_row column_structure=&#8221;1_2,1_2&#8243; make_equal=&#8221;on&#8221; module_class=&#8221;content&#8211;row&#8221; _builder_version=&#8221;4.24.3&#8243; _module_preset=&#8221;default&#8221; global_colors_info=&#8221;{}&#8221;][et_pb_column type=&#8221;1_2&#8243; module_class=&#8221;vertical-align-flex&#8221; _builder_version=&#8221;4.24.3&#8243; _module_preset=&#8221;default&#8221; global_colors_info=&#8221;{}&#8221;][et_pb_text admin_label=&#8221;From assembly to delivery&#8221; _builder_version=&#8221;4.24.3&#8243; _module_preset=&#8221;default&#8221; global_colors_info=&#8221;{}&#8221;]<\/p>\n<h2>Toimituksesta kokoamiseen<\/h2>\n<p>[\/et_pb_text][et_pb_text _builder_version=&#8221;4.25.1&#8243; _module_preset=&#8221;default&#8221; hover_enabled=&#8221;0&#8243; global_colors_info=&#8221;{}&#8221; sticky_enabled=&#8221;0&#8243;]Testattu laitteisto voidaan purkaa ja toimittaa asiakkaalle. Kattavien kokoamispalveluidemme osana kokenut asennustiimimme kokoonpanee ja testaa konelinjastot konepajallamme varmistaen, ett\u00e4 ne toimivat sovitusti. ( m\u00e4\u00e4r\u00e4np\u00e4\u00e4ss\u00e4ns\u00e4.)<\/p>\n<p>Huolehdimme siit\u00e4, ett\u00e4 jokainen komponentti on asennettu oikein ja ett\u00e4 koko j\u00e4rjestelm\u00e4 toimii saumattomasti. Lis\u00e4ksi tiimimme suorittaa perusteelliset toiminnalliset tarkastukset ja s\u00e4\u00e4d\u00f6t varmistaen, ett\u00e4 laitteisto t\u00e4ytt\u00e4\u00e4 kaikki suorituskykystandardit.<\/p>\n<p>T\u00e4ll\u00e4 varmistetaan, ett\u00e4 asiakkaamme saavat paitsi korkealaatuisia tuotteita my\u00f6s luotettavaa ja tehokasta palvelua alusta loppuun.[\/et_pb_text][et_pb_button button_url=&#8221;https:\/\/turula.fi\/fi\/yhteystiedot\/&#8221; button_text=&#8221;Ota yhteytt\u00e4&#8221; _builder_version=&#8221;4.24.3&#8243; _module_preset=&#8221;default&#8221; global_colors_info=&#8221;{}&#8221;][\/et_pb_button][\/et_pb_column][et_pb_column type=&#8221;1_2&#8243; module_class=&#8221;vertical-align-flex&#8221; _builder_version=&#8221;4.24.3&#8243; _module_preset=&#8221;default&#8221; global_colors_info=&#8221;{}&#8221;][et_pb_image src=&#8221;https:\/\/turula.fi\/wp-content\/uploads\/2024\/07\/DSC01051-scaled-e1721980207489.jpg&#8221; alt=&#8221;Toimituksesta kokoamiseenTurula-Engineering &#8211; Toimitus ja kokoaminen &#8211; From assembly to delivery&#8221; title_text=&#8221;DSC01051&#8243; _builder_version=&#8221;4.25.1&#8243; _module_preset=&#8221;default&#8221; global_colors_info=&#8221;{}&#8221;][\/et_pb_image][\/et_pb_column][\/et_pb_row][\/et_pb_section][et_pb_section fb_built=&#8221;1&#8243; module_class=&#8221;content&#8211;section bg&#8211;quintary with&#8211;divider&#8211;top&#8221; _builder_version=&#8221;4.24.3&#8243; _module_preset=&#8221;default&#8221; top_divider_style=&#8221;asymmetric&#8221; top_divider_color=&#8221;#ffffff&#8221; top_divider_flip=&#8221;horizontal|vertical&#8221; global_colors_info=&#8221;{}&#8221;][et_pb_row make_equal=&#8221;on&#8221; module_class=&#8221;content&#8211;row&#8221; _builder_version=&#8221;4.24.3&#8243; _module_preset=&#8221;default&#8221; global_colors_info=&#8221;{}&#8221;][et_pb_column type=&#8221;4_4&#8243; module_class=&#8221;vertical-align-flex&#8221; _builder_version=&#8221;4.24.3&#8243; _module_preset=&#8221;default&#8221; global_colors_info=&#8221;{}&#8221;][et_pb_text admin_label=&#8221;Professional assembly services&#8221; _builder_version=&#8221;4.24.3&#8243; _module_preset=&#8221;default&#8221; global_colors_info=&#8221;{}&#8221;]<\/p>\n<h3>Ammattimaiset kokoamispalvelut<\/h3>\n<p>[\/et_pb_text][et_pb_text _builder_version=&#8221;4.25.1&#8243; _module_preset=&#8221;default&#8221; global_colors_info=&#8221;{}&#8221;]Tarjoamme kokoonpanopalveluja, joissa ammattitaitoinen asennusryhm\u00e4mme kokoaa laitteet asiakkaan kohteessa ja varmistaa, ett\u00e4 ne toimivat sovitulla tavalla. T\u00e4m\u00e4 palvelu on osa laajempaa palveluvalikoimaamme, johon kuuluvat suunnittelu, tuotanto, toimitus, testaus ja projektinhallinta.<\/p>\n<p>Tarjoamalla kattavia elektronisten laitteiden kokoamispalveluita varmistamme laitteiden oikean asennuksen ja t\u00e4yden toiminnallisuuden asiakkaan tiloissa \u2013 ja samalla helpotamme saumatonta siirtymist\u00e4 tuotannosta operatiiviseen k\u00e4ytt\u00f6\u00f6n. Tiimimme k\u00e4sittelee huolellisesti jokaisen kokoamisprosessin vaiheen ja varmistaa, ett\u00e4 jokainen komponentti on oikein sijoitettu ja tiukasti kiinnitetty. Suoritamme my\u00f6s perusteelliset toiminnalliset tarkastukset varmistaaksemme, ett\u00e4 laitteisto t\u00e4ytt\u00e4\u00e4 kaikki suorituskykystandardit ja toimii tehokkaasti.<\/p>\n<p>Tarkka yksityiskohtien havainnointimme auttaa ehk\u00e4isem\u00e4\u00e4n mahdollisia ongelmia ja minimoimaan k\u00e4ytt\u00f6katkoksia, jotta asiakkaamme voivat nopeasti integroida laitteiston toimintaansa. Kokoonpanon lis\u00e4ksi tarjoamme kattavaa tukea alusta loppuun alkukonsultaatiosta ja suunnittelusta aina asennuksen j\u00e4lkeiseen yll\u00e4pitoon ja vianm\u00e4\u00e4ritykseen asti. T\u00e4m\u00e4 kokonaisvaltainen l\u00e4hestymistapa varmistaa, ett\u00e4 asiakkaamme saavat korkealaatuisia tuotteita ja luotettavaa palvelua r\u00e4\u00e4t\u00e4l\u00f6ityn\u00e4 heid\u00e4n erityistarpeisiinsa.<\/p>\n<p>Valitsemalla elektronisten laitteiden kokoamispalvelumme asiakkaat hy\u00f6tyv\u00e4t asiantuntemuksestamme, sitoutumisestamme ja omistautumisestamme toimittaa ratkaisuja, jotka parantavat heid\u00e4n operatiivista tehokkuuttaan ja tuottavuuttaan.[\/et_pb_text][et_pb_button button_url=&#8221;https:\/\/turula.fi\/fi\/yhteystiedot\/&#8221; button_text=&#8221;Ota yhteytt\u00e4&#8221; _builder_version=&#8221;4.24.3&#8243; _module_preset=&#8221;default&#8221; global_colors_info=&#8221;{}&#8221;][\/et_pb_button][\/et_pb_column][\/et_pb_row][\/et_pb_section]<\/p>\n","protected":false},"excerpt":{"rendered":"<p>Toimitus ja kokoaminenToimituksesta kokoamiseenTestattu laitteisto voidaan purkaa ja toimittaa asiakkaalle. Kattavien kokoamispalveluidemme osana kokenut asennustiimimme kokoonpanee ja testaa konelinjastot konepajallamme varmistaen, ett\u00e4 ne toimivat sovitusti. ( m\u00e4\u00e4r\u00e4np\u00e4\u00e4ss\u00e4ns\u00e4.) Huolehdimme siit\u00e4, ett\u00e4 jokainen komponentti on asennettu oikein ja ett\u00e4 koko j\u00e4rjestelm\u00e4 toimii saumattomasti. Lis\u00e4ksi tiimimme suorittaa perusteelliset toiminnalliset tarkastukset ja s\u00e4\u00e4d\u00f6t varmistaen, ett\u00e4 laitteisto t\u00e4ytt\u00e4\u00e4 kaikki suorituskykystandardit. [&hellip;]<\/p>\n","protected":false},"author":1,"featured_media":0,"parent":0,"menu_order":0,"comment_status":"closed","ping_status":"closed","template":"","meta":{"_et_pb_use_builder":"on","_et_pb_old_content":"","_et_gb_content_width":"","footnotes":""},"class_list":["post-983","page","type-page","status-publish","hentry"],"yoast_head":"<!-- This site is optimized with the Yoast SEO plugin v26.9 - https:\/\/yoast.com\/product\/yoast-seo-wordpress\/ -->\n<title>Toimitus ja kokoaminen - Turula Engineering<\/title>\n<meta name=\"description\" content=\"Turula Engineering | Kattavien kokoamispalveluidemme osana kokenut asennustiimimme kokoaa automaattiset kokoonpanoj\u00e4rjestelm\u00e4t m\u00e4\u00e4r\u00e4np\u00e4\u00e4ss\u00e4 ja varmistaa, ett\u00e4 ne toimivat sovitusti \u2013 Kokoaminen\" \/>\n<meta name=\"robots\" content=\"index, follow, max-snippet:-1, max-image-preview:large, max-video-preview:-1\" \/>\n<link rel=\"canonical\" href=\"https:\/\/turula.fi\/fi\/kokoaminen\/\" \/>\n<meta property=\"og:locale\" content=\"fi_FI\" \/>\n<meta property=\"og:type\" content=\"article\" \/>\n<meta property=\"og:title\" content=\"Toimitus ja kokoaminen - Turula Engineering\" \/>\n<meta property=\"og:description\" content=\"Turula Engineering | Kattavien kokoamispalveluidemme osana kokenut asennustiimimme kokoaa automaattiset kokoonpanoj\u00e4rjestelm\u00e4t m\u00e4\u00e4r\u00e4np\u00e4\u00e4ss\u00e4 ja varmistaa, ett\u00e4 ne toimivat sovitusti \u2013 Kokoaminen\" \/>\n<meta property=\"og:url\" content=\"https:\/\/turula.fi\/fi\/kokoaminen\/\" \/>\n<meta property=\"og:site_name\" content=\"Turula Engineering\" \/>\n<meta property=\"article:modified_time\" content=\"2024-08-08T10:54:22+00:00\" \/>\n<meta name=\"twitter:card\" content=\"summary_large_image\" \/>\n<meta name=\"twitter:label1\" content=\"Arvioitu lukuaika\" \/>\n\t<meta name=\"twitter:data1\" content=\"2 minuuttia\" \/>\n<script type=\"application\/ld+json\" class=\"yoast-schema-graph\">{\"@context\":\"https:\/\/schema.org\",\"@graph\":[{\"@type\":\"WebPage\",\"@id\":\"https:\/\/turula.fi\/fi\/kokoaminen\/\",\"url\":\"https:\/\/turula.fi\/fi\/kokoaminen\/\",\"name\":\"Toimitus ja kokoaminen - Turula Engineering\",\"isPartOf\":{\"@id\":\"https:\/\/turula.fi\/fi\/#website\"},\"datePublished\":\"2024-05-15T10:12:10+00:00\",\"dateModified\":\"2024-08-08T10:54:22+00:00\",\"description\":\"Turula Engineering | Kattavien kokoamispalveluidemme osana kokenut asennustiimimme kokoaa automaattiset kokoonpanoj\u00e4rjestelm\u00e4t m\u00e4\u00e4r\u00e4np\u00e4\u00e4ss\u00e4 ja varmistaa, ett\u00e4 ne toimivat sovitusti \u2013 Kokoaminen\",\"breadcrumb\":{\"@id\":\"https:\/\/turula.fi\/fi\/kokoaminen\/#breadcrumb\"},\"inLanguage\":\"fi\",\"potentialAction\":[{\"@type\":\"ReadAction\",\"target\":[\"https:\/\/turula.fi\/fi\/kokoaminen\/\"]}]},{\"@type\":\"BreadcrumbList\",\"@id\":\"https:\/\/turula.fi\/fi\/kokoaminen\/#breadcrumb\",\"itemListElement\":[{\"@type\":\"ListItem\",\"position\":1,\"name\":\"Home\",\"item\":\"https:\/\/turula.fi\/fi\/\"},{\"@type\":\"ListItem\",\"position\":2,\"name\":\"Kokoaminen\"}]},{\"@type\":\"WebSite\",\"@id\":\"https:\/\/turula.fi\/fi\/#website\",\"url\":\"https:\/\/turula.fi\/fi\/\",\"name\":\"Turula Engineering\",\"description\":\"\",\"potentialAction\":[{\"@type\":\"SearchAction\",\"target\":{\"@type\":\"EntryPoint\",\"urlTemplate\":\"https:\/\/turula.fi\/fi\/?s={search_term_string}\"},\"query-input\":{\"@type\":\"PropertyValueSpecification\",\"valueRequired\":true,\"valueName\":\"search_term_string\"}}],\"inLanguage\":\"fi\"}]}<\/script>\n<!-- \/ Yoast SEO plugin. -->","yoast_head_json":{"title":"Toimitus ja kokoaminen - Turula Engineering","description":"Turula Engineering | Kattavien kokoamispalveluidemme osana kokenut asennustiimimme kokoaa automaattiset kokoonpanoj\u00e4rjestelm\u00e4t m\u00e4\u00e4r\u00e4np\u00e4\u00e4ss\u00e4 ja varmistaa, ett\u00e4 ne toimivat sovitusti \u2013 Kokoaminen","robots":{"index":"index","follow":"follow","max-snippet":"max-snippet:-1","max-image-preview":"max-image-preview:large","max-video-preview":"max-video-preview:-1"},"canonical":"https:\/\/turula.fi\/fi\/kokoaminen\/","og_locale":"fi_FI","og_type":"article","og_title":"Toimitus ja kokoaminen - Turula Engineering","og_description":"Turula Engineering | Kattavien kokoamispalveluidemme osana kokenut asennustiimimme kokoaa automaattiset kokoonpanoj\u00e4rjestelm\u00e4t m\u00e4\u00e4r\u00e4np\u00e4\u00e4ss\u00e4 ja varmistaa, ett\u00e4 ne toimivat sovitusti \u2013 Kokoaminen","og_url":"https:\/\/turula.fi\/fi\/kokoaminen\/","og_site_name":"Turula Engineering","article_modified_time":"2024-08-08T10:54:22+00:00","twitter_card":"summary_large_image","twitter_misc":{"Arvioitu lukuaika":"2 minuuttia"},"schema":{"@context":"https:\/\/schema.org","@graph":[{"@type":"WebPage","@id":"https:\/\/turula.fi\/fi\/kokoaminen\/","url":"https:\/\/turula.fi\/fi\/kokoaminen\/","name":"Toimitus ja kokoaminen - Turula Engineering","isPartOf":{"@id":"https:\/\/turula.fi\/fi\/#website"},"datePublished":"2024-05-15T10:12:10+00:00","dateModified":"2024-08-08T10:54:22+00:00","description":"Turula Engineering | Kattavien kokoamispalveluidemme osana kokenut asennustiimimme kokoaa automaattiset kokoonpanoj\u00e4rjestelm\u00e4t m\u00e4\u00e4r\u00e4np\u00e4\u00e4ss\u00e4 ja varmistaa, ett\u00e4 ne toimivat sovitusti \u2013 Kokoaminen","breadcrumb":{"@id":"https:\/\/turula.fi\/fi\/kokoaminen\/#breadcrumb"},"inLanguage":"fi","potentialAction":[{"@type":"ReadAction","target":["https:\/\/turula.fi\/fi\/kokoaminen\/"]}]},{"@type":"BreadcrumbList","@id":"https:\/\/turula.fi\/fi\/kokoaminen\/#breadcrumb","itemListElement":[{"@type":"ListItem","position":1,"name":"Home","item":"https:\/\/turula.fi\/fi\/"},{"@type":"ListItem","position":2,"name":"Kokoaminen"}]},{"@type":"WebSite","@id":"https:\/\/turula.fi\/fi\/#website","url":"https:\/\/turula.fi\/fi\/","name":"Turula Engineering","description":"","potentialAction":[{"@type":"SearchAction","target":{"@type":"EntryPoint","urlTemplate":"https:\/\/turula.fi\/fi\/?s={search_term_string}"},"query-input":{"@type":"PropertyValueSpecification","valueRequired":true,"valueName":"search_term_string"}}],"inLanguage":"fi"}]}},"_links":{"self":[{"href":"https:\/\/turula.fi\/fi\/wp-json\/wp\/v2\/pages\/983","targetHints":{"allow":["GET"]}}],"collection":[{"href":"https:\/\/turula.fi\/fi\/wp-json\/wp\/v2\/pages"}],"about":[{"href":"https:\/\/turula.fi\/fi\/wp-json\/wp\/v2\/types\/page"}],"author":[{"embeddable":true,"href":"https:\/\/turula.fi\/fi\/wp-json\/wp\/v2\/users\/1"}],"replies":[{"embeddable":true,"href":"https:\/\/turula.fi\/fi\/wp-json\/wp\/v2\/comments?post=983"}],"version-history":[{"count":5,"href":"https:\/\/turula.fi\/fi\/wp-json\/wp\/v2\/pages\/983\/revisions"}],"predecessor-version":[{"id":1622,"href":"https:\/\/turula.fi\/fi\/wp-json\/wp\/v2\/pages\/983\/revisions\/1622"}],"wp:attachment":[{"href":"https:\/\/turula.fi\/fi\/wp-json\/wp\/v2\/media?parent=983"}],"curies":[{"name":"wp","href":"https:\/\/api.w.org\/{rel}","templated":true}]}}