{"id":986,"date":"2024-05-31T11:58:57","date_gmt":"2024-05-31T11:58:57","guid":{"rendered":"https:\/\/turula.fi\/hydraulinen-kokoaminen\/"},"modified":"2024-08-02T05:46:19","modified_gmt":"2024-08-02T05:46:19","slug":"hydraulinen-kokoaminen","status":"publish","type":"page","link":"https:\/\/turula.fi\/fi\/hydraulinen-kokoaminen\/","title":{"rendered":"Hydraulinen kokoaminen"},"content":{"rendered":"<p>[et_pb_section fb_built=&#8221;1&#8243; module_class=&#8221;hero&#8211;section header&#8211;section&#8221; _builder_version=&#8221;4.25.1&#8243; _module_preset=&#8221;default&#8221; use_background_color_gradient=&#8221;on&#8221; background_color_gradient_stops=&#8221;rgba(40,40,40,0.85) 0%|rgba(40,40,40,0.85) 100%&#8221; background_color_gradient_overlays_image=&#8221;on&#8221; background_image=&#8221;https:\/\/turula.fi\/wp-content\/uploads\/2024\/07\/Turula-Engineering-Web-Kuvat-7-1.jpg&#8221; bottom_divider_style=&#8221;asymmetric&#8221; bottom_divider_color=&#8221;#FFFFFF&#8221; global_colors_info=&#8221;{}&#8221;][et_pb_row module_class=&#8221;hero&#8211;row&#8221; _builder_version=&#8221;4.24.3&#8243; _module_preset=&#8221;default&#8221; global_colors_info=&#8221;{}&#8221;][et_pb_column type=&#8221;4_4&#8243; _builder_version=&#8221;4.24.3&#8243; _module_preset=&#8221;default&#8221; global_colors_info=&#8221;{}&#8221;][et_pb_text admin_label=&#8221;Hydraulic Assembly&#8221; _builder_version=&#8221;4.24.3&#8243; _module_preset=&#8221;default&#8221; global_colors_info=&#8221;{}&#8221;]<\/p>\n<h1>Hydraulinen <span>kokoaminen<\/span><\/h1>\n<p>[\/et_pb_text][\/et_pb_column][\/et_pb_row][\/et_pb_section][et_pb_section fb_built=&#8221;1&#8243; module_class=&#8221;content&#8211;section bg&#8211;clear&#8221; _builder_version=&#8221;4.24.3&#8243; _module_preset=&#8221;default&#8221; global_colors_info=&#8221;{}&#8221;][et_pb_row column_structure=&#8221;1_2,1_2&#8243; make_equal=&#8221;on&#8221; module_class=&#8221;content&#8211;row&#8221; _builder_version=&#8221;4.24.3&#8243; _module_preset=&#8221;default&#8221; global_colors_info=&#8221;{}&#8221;][et_pb_column type=&#8221;1_2&#8243; module_class=&#8221;vertical-align-flex&#8221; _builder_version=&#8221;4.24.3&#8243; _module_preset=&#8221;default&#8221; global_colors_info=&#8221;{}&#8221;][et_pb_text admin_label=&#8221;Experienced Hydraulic Assembly Services&#8221; _builder_version=&#8221;4.24.3&#8243; _module_preset=&#8221;default&#8221; global_colors_info=&#8221;{}&#8221;]<\/p>\n<h2>Hydrauliset kokoonpanot pitk\u00e4ll\u00e4 kokemuksella<\/h2>\n<p>[\/et_pb_text][et_pb_text _builder_version=&#8221;4.24.3&#8243; _module_preset=&#8221;default&#8221; global_colors_info=&#8221;{}&#8221;]Kokeneet teknikkomme ovat taitavia k\u00e4sittelem\u00e4\u00e4n laajaa valikoimaa hydraulisia komponentteja varmistaen samalla saumattoman integroinnin ja optimaalisen toimivuuden. Teemme tiivist\u00e4 yhteisty\u00f6t\u00e4 kanssasi ymm\u00e4rt\u00e4\u00e4ksemme asiakkaidemme tarkat vaatimukset ja toimitamme r\u00e4\u00e4t\u00e4l\u00f6ityj\u00e4 ratkaisuja, jotka parantavat laitteistojen suorituskyky\u00e4 ja kest\u00e4vyytt\u00e4.[\/et_pb_text][et_pb_button button_url=&#8221;https:\/\/turula.fi\/fi\/yhteystiedot\/&#8221; button_text=&#8221;Ota yhteytt\u00e4&#8221; _builder_version=&#8221;4.24.3&#8243; _module_preset=&#8221;default&#8221; global_colors_info=&#8221;{}&#8221;][\/et_pb_button][\/et_pb_column][et_pb_column type=&#8221;1_2&#8243; module_class=&#8221;vertical-align-flex&#8221; _builder_version=&#8221;4.24.3&#8243; _module_preset=&#8221;default&#8221; global_colors_info=&#8221;{}&#8221;][et_pb_image src=&#8221;https:\/\/turula.fi\/wp-content\/uploads\/2024\/07\/DSC01051-scaled-e1721980207489.jpg&#8221; alt=&#8221;Turula-Engineering &#8211; Hydrauliset kokoonpanot pitk\u00e4ll\u00e4 kokemuksella&#8221; title_text=&#8221;DSC01051&#8243; _builder_version=&#8221;4.25.1&#8243; _module_preset=&#8221;default&#8221; global_colors_info=&#8221;{}&#8221;][\/et_pb_image][\/et_pb_column][\/et_pb_row][\/et_pb_section][et_pb_section fb_built=&#8221;1&#8243; module_class=&#8221;content&#8211;section bg&#8211;quintary with&#8211;divider&#8211;top&#8221; _builder_version=&#8221;4.24.3&#8243; _module_preset=&#8221;default&#8221; top_divider_style=&#8221;asymmetric&#8221; top_divider_color=&#8221;#ffffff&#8221; top_divider_flip=&#8221;horizontal|vertical&#8221; global_colors_info=&#8221;{}&#8221;][et_pb_row make_equal=&#8221;on&#8221; module_class=&#8221;content&#8211;row&#8221; _builder_version=&#8221;4.24.3&#8243; _module_preset=&#8221;default&#8221; global_colors_info=&#8221;{}&#8221;][et_pb_column type=&#8221;4_4&#8243; module_class=&#8221;vertical-align-flex&#8221; _builder_version=&#8221;4.24.3&#8243; _module_preset=&#8221;default&#8221; global_colors_info=&#8221;{}&#8221;][et_pb_text admin_label=&#8221;Turula Hydraulic Assembly&#8221; _builder_version=&#8221;4.24.3&#8243; _module_preset=&#8221;default&#8221; global_colors_info=&#8221;{}&#8221;]<\/p>\n<h3>Turula hydrauliset kokoonpanot<\/h3>\n<p>[\/et_pb_text][et_pb_text _builder_version=&#8221;4.24.3&#8243; _module_preset=&#8221;default&#8221; global_colors_info=&#8221;{}&#8221;]<\/p>\n<p>Tarkkuuteen ja luotettavuuteen sitoutunut asiantuntijatiimimme erikoistuu monimutkaisten hydraulisten j\u00e4rjestelmien kokoamiseen, jotka t\u00e4ytt\u00e4v\u00e4t korkeat suorituskyvyn ja kest\u00e4vyyden standardit.<\/p>\n<p>Turulassa hy\u00f6dynn\u00e4mme viimeisint\u00e4 teknologiaa ja innovatiivisia tekniikoita varmistaaksemme, ett\u00e4 jokainen hydraulisten kokoonpanojen projekti toteutetaan virheett\u00f6m\u00e4sti. Aina alkusuunnittelusta lopulliseen asennukseen saakka palvelumme kattavat jokaisen hydrauliikan kokoonpanon osa-alueen. Tarjoamme kokonaisvaltaisia ratkaisuja, jotka tehostavat laitteistosi ja toimintosi tehokkuutta. Laadukkuudelle, aikataulujen noudattamiselle ja asiakaspalvelulle omistautumisemme varmistaa saumattoman kokemuksen alusta loppuun.<\/p>\n<p>[\/et_pb_text][et_pb_button button_url=&#8221;https:\/\/turula.fi\/fi\/yhteystiedot\/&#8221; button_text=&#8221;Ota yhteytt\u00e4&#8221; _builder_version=&#8221;4.24.3&#8243; _module_preset=&#8221;default&#8221; global_colors_info=&#8221;{}&#8221;][\/et_pb_button][\/et_pb_column][\/et_pb_row][\/et_pb_section]<\/p>\n","protected":false},"excerpt":{"rendered":"<p>Hydraulinen kokoaminenHydrauliset kokoonpanot pitk\u00e4ll\u00e4 kokemuksellaKokeneet teknikkomme ovat taitavia k\u00e4sittelem\u00e4\u00e4n laajaa valikoimaa hydraulisia komponentteja varmistaen samalla saumattoman integroinnin ja optimaalisen toimivuuden. Teemme tiivist\u00e4 yhteisty\u00f6t\u00e4 kanssasi ymm\u00e4rt\u00e4\u00e4ksemme asiakkaidemme tarkat vaatimukset ja toimitamme r\u00e4\u00e4t\u00e4l\u00f6ityj\u00e4 ratkaisuja, jotka parantavat laitteistojen suorituskyky\u00e4 ja kest\u00e4vyytt\u00e4.Turula hydrauliset kokoonpanotTarkkuuteen ja luotettavuuteen sitoutunut asiantuntijatiimimme erikoistuu monimutkaisten hydraulisten j\u00e4rjestelmien kokoamiseen, jotka t\u00e4ytt\u00e4v\u00e4t korkeat suorituskyvyn ja kest\u00e4vyyden [&hellip;]<\/p>\n","protected":false},"author":1,"featured_media":0,"parent":0,"menu_order":0,"comment_status":"closed","ping_status":"closed","template":"","meta":{"_et_pb_use_builder":"on","_et_pb_old_content":"","_et_gb_content_width":"","footnotes":""},"class_list":["post-986","page","type-page","status-publish","hentry"],"yoast_head":"<!-- This site is optimized with the Yoast SEO plugin v26.9 - https:\/\/yoast.com\/product\/yoast-seo-wordpress\/ -->\n<title>Hydraulinen kokoaminen - Turula Engineering<\/title>\n<meta name=\"description\" content=\"Kokeneet hydrauliikkakokoonpanopalvelut Turula Engineeringilt\u00e4. Ammattitaitoiset teknikkomme varmistavat laitteidesi optimaalisen toiminnan ja pitk\u00e4n k\u00e4ytt\u00f6i\u00e4n tarkalla ja luotettavalla hydraulij\u00e4rjestelmien kokoonpanolla. Suunnittelusta asennukseen toimitamme kest\u00e4vi\u00e4, r\u00e4\u00e4t\u00e4l\u00f6ityj\u00e4 ratkaisuja, jotka parantavat koneesi tehokkuutta. Luota Turulan laatuun, ajallaan tapahtuvaan toimitukseen ja poikkeukselliseen asiakaspalveluun.\" \/>\n<meta name=\"robots\" content=\"index, follow, max-snippet:-1, max-image-preview:large, max-video-preview:-1\" \/>\n<link rel=\"canonical\" href=\"https:\/\/turula.fi\/fi\/hydraulinen-kokoaminen\/\" \/>\n<meta property=\"og:locale\" content=\"fi_FI\" \/>\n<meta property=\"og:type\" content=\"article\" \/>\n<meta property=\"og:title\" content=\"Hydraulinen kokoaminen - Turula Engineering\" \/>\n<meta property=\"og:description\" content=\"Kokeneet hydrauliikkakokoonpanopalvelut Turula Engineeringilt\u00e4. Ammattitaitoiset teknikkomme varmistavat laitteidesi optimaalisen toiminnan ja pitk\u00e4n k\u00e4ytt\u00f6i\u00e4n tarkalla ja luotettavalla hydraulij\u00e4rjestelmien kokoonpanolla. Suunnittelusta asennukseen toimitamme kest\u00e4vi\u00e4, r\u00e4\u00e4t\u00e4l\u00f6ityj\u00e4 ratkaisuja, jotka parantavat koneesi tehokkuutta. Luota Turulan laatuun, ajallaan tapahtuvaan toimitukseen ja poikkeukselliseen asiakaspalveluun.\" \/>\n<meta property=\"og:url\" content=\"https:\/\/turula.fi\/fi\/hydraulinen-kokoaminen\/\" \/>\n<meta property=\"og:site_name\" content=\"Turula Engineering\" \/>\n<meta property=\"article:modified_time\" content=\"2024-08-02T05:46:19+00:00\" \/>\n<meta name=\"twitter:card\" content=\"summary_large_image\" \/>\n<meta name=\"twitter:label1\" content=\"Arvioitu lukuaika\" \/>\n\t<meta name=\"twitter:data1\" content=\"3 minuuttia\" \/>\n<script type=\"application\/ld+json\" class=\"yoast-schema-graph\">{\"@context\":\"https:\/\/schema.org\",\"@graph\":[{\"@type\":\"WebPage\",\"@id\":\"https:\/\/turula.fi\/fi\/hydraulinen-kokoaminen\/\",\"url\":\"https:\/\/turula.fi\/fi\/hydraulinen-kokoaminen\/\",\"name\":\"Hydraulinen kokoaminen - Turula Engineering\",\"isPartOf\":{\"@id\":\"https:\/\/turula.fi\/fi\/#website\"},\"datePublished\":\"2024-05-31T11:58:57+00:00\",\"dateModified\":\"2024-08-02T05:46:19+00:00\",\"description\":\"Kokeneet hydrauliikkakokoonpanopalvelut Turula Engineeringilt\u00e4. Ammattitaitoiset teknikkomme varmistavat laitteidesi optimaalisen toiminnan ja pitk\u00e4n k\u00e4ytt\u00f6i\u00e4n tarkalla ja luotettavalla hydraulij\u00e4rjestelmien kokoonpanolla. Suunnittelusta asennukseen toimitamme kest\u00e4vi\u00e4, r\u00e4\u00e4t\u00e4l\u00f6ityj\u00e4 ratkaisuja, jotka parantavat koneesi tehokkuutta. Luota Turulan laatuun, ajallaan tapahtuvaan toimitukseen ja poikkeukselliseen asiakaspalveluun.\",\"breadcrumb\":{\"@id\":\"https:\/\/turula.fi\/fi\/hydraulinen-kokoaminen\/#breadcrumb\"},\"inLanguage\":\"fi\",\"potentialAction\":[{\"@type\":\"ReadAction\",\"target\":[\"https:\/\/turula.fi\/fi\/hydraulinen-kokoaminen\/\"]}]},{\"@type\":\"BreadcrumbList\",\"@id\":\"https:\/\/turula.fi\/fi\/hydraulinen-kokoaminen\/#breadcrumb\",\"itemListElement\":[{\"@type\":\"ListItem\",\"position\":1,\"name\":\"Home\",\"item\":\"https:\/\/turula.fi\/fi\/\"},{\"@type\":\"ListItem\",\"position\":2,\"name\":\"Hydraulinen kokoaminen\"}]},{\"@type\":\"WebSite\",\"@id\":\"https:\/\/turula.fi\/fi\/#website\",\"url\":\"https:\/\/turula.fi\/fi\/\",\"name\":\"Turula Engineering\",\"description\":\"\",\"potentialAction\":[{\"@type\":\"SearchAction\",\"target\":{\"@type\":\"EntryPoint\",\"urlTemplate\":\"https:\/\/turula.fi\/fi\/?s={search_term_string}\"},\"query-input\":{\"@type\":\"PropertyValueSpecification\",\"valueRequired\":true,\"valueName\":\"search_term_string\"}}],\"inLanguage\":\"fi\"}]}<\/script>\n<!-- \/ Yoast SEO plugin. -->","yoast_head_json":{"title":"Hydraulinen kokoaminen - Turula Engineering","description":"Kokeneet hydrauliikkakokoonpanopalvelut Turula Engineeringilt\u00e4. Ammattitaitoiset teknikkomme varmistavat laitteidesi optimaalisen toiminnan ja pitk\u00e4n k\u00e4ytt\u00f6i\u00e4n tarkalla ja luotettavalla hydraulij\u00e4rjestelmien kokoonpanolla. Suunnittelusta asennukseen toimitamme kest\u00e4vi\u00e4, r\u00e4\u00e4t\u00e4l\u00f6ityj\u00e4 ratkaisuja, jotka parantavat koneesi tehokkuutta. Luota Turulan laatuun, ajallaan tapahtuvaan toimitukseen ja poikkeukselliseen asiakaspalveluun.","robots":{"index":"index","follow":"follow","max-snippet":"max-snippet:-1","max-image-preview":"max-image-preview:large","max-video-preview":"max-video-preview:-1"},"canonical":"https:\/\/turula.fi\/fi\/hydraulinen-kokoaminen\/","og_locale":"fi_FI","og_type":"article","og_title":"Hydraulinen kokoaminen - Turula Engineering","og_description":"Kokeneet hydrauliikkakokoonpanopalvelut Turula Engineeringilt\u00e4. Ammattitaitoiset teknikkomme varmistavat laitteidesi optimaalisen toiminnan ja pitk\u00e4n k\u00e4ytt\u00f6i\u00e4n tarkalla ja luotettavalla hydraulij\u00e4rjestelmien kokoonpanolla. Suunnittelusta asennukseen toimitamme kest\u00e4vi\u00e4, r\u00e4\u00e4t\u00e4l\u00f6ityj\u00e4 ratkaisuja, jotka parantavat koneesi tehokkuutta. Luota Turulan laatuun, ajallaan tapahtuvaan toimitukseen ja poikkeukselliseen asiakaspalveluun.","og_url":"https:\/\/turula.fi\/fi\/hydraulinen-kokoaminen\/","og_site_name":"Turula Engineering","article_modified_time":"2024-08-02T05:46:19+00:00","twitter_card":"summary_large_image","twitter_misc":{"Arvioitu lukuaika":"3 minuuttia"},"schema":{"@context":"https:\/\/schema.org","@graph":[{"@type":"WebPage","@id":"https:\/\/turula.fi\/fi\/hydraulinen-kokoaminen\/","url":"https:\/\/turula.fi\/fi\/hydraulinen-kokoaminen\/","name":"Hydraulinen kokoaminen - Turula Engineering","isPartOf":{"@id":"https:\/\/turula.fi\/fi\/#website"},"datePublished":"2024-05-31T11:58:57+00:00","dateModified":"2024-08-02T05:46:19+00:00","description":"Kokeneet hydrauliikkakokoonpanopalvelut Turula Engineeringilt\u00e4. Ammattitaitoiset teknikkomme varmistavat laitteidesi optimaalisen toiminnan ja pitk\u00e4n k\u00e4ytt\u00f6i\u00e4n tarkalla ja luotettavalla hydraulij\u00e4rjestelmien kokoonpanolla. Suunnittelusta asennukseen toimitamme kest\u00e4vi\u00e4, r\u00e4\u00e4t\u00e4l\u00f6ityj\u00e4 ratkaisuja, jotka parantavat koneesi tehokkuutta. Luota Turulan laatuun, ajallaan tapahtuvaan toimitukseen ja poikkeukselliseen asiakaspalveluun.","breadcrumb":{"@id":"https:\/\/turula.fi\/fi\/hydraulinen-kokoaminen\/#breadcrumb"},"inLanguage":"fi","potentialAction":[{"@type":"ReadAction","target":["https:\/\/turula.fi\/fi\/hydraulinen-kokoaminen\/"]}]},{"@type":"BreadcrumbList","@id":"https:\/\/turula.fi\/fi\/hydraulinen-kokoaminen\/#breadcrumb","itemListElement":[{"@type":"ListItem","position":1,"name":"Home","item":"https:\/\/turula.fi\/fi\/"},{"@type":"ListItem","position":2,"name":"Hydraulinen kokoaminen"}]},{"@type":"WebSite","@id":"https:\/\/turula.fi\/fi\/#website","url":"https:\/\/turula.fi\/fi\/","name":"Turula Engineering","description":"","potentialAction":[{"@type":"SearchAction","target":{"@type":"EntryPoint","urlTemplate":"https:\/\/turula.fi\/fi\/?s={search_term_string}"},"query-input":{"@type":"PropertyValueSpecification","valueRequired":true,"valueName":"search_term_string"}}],"inLanguage":"fi"}]}},"_links":{"self":[{"href":"https:\/\/turula.fi\/fi\/wp-json\/wp\/v2\/pages\/986","targetHints":{"allow":["GET"]}}],"collection":[{"href":"https:\/\/turula.fi\/fi\/wp-json\/wp\/v2\/pages"}],"about":[{"href":"https:\/\/turula.fi\/fi\/wp-json\/wp\/v2\/types\/page"}],"author":[{"embeddable":true,"href":"https:\/\/turula.fi\/fi\/wp-json\/wp\/v2\/users\/1"}],"replies":[{"embeddable":true,"href":"https:\/\/turula.fi\/fi\/wp-json\/wp\/v2\/comments?post=986"}],"version-history":[{"count":5,"href":"https:\/\/turula.fi\/fi\/wp-json\/wp\/v2\/pages\/986\/revisions"}],"predecessor-version":[{"id":1523,"href":"https:\/\/turula.fi\/fi\/wp-json\/wp\/v2\/pages\/986\/revisions\/1523"}],"wp:attachment":[{"href":"https:\/\/turula.fi\/fi\/wp-json\/wp\/v2\/media?parent=986"}],"curies":[{"name":"wp","href":"https:\/\/api.w.org\/{rel}","templated":true}]}}