{"id":992,"date":"2024-05-31T11:59:48","date_gmt":"2024-05-31T11:59:48","guid":{"rendered":"https:\/\/turula.fi\/mekaaninen-kokoaminen\/"},"modified":"2024-07-30T05:56:32","modified_gmt":"2024-07-30T05:56:32","slug":"mekaaninen-kokoaminen","status":"publish","type":"page","link":"https:\/\/turula.fi\/fi\/mekaaninen-kokoaminen\/","title":{"rendered":"Mekaaninen kokoaminen"},"content":{"rendered":"<p>[et_pb_section fb_built=&#8221;1&#8243; module_class=&#8221;hero&#8211;section header&#8211;section&#8221; _builder_version=&#8221;4.24.3&#8243; _module_preset=&#8221;default&#8221; use_background_color_gradient=&#8221;on&#8221; background_color_gradient_stops=&#8221;rgba(40,40,40,0.85) 0%|rgba(40,40,40,0.85) 100%&#8221; background_color_gradient_overlays_image=&#8221;on&#8221; background_image=&#8221;\/wp-content\/uploads\/2024\/04\/landing-page-header-placeholder.jpg&#8221; bottom_divider_style=&#8221;asymmetric&#8221; bottom_divider_color=&#8221;#FFFFFF&#8221; global_colors_info=&#8221;{}&#8221;][et_pb_row module_class=&#8221;hero&#8211;row&#8221; _builder_version=&#8221;4.24.3&#8243; _module_preset=&#8221;default&#8221; global_colors_info=&#8221;{}&#8221;][et_pb_column type=&#8221;4_4&#8243; _builder_version=&#8221;4.24.3&#8243; _module_preset=&#8221;default&#8221; global_colors_info=&#8221;{}&#8221;][et_pb_text admin_label=&#8221;Mechanical Assembly&#8221; _builder_version=&#8221;4.24.3&#8243; _module_preset=&#8221;default&#8221; global_colors_info=&#8221;{}&#8221;]<\/p>\n<h1>Mekaaninen <span>kokoaminen<\/span><\/h1>\n<p>[\/et_pb_text][\/et_pb_column][\/et_pb_row][\/et_pb_section][et_pb_section fb_built=&#8221;1&#8243; module_class=&#8221;content&#8211;section bg&#8211;clear&#8221; _builder_version=&#8221;4.24.3&#8243; _module_preset=&#8221;default&#8221; global_colors_info=&#8221;{}&#8221;][et_pb_row column_structure=&#8221;1_2,1_2&#8243; make_equal=&#8221;on&#8221; module_class=&#8221;content&#8211;row&#8221; _builder_version=&#8221;4.24.3&#8243; _module_preset=&#8221;default&#8221; global_colors_info=&#8221;{}&#8221;][et_pb_column type=&#8221;1_2&#8243; module_class=&#8221;vertical-align-flex&#8221; _builder_version=&#8221;4.24.3&#8243; _module_preset=&#8221;default&#8221; global_colors_info=&#8221;{}&#8221;][et_pb_text admin_label=&#8221;Experienced mechanical assembly services&#8221; _builder_version=&#8221;4.24.3&#8243; _module_preset=&#8221;default&#8221; global_colors_info=&#8221;{}&#8221;]<\/p>\n<h2>Mekaaniset kokoamispalvelut pitk\u00e4ll\u00e4 kokemuksella<\/h2>\n<p>[\/et_pb_text][et_pb_text _builder_version=&#8221;4.25.1&#8243; _module_preset=&#8221;default&#8221; global_colors_info=&#8221;{}&#8221;]Asiantunteva tiimimme loistaa monipuolisten mekaanisten komponenttien k\u00e4sittelyss\u00e4 ja varmistaa, ett\u00e4 jokainen projekti t\u00e4ytt\u00e4\u00e4 korkeimmat tarkkuuden ja toiminnallisuuden standardit. Hy\u00f6dynt\u00e4m\u00e4ll\u00e4 kehittyneit\u00e4 teknologioita ja huolellisia prosesseja tarjoamme ratkaisuja, jotka parantavat laitteistosi suorituskyky\u00e4 ja kest\u00e4vyytt\u00e4. <\/p>\n<p>Tarjoamme alkukonsultaatiosta lopulliseen kokoamiseen saakka kattavaa tukea varmistaaksemme saumattoman integraation ja optimaaliset tulokset. Sitoutumisemme laatuun, ajallaan toimitukseen ja tasokkaaseen asiakaspalveluun erottaa meid\u00e4t luotettavana yhteisty\u00f6kumppanina mekaanisessa kokoamisessa.[\/et_pb_text][et_pb_button button_url=&#8221;https:\/\/turula.fi\/fi\/yhteystiedot\/&#8221; button_text=&#8221;Ota yhteytt\u00e4&#8221; _builder_version=&#8221;4.24.3&#8243; _module_preset=&#8221;default&#8221; global_colors_info=&#8221;{}&#8221;][\/et_pb_button][\/et_pb_column][et_pb_column type=&#8221;1_2&#8243; module_class=&#8221;vertical-align-flex&#8221; _builder_version=&#8221;4.24.3&#8243; _module_preset=&#8221;default&#8221; global_colors_info=&#8221;{}&#8221;][et_pb_image src=&#8221;https:\/\/turula.fi\/wp-content\/uploads\/2024\/07\/DSC01051-scaled-e1721980207489.jpg&#8221; alt=&#8221;Turula-Engineering &#8211; Mekaaniset kokoamispalvelut pitk\u00e4ll\u00e4 kokemuksella&#8221; title_text=&#8221;DSC01051&#8243; _builder_version=&#8221;4.25.1&#8243; _module_preset=&#8221;default&#8221; global_colors_info=&#8221;{}&#8221;][\/et_pb_image][\/et_pb_column][\/et_pb_row][\/et_pb_section][et_pb_section fb_built=&#8221;1&#8243; module_class=&#8221;content&#8211;section bg&#8211;quintary with&#8211;divider&#8211;top&#8221; _builder_version=&#8221;4.24.3&#8243; _module_preset=&#8221;default&#8221; top_divider_style=&#8221;asymmetric&#8221; top_divider_color=&#8221;#ffffff&#8221; top_divider_flip=&#8221;horizontal|vertical&#8221; global_colors_info=&#8221;{}&#8221;][et_pb_row make_equal=&#8221;on&#8221; module_class=&#8221;content&#8211;row&#8221; _builder_version=&#8221;4.24.3&#8243; _module_preset=&#8221;default&#8221; global_colors_info=&#8221;{}&#8221;][et_pb_column type=&#8221;4_4&#8243; module_class=&#8221;vertical-align-flex&#8221; _builder_version=&#8221;4.24.3&#8243; _module_preset=&#8221;default&#8221; global_colors_info=&#8221;{}&#8221;][et_pb_text admin_label=&#8221;Professional Mechanical Assembly Services at Turula&#8221; _builder_version=&#8221;4.24.3&#8243; _module_preset=&#8221;default&#8221; hover_enabled=&#8221;0&#8243; global_colors_info=&#8221;{}&#8221; sticky_enabled=&#8221;0&#8243;]<\/p>\n<h3>Turula tarjoaa ammattimaisia mekaanisia kokoamispalveluita<\/h3>\n<p>[\/et_pb_text][et_pb_text _builder_version=&#8221;4.25.1&#8243; _module_preset=&#8221;default&#8221; hover_enabled=&#8221;0&#8243; global_colors_info=&#8221;{}&#8221; sticky_enabled=&#8221;0&#8243;]Toimitamme tarkkoja ja luotettavia kokoamisratkaisuja, jotka on r\u00e4\u00e4t\u00e4l\u00f6ity vastaamaan erilaisten teollisuudenalojen yritysten ainutlaatuisiin vaatimuksiin. Laitoksemme ja tekniikan asiantuntijamme varmistavat, ett\u00e4 jokainen projekti toteutetaan \u00e4\u00e4rimm\u00e4isen tarkasti ja huolellisesti. <\/p>\n<p>Turulassa k\u00e4sittelemme laajaa valikoimaa mekaanisia komponentteja pienist\u00e4 osista suuriin koneisiin, ja varmistamme samalla saumattoman integraation ja optimaalisen suorituskyvyn. Sitoutumisemme laadukkaaseen ty\u00f6n j\u00e4lkeen tarkoittaa, ett\u00e4 voit luottaa ammattitaitoomme mekaanisten j\u00e4rjestelmien kokoamisessa korkeimpien standardien mukaisesti. Hy\u00f6dynn\u00e4mme edistynytt\u00e4 teknologiaa ja innovatiivisia tekniikoita parantaaksemme laitteistosi tehokkuutta ja kest\u00e4vyytt\u00e4. Turulassa teet yhteisty\u00f6t\u00e4 tiimin kanssa, joka on omistautunut ymm\u00e4rt\u00e4m\u00e4\u00e4n tarkat vaatimuksesi ja tarjoamaan r\u00e4\u00e4t\u00e4l\u00f6ityj\u00e4 ratkaisuja, jotka viev\u00e4t yritystoimintaasi eteenp\u00e4in. <\/p>\n<p>Tarjoamme kattavaa tukea aina alkukonsultaatiosta lopulliseen kokoamiseen saakka. Painopisteemme ajallaan toimituksessa ja ensiluokkaisessa asiakaspalvelussa erottavat meid\u00e4t luotettavana toimijana mekaanisessa kokoamisessa. Ota yhteytt\u00e4 keskustellaksesi projektisi tarpeista \u2013 selvitt\u00e4mme, miten Turula voi tarjota t\u00e4ydellisen ratkaisun yrityksellesi. Anna meid\u00e4n auttaa sinua saavuttamaan huippuosaamista asiantuntevasti kootuilla mekaanisilla j\u00e4rjestelmill\u00e4, jotka t\u00e4ytt\u00e4v\u00e4t ja ylitt\u00e4v\u00e4t odotuksesi.[\/et_pb_text][et_pb_button button_url=&#8221;https:\/\/turula.fi\/fi\/yhteystiedot\/&#8221; button_text=&#8221;Ota yhteytt\u00e4&#8221; _builder_version=&#8221;4.24.3&#8243; _module_preset=&#8221;default&#8221; global_colors_info=&#8221;{}&#8221;][\/et_pb_button][\/et_pb_column][\/et_pb_row][\/et_pb_section]<\/p>\n","protected":false},"excerpt":{"rendered":"<p>Mekaaninen kokoaminenMekaaniset kokoamispalvelut pitk\u00e4ll\u00e4 kokemuksellaAsiantunteva tiimimme loistaa monipuolisten mekaanisten komponenttien k\u00e4sittelyss\u00e4 ja varmistaa, ett\u00e4 jokainen projekti t\u00e4ytt\u00e4\u00e4 korkeimmat tarkkuuden ja toiminnallisuuden standardit. Hy\u00f6dynt\u00e4m\u00e4ll\u00e4 kehittyneit\u00e4 teknologioita ja huolellisia prosesseja tarjoamme ratkaisuja, jotka parantavat laitteistosi suorituskyky\u00e4 ja kest\u00e4vyytt\u00e4. Tarjoamme alkukonsultaatiosta lopulliseen kokoamiseen saakka kattavaa tukea varmistaaksemme saumattoman integraation ja optimaaliset tulokset. Sitoutumisemme laatuun, ajallaan toimitukseen ja tasokkaaseen [&hellip;]<\/p>\n","protected":false},"author":1,"featured_media":0,"parent":0,"menu_order":0,"comment_status":"closed","ping_status":"closed","template":"","meta":{"_et_pb_use_builder":"on","_et_pb_old_content":"","_et_gb_content_width":"","footnotes":""},"class_list":["post-992","page","type-page","status-publish","hentry"],"yoast_head":"<!-- This site is optimized with the Yoast SEO plugin v26.9 - https:\/\/yoast.com\/product\/yoast-seo-wordpress\/ -->\n<title>Mekaaninen kokoaminen - Turula Engineering<\/title>\n<meta name=\"description\" content=\"Professional Mechanical Assembly by Turula Engineering.Turula Engineeringin ammattimainen mekaaninen kokoonpano. Asiantuntijatiimimme toimittaa tarkkoja ja luotettavia ratkaisuja kaikille mekaanisille komponenteille, varmistaen optimaalisen suorituskyvyn ja kest\u00e4vyyden. Konsultoinnista lopulliseen kokoonpanoon tarjoamme kattavaa tukea edistyneell\u00e4 tekniikalla ja huolellisilla prosesseilla. Luota Turulaan laadukkaaseen ammattitaitoon, ajallaan tapahtuvaan toimitukseen ja poikkeukselliseen asiakaspalveluun mekaanisessa kokoonpanossa.\" \/>\n<meta name=\"robots\" content=\"index, follow, max-snippet:-1, max-image-preview:large, max-video-preview:-1\" \/>\n<link rel=\"canonical\" href=\"https:\/\/turula.fi\/fi\/mekaaninen-kokoaminen\/\" \/>\n<meta property=\"og:locale\" content=\"fi_FI\" \/>\n<meta property=\"og:type\" content=\"article\" \/>\n<meta property=\"og:title\" content=\"Mekaaninen kokoaminen - Turula Engineering\" \/>\n<meta property=\"og:description\" content=\"Professional Mechanical Assembly by Turula Engineering.Turula Engineeringin ammattimainen mekaaninen kokoonpano. Asiantuntijatiimimme toimittaa tarkkoja ja luotettavia ratkaisuja kaikille mekaanisille komponenteille, varmistaen optimaalisen suorituskyvyn ja kest\u00e4vyyden. Konsultoinnista lopulliseen kokoonpanoon tarjoamme kattavaa tukea edistyneell\u00e4 tekniikalla ja huolellisilla prosesseilla. Luota Turulaan laadukkaaseen ammattitaitoon, ajallaan tapahtuvaan toimitukseen ja poikkeukselliseen asiakaspalveluun mekaanisessa kokoonpanossa.\" \/>\n<meta property=\"og:url\" content=\"https:\/\/turula.fi\/fi\/mekaaninen-kokoaminen\/\" \/>\n<meta property=\"og:site_name\" content=\"Turula Engineering\" \/>\n<meta property=\"article:modified_time\" content=\"2024-07-30T05:56:32+00:00\" \/>\n<meta name=\"twitter:card\" content=\"summary_large_image\" \/>\n<meta name=\"twitter:label1\" content=\"Arvioitu lukuaika\" \/>\n\t<meta name=\"twitter:data1\" content=\"2 minuuttia\" \/>\n<script type=\"application\/ld+json\" class=\"yoast-schema-graph\">{\"@context\":\"https:\/\/schema.org\",\"@graph\":[{\"@type\":\"WebPage\",\"@id\":\"https:\/\/turula.fi\/fi\/mekaaninen-kokoaminen\/\",\"url\":\"https:\/\/turula.fi\/fi\/mekaaninen-kokoaminen\/\",\"name\":\"Mekaaninen kokoaminen - Turula Engineering\",\"isPartOf\":{\"@id\":\"https:\/\/turula.fi\/fi\/#website\"},\"datePublished\":\"2024-05-31T11:59:48+00:00\",\"dateModified\":\"2024-07-30T05:56:32+00:00\",\"description\":\"Professional Mechanical Assembly by Turula Engineering.Turula Engineeringin ammattimainen mekaaninen kokoonpano. Asiantuntijatiimimme toimittaa tarkkoja ja luotettavia ratkaisuja kaikille mekaanisille komponenteille, varmistaen optimaalisen suorituskyvyn ja kest\u00e4vyyden. Konsultoinnista lopulliseen kokoonpanoon tarjoamme kattavaa tukea edistyneell\u00e4 tekniikalla ja huolellisilla prosesseilla. Luota Turulaan laadukkaaseen ammattitaitoon, ajallaan tapahtuvaan toimitukseen ja poikkeukselliseen asiakaspalveluun mekaanisessa kokoonpanossa.\",\"breadcrumb\":{\"@id\":\"https:\/\/turula.fi\/fi\/mekaaninen-kokoaminen\/#breadcrumb\"},\"inLanguage\":\"fi\",\"potentialAction\":[{\"@type\":\"ReadAction\",\"target\":[\"https:\/\/turula.fi\/fi\/mekaaninen-kokoaminen\/\"]}]},{\"@type\":\"BreadcrumbList\",\"@id\":\"https:\/\/turula.fi\/fi\/mekaaninen-kokoaminen\/#breadcrumb\",\"itemListElement\":[{\"@type\":\"ListItem\",\"position\":1,\"name\":\"Home\",\"item\":\"https:\/\/turula.fi\/fi\/\"},{\"@type\":\"ListItem\",\"position\":2,\"name\":\"Mekaaninen kokoaminen\"}]},{\"@type\":\"WebSite\",\"@id\":\"https:\/\/turula.fi\/fi\/#website\",\"url\":\"https:\/\/turula.fi\/fi\/\",\"name\":\"Turula Engineering\",\"description\":\"\",\"potentialAction\":[{\"@type\":\"SearchAction\",\"target\":{\"@type\":\"EntryPoint\",\"urlTemplate\":\"https:\/\/turula.fi\/fi\/?s={search_term_string}\"},\"query-input\":{\"@type\":\"PropertyValueSpecification\",\"valueRequired\":true,\"valueName\":\"search_term_string\"}}],\"inLanguage\":\"fi\"}]}<\/script>\n<!-- \/ Yoast SEO plugin. -->","yoast_head_json":{"title":"Mekaaninen kokoaminen - Turula Engineering","description":"Professional Mechanical Assembly by Turula Engineering.Turula Engineeringin ammattimainen mekaaninen kokoonpano. Asiantuntijatiimimme toimittaa tarkkoja ja luotettavia ratkaisuja kaikille mekaanisille komponenteille, varmistaen optimaalisen suorituskyvyn ja kest\u00e4vyyden. Konsultoinnista lopulliseen kokoonpanoon tarjoamme kattavaa tukea edistyneell\u00e4 tekniikalla ja huolellisilla prosesseilla. Luota Turulaan laadukkaaseen ammattitaitoon, ajallaan tapahtuvaan toimitukseen ja poikkeukselliseen asiakaspalveluun mekaanisessa kokoonpanossa.","robots":{"index":"index","follow":"follow","max-snippet":"max-snippet:-1","max-image-preview":"max-image-preview:large","max-video-preview":"max-video-preview:-1"},"canonical":"https:\/\/turula.fi\/fi\/mekaaninen-kokoaminen\/","og_locale":"fi_FI","og_type":"article","og_title":"Mekaaninen kokoaminen - Turula Engineering","og_description":"Professional Mechanical Assembly by Turula Engineering.Turula Engineeringin ammattimainen mekaaninen kokoonpano. Asiantuntijatiimimme toimittaa tarkkoja ja luotettavia ratkaisuja kaikille mekaanisille komponenteille, varmistaen optimaalisen suorituskyvyn ja kest\u00e4vyyden. Konsultoinnista lopulliseen kokoonpanoon tarjoamme kattavaa tukea edistyneell\u00e4 tekniikalla ja huolellisilla prosesseilla. Luota Turulaan laadukkaaseen ammattitaitoon, ajallaan tapahtuvaan toimitukseen ja poikkeukselliseen asiakaspalveluun mekaanisessa kokoonpanossa.","og_url":"https:\/\/turula.fi\/fi\/mekaaninen-kokoaminen\/","og_site_name":"Turula Engineering","article_modified_time":"2024-07-30T05:56:32+00:00","twitter_card":"summary_large_image","twitter_misc":{"Arvioitu lukuaika":"2 minuuttia"},"schema":{"@context":"https:\/\/schema.org","@graph":[{"@type":"WebPage","@id":"https:\/\/turula.fi\/fi\/mekaaninen-kokoaminen\/","url":"https:\/\/turula.fi\/fi\/mekaaninen-kokoaminen\/","name":"Mekaaninen kokoaminen - Turula Engineering","isPartOf":{"@id":"https:\/\/turula.fi\/fi\/#website"},"datePublished":"2024-05-31T11:59:48+00:00","dateModified":"2024-07-30T05:56:32+00:00","description":"Professional Mechanical Assembly by Turula Engineering.Turula Engineeringin ammattimainen mekaaninen kokoonpano. Asiantuntijatiimimme toimittaa tarkkoja ja luotettavia ratkaisuja kaikille mekaanisille komponenteille, varmistaen optimaalisen suorituskyvyn ja kest\u00e4vyyden. Konsultoinnista lopulliseen kokoonpanoon tarjoamme kattavaa tukea edistyneell\u00e4 tekniikalla ja huolellisilla prosesseilla. Luota Turulaan laadukkaaseen ammattitaitoon, ajallaan tapahtuvaan toimitukseen ja poikkeukselliseen asiakaspalveluun mekaanisessa kokoonpanossa.","breadcrumb":{"@id":"https:\/\/turula.fi\/fi\/mekaaninen-kokoaminen\/#breadcrumb"},"inLanguage":"fi","potentialAction":[{"@type":"ReadAction","target":["https:\/\/turula.fi\/fi\/mekaaninen-kokoaminen\/"]}]},{"@type":"BreadcrumbList","@id":"https:\/\/turula.fi\/fi\/mekaaninen-kokoaminen\/#breadcrumb","itemListElement":[{"@type":"ListItem","position":1,"name":"Home","item":"https:\/\/turula.fi\/fi\/"},{"@type":"ListItem","position":2,"name":"Mekaaninen kokoaminen"}]},{"@type":"WebSite","@id":"https:\/\/turula.fi\/fi\/#website","url":"https:\/\/turula.fi\/fi\/","name":"Turula Engineering","description":"","potentialAction":[{"@type":"SearchAction","target":{"@type":"EntryPoint","urlTemplate":"https:\/\/turula.fi\/fi\/?s={search_term_string}"},"query-input":{"@type":"PropertyValueSpecification","valueRequired":true,"valueName":"search_term_string"}}],"inLanguage":"fi"}]}},"_links":{"self":[{"href":"https:\/\/turula.fi\/fi\/wp-json\/wp\/v2\/pages\/992","targetHints":{"allow":["GET"]}}],"collection":[{"href":"https:\/\/turula.fi\/fi\/wp-json\/wp\/v2\/pages"}],"about":[{"href":"https:\/\/turula.fi\/fi\/wp-json\/wp\/v2\/types\/page"}],"author":[{"embeddable":true,"href":"https:\/\/turula.fi\/fi\/wp-json\/wp\/v2\/users\/1"}],"replies":[{"embeddable":true,"href":"https:\/\/turula.fi\/fi\/wp-json\/wp\/v2\/comments?post=992"}],"version-history":[{"count":4,"href":"https:\/\/turula.fi\/fi\/wp-json\/wp\/v2\/pages\/992\/revisions"}],"predecessor-version":[{"id":1496,"href":"https:\/\/turula.fi\/fi\/wp-json\/wp\/v2\/pages\/992\/revisions\/1496"}],"wp:attachment":[{"href":"https:\/\/turula.fi\/fi\/wp-json\/wp\/v2\/media?parent=992"}],"curies":[{"name":"wp","href":"https:\/\/api.w.org\/{rel}","templated":true}]}}